{"id":6840,"date":"2024-02-21T01:42:34","date_gmt":"2024-02-20T19:42:34","guid":{"rendered":"https:\/\/r2-toys.com\/?post_type=product&#038;p=6840"},"modified":"2024-02-21T01:46:01","modified_gmt":"2024-02-20T19:46:01","slug":"general-grievous-battle-f-346","status":"publish","type":"product","link":"https:\/\/r2-toys.com\/index.php\/product\/general-grievous-battle-f-346\/","title":{"rendered":"General Grievous Battle F 346"},"content":{"rendered":"<p>Brillante estratega militar separatista y un temido cazador de Jedi, conocido por su crueldad y tos seca. Su cuerpo en s\u00ed mismo era un arma, lo que le permit\u00eda golpes r\u00e1pidos y devastadores. Pero tambi\u00e9n se apresur\u00f3 a huir de una pelea, una t\u00e1ctica que funcion\u00f3 hasta un encuentro final con Obi-Wan Kenobi.<\/p>\n<p class=\"p1\">Desde 1977 la saga de Star Wars ha sido un movimiento revolucionario de la cultura pop generaci\u00f3n tras generaci\u00f3n, reclutando fans y seguidores, creando para ellos diversas producciones del amplio universo. Gracias a FunkoPop podemos tener incre\u00edbles figuras de tus personajes favoritos con incre\u00edbles dise\u00f1os.<\/p>\n<p class=\"p1\">Estos Pin Esmaltados de 10 cm vienen con acabados met\u00e1licos y tambi\u00e9n tienen sus propios soportes.<\/p>\n<p class=\"p1\">Empaque con ventana para su exhibici\u00f3n<\/p>\n<p class=\"p1\">Edad recomendada: 4 a\u00f1os en adelante<\/p>\n<p class=\"p1\"><span class=\"s1\">\u26a0\ufe0f<\/span>ADVERTENCIA: PELIGRO DE ASFIXIA \u2013 Piezas peque\u00f1as. No apto para ni\u00f1os menores de 4 a\u00f1os.<\/p>\n<p class=\"p1\">Los productos Star Wars son producidos por FUNKO bajo licencia de Lucasfilm Ltd. y Disney<\/p>\n<p class=\"p1\">FUNKO y todos los t\u00e9rminos relacionados son marcas registradas Funko.<\/p>\n","protected":false},"excerpt":{"rendered":"<p>Brillante estratega militar separatista y un temido cazador de Jedi, conocido por su crueldad y tos seca. Su cuerpo en s\u00ed mismo era un arma, lo que le permit\u00eda golpes r\u00e1pidos y devastadores. Pero tambi\u00e9n se apresur\u00f3 a huir de una pelea, una t\u00e1ctica que funcion\u00f3 hasta un encuentro final con Obi-Wan Kenobi.<\/p>\n","protected":false},"featured_media":6709,"comment_status":"open","ping_status":"closed","template":"","meta":[],"product_brand":[],"product_cat":[20],"product_tag":[],"class_list":{"0":"post-6840","1":"product","2":"type-product","3":"status-publish","4":"has-post-thumbnail","6":"product_cat-funko1","8":"first","9":"instock","10":"taxable","11":"shipping-taxable","12":"purchasable","13":"product-type-simple"},"_links":{"self":[{"href":"https:\/\/r2-toys.com\/index.php\/wp-json\/wp\/v2\/product\/6840","targetHints":{"allow":["GET"]}}],"collection":[{"href":"https:\/\/r2-toys.com\/index.php\/wp-json\/wp\/v2\/product"}],"about":[{"href":"https:\/\/r2-toys.com\/index.php\/wp-json\/wp\/v2\/types\/product"}],"replies":[{"embeddable":true,"href":"https:\/\/r2-toys.com\/index.php\/wp-json\/wp\/v2\/comments?post=6840"}],"wp:featuredmedia":[{"embeddable":true,"href":"https:\/\/r2-toys.com\/index.php\/wp-json\/wp\/v2\/media\/6709"}],"wp:attachment":[{"href":"https:\/\/r2-toys.com\/index.php\/wp-json\/wp\/v2\/media?parent=6840"}],"wp:term":[{"taxonomy":"product_brand","embeddable":true,"href":"https:\/\/r2-toys.com\/index.php\/wp-json\/wp\/v2\/product_brand?post=6840"},{"taxonomy":"product_cat","embeddable":true,"href":"https:\/\/r2-toys.com\/index.php\/wp-json\/wp\/v2\/product_cat?post=6840"},{"taxonomy":"product_tag","embeddable":true,"href":"https:\/\/r2-toys.com\/index.php\/wp-json\/wp\/v2\/product_tag?post=6840"}],"curies":[{"name":"wp","href":"https:\/\/api.w.org\/{rel}","templated":true}]}}