{"id":6843,"date":"2024-02-21T02:17:52","date_gmt":"2024-02-20T20:17:52","guid":{"rendered":"https:\/\/r2-toys.com\/?post_type=product&#038;p=6843"},"modified":"2024-02-21T02:32:49","modified_gmt":"2024-02-20T20:32:49","slug":"darth-vader-duels-end","status":"publish","type":"product","link":"https:\/\/r2-toys.com\/index.php\/product\/darth-vader-duels-end\/","title":{"rendered":"Darth Vader (Duel\u00b4s End)"},"content":{"rendered":"<p>Alguna vez heroico Caballero Jedi, Darth Vader fue encaminado al lado oscuro de la Fuerza, se convirti\u00f3 en un Se\u00f1or Sith y lider\u00f3 la erradicaci\u00f3n de la Orden Jedi por parte del Imperio. Permaneci\u00f3 al servicio del Emperador, el malvado Darth Sidious.<\/p>\n<p>A\u00f1os despu\u00e9s de los dram\u00e1ticos eventos de La venganza de los Sith, donde Kenobi enfrent\u00f3 la corrupci\u00f3n de su amigo y aprendiz de Jedi, Anakin Skywalker, convertido en el Lord Sith Darth Vader.<span class=\"Apple-converted-space\">\u00a0<\/span><\/p>\n<p>Esta figura de 15cm presenta m\u00faltiples puntos de articulaci\u00f3n y dise\u00f1o incre\u00edble. Incluye 1 accesorio.<\/p>\n<p>Edad recomendada: 4 a\u00f1os en adelante<\/p>\n<p>\u26a0\ufe0fADVERTENCIA: PELIGRO DE ASFIXIA &#8211; Piezas peque\u00f1as. No apto para ni\u00f1os menores de 4 a\u00f1os.<\/p>\n<p>Los productos Star Wars son producidos por Hasbro bajo licencia de Lucasfilm Ltd.<\/p>\n<p>Hasbro y todos los t\u00e9rminos relacionados son marcas registradas de Hasbro.<\/p>\n","protected":false},"excerpt":{"rendered":"<p>Alguna vez heroico Caballero Jedi, Darth Vader fue encaminado al lado oscuro de la Fuerza, se convirti\u00f3 en un Se\u00f1or Sith y lider\u00f3 la erradicaci\u00f3n de la Orden Jedi por parte del Imperio. Permaneci\u00f3 al servicio del Emperador, el malvado Darth Sidious.<\/p>\n<p>A\u00f1os despu\u00e9s de los dram\u00e1ticos eventos de La venganza de los Sith, donde Kenobi enfrent\u00f3 la corrupci\u00f3n de su amigo y aprendiz de Jedi, Anakin Skywalker, convertido en el Lord Sith Darth Vader.<\/p>\n<p>&nbsp;<\/p>\n","protected":false},"featured_media":6718,"comment_status":"open","ping_status":"closed","template":"","meta":[],"product_brand":[],"product_cat":[28],"product_tag":[],"class_list":{"0":"post-6843","1":"product","2":"type-product","3":"status-publish","4":"has-post-thumbnail","6":"product_cat-black-series","8":"first","9":"outofstock","10":"taxable","11":"shipping-taxable","12":"purchasable","13":"product-type-simple"},"_links":{"self":[{"href":"https:\/\/r2-toys.com\/index.php\/wp-json\/wp\/v2\/product\/6843","targetHints":{"allow":["GET"]}}],"collection":[{"href":"https:\/\/r2-toys.com\/index.php\/wp-json\/wp\/v2\/product"}],"about":[{"href":"https:\/\/r2-toys.com\/index.php\/wp-json\/wp\/v2\/types\/product"}],"replies":[{"embeddable":true,"href":"https:\/\/r2-toys.com\/index.php\/wp-json\/wp\/v2\/comments?post=6843"}],"wp:featuredmedia":[{"embeddable":true,"href":"https:\/\/r2-toys.com\/index.php\/wp-json\/wp\/v2\/media\/6718"}],"wp:attachment":[{"href":"https:\/\/r2-toys.com\/index.php\/wp-json\/wp\/v2\/media?parent=6843"}],"wp:term":[{"taxonomy":"product_brand","embeddable":true,"href":"https:\/\/r2-toys.com\/index.php\/wp-json\/wp\/v2\/product_brand?post=6843"},{"taxonomy":"product_cat","embeddable":true,"href":"https:\/\/r2-toys.com\/index.php\/wp-json\/wp\/v2\/product_cat?post=6843"},{"taxonomy":"product_tag","embeddable":true,"href":"https:\/\/r2-toys.com\/index.php\/wp-json\/wp\/v2\/product_tag?post=6843"}],"curies":[{"name":"wp","href":"https:\/\/api.w.org\/{rel}","templated":true}]}}