{"id":6849,"date":"2024-02-21T03:07:27","date_gmt":"2024-02-20T21:07:27","guid":{"rendered":"https:\/\/r2-toys.com\/?post_type=product&#038;p=6849"},"modified":"2024-02-21T03:07:27","modified_gmt":"2024-02-20T21:07:27","slug":"morgan-elsbeth","status":"publish","type":"product","link":"https:\/\/r2-toys.com\/index.php\/product\/morgan-elsbeth\/","title":{"rendered":"Morgan Elsbeth"},"content":{"rendered":"<p>Morgan Elsbeth\u00a0fue\u00a0una\u00a0Hermana de la Noche\u00a0humana\u00a0que desempe\u00f1\u00f3 un papel fundamental en la construcci\u00f3n de la\u00a0Armada Imperial\u00a0durante el\u00a0reinado\u00a0del\u00a0Imperio Gal\u00e1ctico. Para la\u00a0era\u00a0de la\u00a0Nueva Rep\u00fablica, lideraba un\u00a0r\u00e9gimen\u00a0despiadado y serv\u00eda como\u00a0magistrada\u00a0de\u00a0Calodan\u00a0en el\u00a0planeta\u00a0Corvus. Elsbeth pose\u00eda una\u00a0lanza\u00a0hecha de\u00a0beskar\u00a0puro y la ofreci\u00f3 como\u00a0pago\u00a0al\u00a0cazarrecompensas\u00a0mandaloriano\u00a0Din Djarin\u00a0para que\u00a0matara\u00a0a la antigua\u00a0Jedi\u00a0Ahsoka Tano. En ese momento, sus\u00a0fuerzas\u00a0llevaban versiones estilizadas de una\u00a0quimera, el s\u00edmbolo personal de su patrocinador, el\u00a0Gran Almirante\u00a0Mitth&#8217;raw&#8217;nuruodo, y el emblema de la\u00a0S\u00e9ptima Flota. Sin embargo, Tano y Djarin se aliaron y acabaron derrotando a Elsbeth y sus fuerzas.<\/p>\n<p class=\"p1\">Figura de acci\u00f3n de 15cm, cuenta con m\u00faltiples puntos de articulaci\u00f3n.<\/p>\n<p class=\"p1\">Edad recomendada: 4 a\u00f1os en adelante<\/p>\n<p class=\"p1\"><span class=\"s1\">\u26a0\ufe0f<\/span>ADVERTENCIA: PELIGRO DE ASFIXIA &#8211; Piezas peque\u00f1as. No apto para ni\u00f1os menores de 4 a\u00f1os.<\/p>\n<p class=\"p1\">Los productos Star Wars son producidos por Hasbro bajo licencia de Lucasfilm Ltd.<\/p>\n<p class=\"p1\">Hasbro y todos los t\u00e9rminos relacionados son marcas registradas de Hasbro.<\/p>\n","protected":false},"excerpt":{"rendered":"<p class=\"p1\">Morgan Elsbeth\u00a0fue\u00a0una\u00a0Hermana de la Noche\u00a0humana\u00a0que desempe\u00f1\u00f3 un papel fundamental en la construcci\u00f3n de la\u00a0Armada Imperial\u00a0durante el\u00a0reinado\u00a0del\u00a0Imperio Gal\u00e1ctico. Para la\u00a0era\u00a0de la\u00a0Nueva Rep\u00fablica, lideraba un\u00a0r\u00e9gimen\u00a0despiadado y serv\u00eda como\u00a0magistrada\u00a0de\u00a0Calodan\u00a0en el\u00a0planeta\u00a0Corvus. Elsbeth pose\u00eda una\u00a0lanza\u00a0hecha de\u00a0beskar\u00a0puro y la ofreci\u00f3 como\u00a0pago\u00a0al\u00a0cazarrecompensas\u00a0mandaloriano\u00a0Din Djarin\u00a0para que\u00a0matara\u00a0a la antigua\u00a0Jedi\u00a0Ahsoka Tano. En ese momento, sus\u00a0fuerzas\u00a0llevaban versiones estilizadas de una\u00a0quimera, el s\u00edmbolo personal de su patrocinador, el\u00a0Gran Almirante\u00a0Mitth&#8217;raw&#8217;nuruodo, y el emblema de la\u00a0S\u00e9ptima Flota. Sin embargo, Tano y Djarin se aliaron y acabaron derrotando a Elsbeth y sus fuerzas.<\/p>\n<p>&nbsp;<\/p>\n<p class=\"p1\">\n","protected":false},"featured_media":6729,"comment_status":"open","ping_status":"closed","template":"","meta":[],"product_brand":[],"product_cat":[28],"product_tag":[],"class_list":{"0":"post-6849","1":"product","2":"type-product","3":"status-publish","4":"has-post-thumbnail","6":"product_cat-black-series","8":"first","9":"instock","10":"taxable","11":"shipping-taxable","12":"purchasable","13":"product-type-simple"},"_links":{"self":[{"href":"https:\/\/r2-toys.com\/index.php\/wp-json\/wp\/v2\/product\/6849","targetHints":{"allow":["GET"]}}],"collection":[{"href":"https:\/\/r2-toys.com\/index.php\/wp-json\/wp\/v2\/product"}],"about":[{"href":"https:\/\/r2-toys.com\/index.php\/wp-json\/wp\/v2\/types\/product"}],"replies":[{"embeddable":true,"href":"https:\/\/r2-toys.com\/index.php\/wp-json\/wp\/v2\/comments?post=6849"}],"wp:featuredmedia":[{"embeddable":true,"href":"https:\/\/r2-toys.com\/index.php\/wp-json\/wp\/v2\/media\/6729"}],"wp:attachment":[{"href":"https:\/\/r2-toys.com\/index.php\/wp-json\/wp\/v2\/media?parent=6849"}],"wp:term":[{"taxonomy":"product_brand","embeddable":true,"href":"https:\/\/r2-toys.com\/index.php\/wp-json\/wp\/v2\/product_brand?post=6849"},{"taxonomy":"product_cat","embeddable":true,"href":"https:\/\/r2-toys.com\/index.php\/wp-json\/wp\/v2\/product_cat?post=6849"},{"taxonomy":"product_tag","embeddable":true,"href":"https:\/\/r2-toys.com\/index.php\/wp-json\/wp\/v2\/product_tag?post=6849"}],"curies":[{"name":"wp","href":"https:\/\/api.w.org\/{rel}","templated":true}]}}