{"id":6854,"date":"2024-02-21T03:46:14","date_gmt":"2024-02-20T21:46:14","guid":{"rendered":"https:\/\/r2-toys.com\/?post_type=product&#038;p=6854"},"modified":"2026-01-01T00:26:21","modified_gmt":"2025-12-31T18:26:21","slug":"grial-knight","status":"publish","type":"product","link":"https:\/\/r2-toys.com\/index.php\/product\/grial-knight\/","title":{"rendered":"Grial Knight"},"content":{"rendered":"<p>Es un profesor universitario de arqueolog\u00eda que adopta un \u00e1lter ego aventurero para encontrar el Arca Perdida de la Alianza, enfrentando peligros extremos y villanos imponentes. Las figuras incluyen piezas para<span class=\"Apple-converted-space\">\u00a0 <\/span>construir el Arca de la Alianza perdida.<\/p>\n<p>Figura de acci\u00f3n de 15cm, cuenta con m\u00faltiples puntos de articulaci\u00f3n.<\/p>\n<p>Edad recomendada: 4 a\u00f1os en adelante<\/p>\n<p>\u26a0\ufe0fADVERTENCIA: PELIGRO DE ASFIXIA &#8211; Piezas peque\u00f1as. No apto para ni\u00f1os menores de 4 a\u00f1os.<\/p>\n<p>Los productos Indiana Jones Adventure son producidos por Hasbro bajo licencia de Lucasfilm Ltd.<\/p>\n<p>Hasbro y todos los t\u00e9rminos relacionados son marcas registradas de Hasbro y Lucasfilm Ltd.<\/p>\n","protected":false},"excerpt":{"rendered":"<p>Es un profesor universitario de arqueolog\u00eda que adopta un \u00e1lter ego aventurero para encontrar el Arca Perdida de la Alianza, enfrentando peligros extremos y villanos imponentes. Las figuras incluyen piezas para<span class=\"Apple-converted-space\">\u00a0 <\/span>construir el Arca de la Alianza perdida.<\/p>\n","protected":false},"featured_media":6737,"comment_status":"open","ping_status":"closed","template":"","meta":[],"product_brand":[],"product_cat":[21],"product_tag":[],"class_list":{"0":"post-6854","1":"product","2":"type-product","3":"status-publish","4":"has-post-thumbnail","6":"product_cat-retro","8":"first","9":"instock","10":"taxable","11":"shipping-taxable","12":"purchasable","13":"product-type-simple"},"_links":{"self":[{"href":"https:\/\/r2-toys.com\/index.php\/wp-json\/wp\/v2\/product\/6854","targetHints":{"allow":["GET"]}}],"collection":[{"href":"https:\/\/r2-toys.com\/index.php\/wp-json\/wp\/v2\/product"}],"about":[{"href":"https:\/\/r2-toys.com\/index.php\/wp-json\/wp\/v2\/types\/product"}],"replies":[{"embeddable":true,"href":"https:\/\/r2-toys.com\/index.php\/wp-json\/wp\/v2\/comments?post=6854"}],"wp:featuredmedia":[{"embeddable":true,"href":"https:\/\/r2-toys.com\/index.php\/wp-json\/wp\/v2\/media\/6737"}],"wp:attachment":[{"href":"https:\/\/r2-toys.com\/index.php\/wp-json\/wp\/v2\/media?parent=6854"}],"wp:term":[{"taxonomy":"product_brand","embeddable":true,"href":"https:\/\/r2-toys.com\/index.php\/wp-json\/wp\/v2\/product_brand?post=6854"},{"taxonomy":"product_cat","embeddable":true,"href":"https:\/\/r2-toys.com\/index.php\/wp-json\/wp\/v2\/product_cat?post=6854"},{"taxonomy":"product_tag","embeddable":true,"href":"https:\/\/r2-toys.com\/index.php\/wp-json\/wp\/v2\/product_tag?post=6854"}],"curies":[{"name":"wp","href":"https:\/\/api.w.org\/{rel}","templated":true}]}}