{"id":6858,"date":"2024-02-21T04:29:34","date_gmt":"2024-02-20T22:29:34","guid":{"rendered":"https:\/\/r2-toys.com\/?post_type=product&#038;p=6858"},"modified":"2026-01-07T00:08:05","modified_gmt":"2026-01-06T18:08:05","slug":"wicket-w-warrick-kneesaa-ewoks-tv-show","status":"publish","type":"product","link":"https:\/\/r2-toys.com\/index.php\/product\/wicket-w-warrick-kneesaa-ewoks-tv-show\/","title":{"rendered":"WICKET W. Warrick &#038; Kneesaa Ewok\u00b4s TV Show"},"content":{"rendered":"<p>Esta figura en concreto representa al peque\u00f1o ewok Wicket W. Warrick, sin duda uno de los personajes m\u00e1s entra\u00f1ables y queridos de la gal\u00e1ctica saga, que aqu\u00ed aparece perfectamente caracterizado. en la serie Ewoks<\/p>\n<p>Se trata de una figura premium de aproximadamente 9,5 cm. de altura y con un cuidado acabado, lo que le confiere un aspecto muy real.<\/p>\n<div>\n<p>Edad recomendada: 4 a\u00f1os en adelante<\/p>\n<\/div>\n<div>\n<p>\u26a0\ufe0f ADVERTENCIA: PELIGRO DE ASFIXIA &#8211; Piezas peque\u00f1as. No apto para ni\u00f1os menores de 4 a\u00f1os.<\/p>\n<\/div>\n<div>\n<p>Los productos Star Wars son producidos por Hasbro bajo licencia de Lucasfilm Ltd.<\/p>\n<\/div>\n<div>\n<p>Hasbro y todos los t\u00e9rminos relacionados son marcas de comercio de Hasbro.<\/p>\n<\/div>\n","protected":false},"excerpt":{"rendered":"<p>Esta figura en concreto representa al peque\u00f1o ewok Wicket W. Warrick, sin duda uno de los personajes m\u00e1s entra\u00f1ables y queridos de la gal\u00e1ctica saga, que aqu\u00ed aparece perfectamente caracterizado en la serie Ewoks.<\/p>\n","protected":false},"featured_media":6743,"comment_status":"open","ping_status":"closed","template":"","meta":[],"product_brand":[],"product_cat":[29],"product_tag":[],"class_list":{"0":"post-6858","1":"product","2":"type-product","3":"status-publish","4":"has-post-thumbnail","6":"product_cat-vintage","8":"first","9":"instock","10":"taxable","11":"shipping-taxable","12":"purchasable","13":"product-type-simple"},"_links":{"self":[{"href":"https:\/\/r2-toys.com\/index.php\/wp-json\/wp\/v2\/product\/6858","targetHints":{"allow":["GET"]}}],"collection":[{"href":"https:\/\/r2-toys.com\/index.php\/wp-json\/wp\/v2\/product"}],"about":[{"href":"https:\/\/r2-toys.com\/index.php\/wp-json\/wp\/v2\/types\/product"}],"replies":[{"embeddable":true,"href":"https:\/\/r2-toys.com\/index.php\/wp-json\/wp\/v2\/comments?post=6858"}],"wp:featuredmedia":[{"embeddable":true,"href":"https:\/\/r2-toys.com\/index.php\/wp-json\/wp\/v2\/media\/6743"}],"wp:attachment":[{"href":"https:\/\/r2-toys.com\/index.php\/wp-json\/wp\/v2\/media?parent=6858"}],"wp:term":[{"taxonomy":"product_brand","embeddable":true,"href":"https:\/\/r2-toys.com\/index.php\/wp-json\/wp\/v2\/product_brand?post=6858"},{"taxonomy":"product_cat","embeddable":true,"href":"https:\/\/r2-toys.com\/index.php\/wp-json\/wp\/v2\/product_cat?post=6858"},{"taxonomy":"product_tag","embeddable":true,"href":"https:\/\/r2-toys.com\/index.php\/wp-json\/wp\/v2\/product_tag?post=6858"}],"curies":[{"name":"wp","href":"https:\/\/api.w.org\/{rel}","templated":true}]}}