{"id":6861,"date":"2024-02-21T04:49:29","date_gmt":"2024-02-20T22:49:29","guid":{"rendered":"https:\/\/r2-toys.com\/?post_type=product&#038;p=6861"},"modified":"2024-02-21T04:50:56","modified_gmt":"2024-02-20T22:50:56","slug":"axe-woves-3","status":"publish","type":"product","link":"https:\/\/r2-toys.com\/index.php\/product\/axe-woves-3\/","title":{"rendered":"Axe Woves"},"content":{"rendered":"<p>Se cre\u00eda que los clanes guerreros de Mandalore hab\u00edan sido aniquilados hace mucho tiempo, pero sus costumbres resucitaron y, con ellas, su legendaria armadura de combate que era temida en toda la galaxia. El Beskar puede resistir los rayos l\u00e1ser, una protecci\u00f3n casi impenetrable que hizo que la clase guerrera fuera dif\u00edcil de derrotar en el apogeo de su poder.<\/p>\n<p>Con decoraci\u00f3n muy detallada, un dise\u00f1o inspirado en la serie, ajustable y con luces electr\u00f3nicas. Pantalla de visualizaci\u00f3n frontal iluminada del tel\u00e9metro (Hud): con solo presionar un bot\u00f3n, el tel\u00e9metro desciende, activando 2 LED rojos que parpadean en un patr\u00f3n de &#8220;caza&#8221;, as\u00ed como una visualizaci\u00f3n frontal iluminada por LED blanco (HUD)<\/p>\n<p>REQUIERE<span class=\"Apple-converted-space\">\u00a0 <\/span>BATER\u00cdAS ALCALINAS AAA DE 1.5v. No incluidas.<\/p>\n<p>Edad recomendada: 14 a\u00f1os en adelante<\/p>\n<p>\u26a0\ufe0fADVERTENCIA: PELIGRO DE ASFIXIA &#8211; Piezas peque\u00f1as. No apto para ni\u00f1os menores de 14 a\u00f1os.<\/p>\n<p>Los productos Star Wars son producidos por Hasbro bajo licencia de Lucasfilm Ltd.<\/p>\n<p>Hasbro y todos los t\u00e9rminos relacionados son marcas registradas de Hasbro.<\/p>\n","protected":false},"excerpt":{"rendered":"<p>Se cre\u00eda que los clanes guerreros de Mandalore hab\u00edan sido aniquilados hace mucho tiempo, pero sus costumbres resucitaron y, con ellas, su legendaria armadura de combate que era temida en toda la galaxia. El Beskar puede resistir los rayos l\u00e1ser, una protecci\u00f3n casi impenetrable que hizo que la clase guerrera fuera dif\u00edcil de derrotar en el apogeo de su poder.<\/p>\n","protected":false},"featured_media":6758,"comment_status":"open","ping_status":"closed","template":"","meta":[],"product_brand":[],"product_cat":[26],"product_tag":[],"class_list":{"0":"post-6861","1":"product","2":"type-product","3":"status-publish","4":"has-post-thumbnail","6":"product_cat-cascos","8":"first","9":"instock","10":"taxable","11":"shipping-taxable","12":"purchasable","13":"product-type-simple"},"_links":{"self":[{"href":"https:\/\/r2-toys.com\/index.php\/wp-json\/wp\/v2\/product\/6861","targetHints":{"allow":["GET"]}}],"collection":[{"href":"https:\/\/r2-toys.com\/index.php\/wp-json\/wp\/v2\/product"}],"about":[{"href":"https:\/\/r2-toys.com\/index.php\/wp-json\/wp\/v2\/types\/product"}],"replies":[{"embeddable":true,"href":"https:\/\/r2-toys.com\/index.php\/wp-json\/wp\/v2\/comments?post=6861"}],"wp:featuredmedia":[{"embeddable":true,"href":"https:\/\/r2-toys.com\/index.php\/wp-json\/wp\/v2\/media\/6758"}],"wp:attachment":[{"href":"https:\/\/r2-toys.com\/index.php\/wp-json\/wp\/v2\/media?parent=6861"}],"wp:term":[{"taxonomy":"product_brand","embeddable":true,"href":"https:\/\/r2-toys.com\/index.php\/wp-json\/wp\/v2\/product_brand?post=6861"},{"taxonomy":"product_cat","embeddable":true,"href":"https:\/\/r2-toys.com\/index.php\/wp-json\/wp\/v2\/product_cat?post=6861"},{"taxonomy":"product_tag","embeddable":true,"href":"https:\/\/r2-toys.com\/index.php\/wp-json\/wp\/v2\/product_tag?post=6861"}],"curies":[{"name":"wp","href":"https:\/\/api.w.org\/{rel}","templated":true}]}}