{"id":6870,"date":"2024-02-21T05:35:46","date_gmt":"2024-02-20T23:35:46","guid":{"rendered":"https:\/\/r2-toys.com\/?post_type=product&#038;p=6870"},"modified":"2025-12-09T05:02:31","modified_gmt":"2025-12-08T23:02:31","slug":"gran-admiral-thrawn","status":"publish","type":"product","link":"https:\/\/r2-toys.com\/index.php\/product\/gran-admiral-thrawn\/","title":{"rendered":"Grand Admiral Thrawn"},"content":{"rendered":"<p class=\"p1\">Thrawn, fue\u00a0un\u00a0oficial\u00a0chiss\u00a0y\u00a0gran almirante\u00a0de la\u00a0Armada Imperial\u00a0durante el\u00a0reinado\u00a0del\u00a0Imperio Gal\u00e1ctico. Thrawn, un\u00a0oficial Imperial\u00a0alien\u00edgena\u00a0de llamativa piel\u00a0azul,\u00a0ojos\u00a0rojos y rostro angulado, era bien conocido como un estratega brillante y despiadado. Cre\u00eda que para lograr la victoria en la guerra, uno deb\u00eda conocer a su enemigo. Como tal, se dedic\u00f3 a comprender la filosof\u00eda, el arte y la cultura de sus oponentes, que inclu\u00edan a los\u00a0twi&#8217;leks\u00a0de\u00a0Ryloth\u00a0y los\u00a0guerreros\u00a0de\u00a0Mandalore. Cuando la\u00a0Gobernadora\u00a0Arihnda Pryce\u00a0solicit\u00f3 un\u00a0comandante\u00a0capaz de derrotar a\u00a0los rebeldes\u00a0en\u00a0Lothal, el Gran Almirante Thrawn acept\u00f3 el desaf\u00edo, con la intenci\u00f3n de desmantelar\u00a0la rebeli\u00f3n\u00a0pieza por pieza.<\/p>\n<p>&nbsp;<\/p>\n<p class=\"p1\">Esta figura de 9,5 cm cuenta con un excelente<span class=\"Apple-converted-space\">\u00a0 <\/span>dise\u00f1o, en empaques inspirados en la l\u00ednea original e incluye accesorios.<\/p>\n<p class=\"p1\">Edad recomendada: 4 a\u00f1os en adelante<\/p>\n<p class=\"p1\"><span class=\"s1\">\u26a0\ufe0f<\/span>ADVERTENCIA: PELIGRO DE ASFIXIA &#8211; Piezas peque\u00f1as. No apto para ni\u00f1os menores de 4 a\u00f1os.<\/p>\n<p class=\"p1\">Los productos Star Wars son producidos por Hasbro bajo licencia de Lucasfilm Ltd.<\/p>\n<p class=\"p1\">Hasbro y todos los t\u00e9rminos relacionados son marcas registradas de Hasbro.<\/p>\n","protected":false},"excerpt":{"rendered":"<p>Thrawn, fue\u00a0un\u00a0oficial\u00a0chiss\u00a0y\u00a0gran almirante\u00a0de la\u00a0Armada Imperial\u00a0durante el\u00a0reinado\u00a0del\u00a0Imperio Gal\u00e1ctico. Thrawn, un\u00a0oficial Imperial\u00a0alien\u00edgena\u00a0de llamativa piel\u00a0azul,\u00a0ojos\u00a0rojos y rostro angulado, era bien conocido como un estratega brillante y despiadado. Cre\u00eda que para lograr la victoria en la guerra, uno deb\u00eda conocer a su enemigo. Como tal, se dedic\u00f3 a comprender la filosof\u00eda, el arte y la cultura de sus oponentes, que inclu\u00edan a los\u00a0twi&#8217;leks\u00a0de\u00a0Ryloth\u00a0y los\u00a0guerreros\u00a0de\u00a0Mandalore. Cuando la\u00a0Gobernadora\u00a0Arihnda Pryce\u00a0solicit\u00f3 un\u00a0comandante\u00a0capaz de derrotar a\u00a0los rebeldes\u00a0en\u00a0Lothal, el Gran Almirante Thrawn acept\u00f3 el desaf\u00edo, con la intenci\u00f3n de desmantelar\u00a0la rebeli\u00f3n\u00a0pieza por pieza.<\/p>\n","protected":false},"featured_media":6780,"comment_status":"open","ping_status":"closed","template":"","meta":[],"product_brand":[],"product_cat":[29],"product_tag":[],"class_list":{"0":"post-6870","1":"product","2":"type-product","3":"status-publish","4":"has-post-thumbnail","6":"product_cat-vintage","8":"first","9":"instock","10":"taxable","11":"shipping-taxable","12":"purchasable","13":"product-type-simple"},"_links":{"self":[{"href":"https:\/\/r2-toys.com\/index.php\/wp-json\/wp\/v2\/product\/6870","targetHints":{"allow":["GET"]}}],"collection":[{"href":"https:\/\/r2-toys.com\/index.php\/wp-json\/wp\/v2\/product"}],"about":[{"href":"https:\/\/r2-toys.com\/index.php\/wp-json\/wp\/v2\/types\/product"}],"replies":[{"embeddable":true,"href":"https:\/\/r2-toys.com\/index.php\/wp-json\/wp\/v2\/comments?post=6870"}],"wp:featuredmedia":[{"embeddable":true,"href":"https:\/\/r2-toys.com\/index.php\/wp-json\/wp\/v2\/media\/6780"}],"wp:attachment":[{"href":"https:\/\/r2-toys.com\/index.php\/wp-json\/wp\/v2\/media?parent=6870"}],"wp:term":[{"taxonomy":"product_brand","embeddable":true,"href":"https:\/\/r2-toys.com\/index.php\/wp-json\/wp\/v2\/product_brand?post=6870"},{"taxonomy":"product_cat","embeddable":true,"href":"https:\/\/r2-toys.com\/index.php\/wp-json\/wp\/v2\/product_cat?post=6870"},{"taxonomy":"product_tag","embeddable":true,"href":"https:\/\/r2-toys.com\/index.php\/wp-json\/wp\/v2\/product_tag?post=6870"}],"curies":[{"name":"wp","href":"https:\/\/api.w.org\/{rel}","templated":true}]}}