{"id":6874,"date":"2024-02-21T05:47:54","date_gmt":"2024-02-20T23:47:54","guid":{"rendered":"https:\/\/r2-toys.com\/?post_type=product&#038;p=6874"},"modified":"2025-12-10T07:29:12","modified_gmt":"2025-12-10T01:29:12","slug":"darth-revan-3","status":"publish","type":"product","link":"https:\/\/r2-toys.com\/index.php\/product\/darth-revan-3\/","title":{"rendered":"Darth Revan"},"content":{"rendered":"<p>Fue un antiguo Lord Sith, quien era el hom\u00f3nimo de la \u00abLegi\u00f3n Revan\u00bb, la 3.\u00aa Legi\u00f3n de los soldados Sith del Sith Eterno de Darth Sidious. Debido a que la historia de los sith estaba escondida del resto de la galaxia, solo los cultistas del Sith Eterno conoc\u00edan el significado del nombre.<\/p>\n<p>Edad recomendada: 4 a\u00f1os en adelante<br \/>\n\u26a0\ufe0fADVERTENCIA: PELIGRO DE ASFIXIA &#8211; Piezas peque\u00f1as. No apto para ni\u00f1os menores de 4 a\u00f1os.<br \/>\nLos productos Star Wars son producidos por Hasbro bajo licencia de Lucasfilm Ltd.<br \/>\nHasbro y todos los t\u00e9rminos relacionados son marcas registradas de Hasbro.<\/p>\n","protected":false},"excerpt":{"rendered":"<p>Fue un antiguo Lord Sith, quien era el hom\u00f3nimo de la \u00abLegi\u00f3n Revan\u00bb, la 3.\u00aa Legi\u00f3n de los soldados Sith del Sith Eterno de Darth Sidious. Debido a que la historia de los sith estaba escondida del resto de la galaxia, solo los cultistas del Sith Eterno conoc\u00edan el significado del nombre.<\/p>\n","protected":false},"featured_media":6786,"comment_status":"open","ping_status":"closed","template":"","meta":[],"product_brand":[],"product_cat":[29],"product_tag":[],"class_list":{"0":"post-6874","1":"product","2":"type-product","3":"status-publish","4":"has-post-thumbnail","6":"product_cat-vintage","8":"first","9":"instock","10":"taxable","11":"shipping-taxable","12":"purchasable","13":"product-type-simple"},"_links":{"self":[{"href":"https:\/\/r2-toys.com\/index.php\/wp-json\/wp\/v2\/product\/6874","targetHints":{"allow":["GET"]}}],"collection":[{"href":"https:\/\/r2-toys.com\/index.php\/wp-json\/wp\/v2\/product"}],"about":[{"href":"https:\/\/r2-toys.com\/index.php\/wp-json\/wp\/v2\/types\/product"}],"replies":[{"embeddable":true,"href":"https:\/\/r2-toys.com\/index.php\/wp-json\/wp\/v2\/comments?post=6874"}],"wp:featuredmedia":[{"embeddable":true,"href":"https:\/\/r2-toys.com\/index.php\/wp-json\/wp\/v2\/media\/6786"}],"wp:attachment":[{"href":"https:\/\/r2-toys.com\/index.php\/wp-json\/wp\/v2\/media?parent=6874"}],"wp:term":[{"taxonomy":"product_brand","embeddable":true,"href":"https:\/\/r2-toys.com\/index.php\/wp-json\/wp\/v2\/product_brand?post=6874"},{"taxonomy":"product_cat","embeddable":true,"href":"https:\/\/r2-toys.com\/index.php\/wp-json\/wp\/v2\/product_cat?post=6874"},{"taxonomy":"product_tag","embeddable":true,"href":"https:\/\/r2-toys.com\/index.php\/wp-json\/wp\/v2\/product_tag?post=6874"}],"curies":[{"name":"wp","href":"https:\/\/api.w.org\/{rel}","templated":true}]}}