{"id":6875,"date":"2024-02-21T05:51:41","date_gmt":"2024-02-20T23:51:41","guid":{"rendered":"https:\/\/r2-toys.com\/?post_type=product&#038;p=6875"},"modified":"2025-06-24T23:15:35","modified_gmt":"2025-06-24T17:15:35","slug":"general-hera-syndulla","status":"publish","type":"product","link":"https:\/\/r2-toys.com\/index.php\/product\/general-hera-syndulla\/","title":{"rendered":"General Hera Syndulla"},"content":{"rendered":"<p>La capitana y el coraz\u00f3n de la tripulaci\u00f3n Ghost, Hera Syndulla era una piloto y l\u00edder talentosa. La twi\u2019lek pod\u00eda sacar lo mejor de su equipo, haci\u00e9ndoles creer en s\u00ed mismos.<\/p>\n<p>Edad Recomendada:4 a\u00f1os<\/p>\n<p>\u26a0\ufe0f ADVERTENCIA: PELIGRO DE ASFIXIA &#8211; Piezas peque\u00f1as. No apto para ni\u00f1os menores de 4 a\u00f1os.<\/p>\n<p>Los productos Star Wars son producidos por Hasbro bajo licencia de Lucasfilm Ltd.<\/p>\n<p>Hasbro y todos los t\u00e9rminos relacionados son marcas registradas de Hasbro.<\/p>\n<p>&nbsp;<\/p>\n<p>&nbsp;<\/p>\n<p>&nbsp;<\/p>\n","protected":false},"excerpt":{"rendered":"<p>La capitana y el coraz\u00f3n de la tripulaci\u00f3n Ghost, Hera Syndulla era una piloto y l\u00edder talentosa. La twi\u2019lek pod\u00eda sacar lo mejor de su equipo, haci\u00e9ndoles creer en s\u00ed mismos.<\/p>\n","protected":false},"featured_media":6787,"comment_status":"open","ping_status":"closed","template":"","meta":[],"product_brand":[],"product_cat":[29],"product_tag":[],"class_list":{"0":"post-6875","1":"product","2":"type-product","3":"status-publish","4":"has-post-thumbnail","6":"product_cat-vintage","8":"first","9":"outofstock","10":"taxable","11":"shipping-taxable","12":"purchasable","13":"product-type-simple"},"_links":{"self":[{"href":"https:\/\/r2-toys.com\/index.php\/wp-json\/wp\/v2\/product\/6875","targetHints":{"allow":["GET"]}}],"collection":[{"href":"https:\/\/r2-toys.com\/index.php\/wp-json\/wp\/v2\/product"}],"about":[{"href":"https:\/\/r2-toys.com\/index.php\/wp-json\/wp\/v2\/types\/product"}],"replies":[{"embeddable":true,"href":"https:\/\/r2-toys.com\/index.php\/wp-json\/wp\/v2\/comments?post=6875"}],"wp:featuredmedia":[{"embeddable":true,"href":"https:\/\/r2-toys.com\/index.php\/wp-json\/wp\/v2\/media\/6787"}],"wp:attachment":[{"href":"https:\/\/r2-toys.com\/index.php\/wp-json\/wp\/v2\/media?parent=6875"}],"wp:term":[{"taxonomy":"product_brand","embeddable":true,"href":"https:\/\/r2-toys.com\/index.php\/wp-json\/wp\/v2\/product_brand?post=6875"},{"taxonomy":"product_cat","embeddable":true,"href":"https:\/\/r2-toys.com\/index.php\/wp-json\/wp\/v2\/product_cat?post=6875"},{"taxonomy":"product_tag","embeddable":true,"href":"https:\/\/r2-toys.com\/index.php\/wp-json\/wp\/v2\/product_tag?post=6875"}],"curies":[{"name":"wp","href":"https:\/\/api.w.org\/{rel}","templated":true}]}}