{"id":6876,"date":"2024-02-21T06:00:33","date_gmt":"2024-02-21T00:00:33","guid":{"rendered":"https:\/\/r2-toys.com\/?post_type=product&#038;p=6876"},"modified":"2025-07-30T11:36:17","modified_gmt":"2025-07-30T05:36:17","slug":"6876","status":"publish","type":"product","link":"https:\/\/r2-toys.com\/index.php\/product\/6876\/","title":{"rendered":"Pre Vizsla"},"content":{"rendered":"<p class=\"p1\">Pre Vizsla\u00a0fue un\u00a0humano\u00a0del\u00a0planeta\u00a0Mandalore\u00a0y el l\u00edder de la\u00a0Guardia de la Muerte\u00a0durante las\u00a0Guerras Clon. Buscando derrocar a la duquesa\u00a0Satine Kryze\u00a0y su gobierno pacifista de los\u00a0Nuevos Mandalorianos, para restablecer las tradiciones guerreras de Mandalore, Vizsla se ali\u00f3 en secreto con el\u00a0Conde\u00a0Dooku\u00a0y la\u00a0Confederaci\u00f3n de Sistemas Independientes.<\/p>\n<p>&nbsp;<\/p>\n<p class=\"p1\">Esta figura de 9,5 cm cuenta con un excelente<span class=\"Apple-converted-space\">\u00a0 <\/span>dise\u00f1o, en empaques inspirados en la l\u00ednea original e incluye accesorios.<\/p>\n<p class=\"p1\">Edad recomendada: 4 a\u00f1os en adelante<\/p>\n<p class=\"p1\"><span class=\"s1\">\u26a0\ufe0f<\/span>ADVERTENCIA: PELIGRO DE ASFIXIA &#8211; Piezas peque\u00f1as. No apto para ni\u00f1os menores de 4 a\u00f1os.<\/p>\n<p class=\"p1\">Los productos Star Wars son producidos por Hasbro bajo licencia de Lucasfilm Ltd.<\/p>\n<p class=\"p1\">Hasbro y todos los t\u00e9rminos relacionados son marcas registradas de Hasbro.<\/p>\n","protected":false},"excerpt":{"rendered":"<p class=\"p1\">Pre Vizsla\u00a0fue un\u00a0humano\u00a0del\u00a0planeta\u00a0Mandalore\u00a0y el l\u00edder de la\u00a0Guardia de la Muerte\u00a0durante las\u00a0Guerras Clon. Buscando derrocar a la duquesa\u00a0Satine Kryze\u00a0y su gobierno pacifista de los\u00a0Nuevos Mandalorianos, para restablecer las tradiciones guerreras de Mandalore, Vizsla se ali\u00f3 en secreto con el\u00a0Conde\u00a0Dooku\u00a0y la\u00a0Confederaci\u00f3n de Sistemas Independientes.<\/p>\n","protected":false},"featured_media":6789,"comment_status":"open","ping_status":"closed","template":"","meta":[],"product_brand":[],"product_cat":[29],"product_tag":[],"class_list":{"0":"post-6876","1":"product","2":"type-product","3":"status-publish","4":"has-post-thumbnail","6":"product_cat-vintage","8":"first","9":"outofstock","10":"taxable","11":"shipping-taxable","12":"purchasable","13":"product-type-simple"},"_links":{"self":[{"href":"https:\/\/r2-toys.com\/index.php\/wp-json\/wp\/v2\/product\/6876","targetHints":{"allow":["GET"]}}],"collection":[{"href":"https:\/\/r2-toys.com\/index.php\/wp-json\/wp\/v2\/product"}],"about":[{"href":"https:\/\/r2-toys.com\/index.php\/wp-json\/wp\/v2\/types\/product"}],"replies":[{"embeddable":true,"href":"https:\/\/r2-toys.com\/index.php\/wp-json\/wp\/v2\/comments?post=6876"}],"wp:featuredmedia":[{"embeddable":true,"href":"https:\/\/r2-toys.com\/index.php\/wp-json\/wp\/v2\/media\/6789"}],"wp:attachment":[{"href":"https:\/\/r2-toys.com\/index.php\/wp-json\/wp\/v2\/media?parent=6876"}],"wp:term":[{"taxonomy":"product_brand","embeddable":true,"href":"https:\/\/r2-toys.com\/index.php\/wp-json\/wp\/v2\/product_brand?post=6876"},{"taxonomy":"product_cat","embeddable":true,"href":"https:\/\/r2-toys.com\/index.php\/wp-json\/wp\/v2\/product_cat?post=6876"},{"taxonomy":"product_tag","embeddable":true,"href":"https:\/\/r2-toys.com\/index.php\/wp-json\/wp\/v2\/product_tag?post=6876"}],"curies":[{"name":"wp","href":"https:\/\/api.w.org\/{rel}","templated":true}]}}