{"id":688,"date":"2022-03-30T06:00:25","date_gmt":"2022-03-30T00:00:25","guid":{"rendered":"https:\/\/r2-toys.com\/?post_type=product&#038;p=688"},"modified":"2025-12-10T15:12:36","modified_gmt":"2025-12-10T09:12:36","slug":"lando-calrissian-40th-anniversary","status":"publish","type":"product","link":"https:\/\/r2-toys.com\/index.php\/product\/lando-calrissian-40th-anniversary\/","title":{"rendered":"LANDO CALRISSIAN 40th ANNIVERSARY"},"content":{"rendered":"<p>Despu\u00e9s de perder el Halc\u00f3n Milenario ante Han Solo, Lando Calrissian se volvi\u00f3 semi-respetable como administrador de Cloud City.<\/p>\n<p>Celebre los 40 a\u00f1os de Star Wars: El Imperio Contraataca con esta figura de acci\u00f3n de Lando Calrissian The Black Series con un dise\u00f1o inspirado en la d\u00e9cada de 1980.<\/p>\n<p>Star Wars The Black Series Star Wars: The Empire Strikes Back 40th Anniversary Las figuras cl\u00e1sicas de Star Wars a escala de 15 cm cuentan con la marca Kenner original (cada una se vende por separado. Sujeto a disponibilidad).<\/p>\n<p>Los fan\u00e1ticos y coleccionistas de Star Wars pueden mostrar esta figura altamente articulada (4 extremidades completamente articuladas), con decoraci\u00f3n premium, en su figura de acci\u00f3n y colecci\u00f3n de veh\u00edculos.<\/p>\n<p>Incluye: figura y 2 accesorios.<\/p>\n<div>\n<p>Edad recomendada: 4 a\u00f1os en adelante<\/p>\n<\/div>\n<div>\n<p>\u26a0\ufe0f ADVERTENCIA: PELIGRO DE ASFIXIA &#8211; Piezas peque\u00f1as. No apto para ni\u00f1os menores de 4 a\u00f1os.<\/p>\n<\/div>\n<div>\n<p>Los productos Star Wars son producidos por Hasbro bajo licencia de Lucasfilm Ltd.<\/p>\n<\/div>\n<div>\n<p>Hasbro y todos los t\u00e9rminos relacionados son marcas de comercio de Hasbro.<\/p>\n<\/div>\n","protected":false},"excerpt":{"rendered":"<p>Despu\u00e9s de perder el Halc\u00f3n Milenario ante Han Solo, Lando Calrissian se volvi\u00f3 semi-respetable como administrador de Cloud City.<\/p>\n","protected":false},"featured_media":3086,"comment_status":"open","ping_status":"closed","template":"","meta":[],"product_brand":[],"product_cat":[29],"product_tag":[],"class_list":{"0":"post-688","1":"product","2":"type-product","3":"status-publish","4":"has-post-thumbnail","6":"product_cat-vintage","8":"first","9":"instock","10":"taxable","11":"shipping-taxable","12":"purchasable","13":"product-type-simple"},"_links":{"self":[{"href":"https:\/\/r2-toys.com\/index.php\/wp-json\/wp\/v2\/product\/688","targetHints":{"allow":["GET"]}}],"collection":[{"href":"https:\/\/r2-toys.com\/index.php\/wp-json\/wp\/v2\/product"}],"about":[{"href":"https:\/\/r2-toys.com\/index.php\/wp-json\/wp\/v2\/types\/product"}],"replies":[{"embeddable":true,"href":"https:\/\/r2-toys.com\/index.php\/wp-json\/wp\/v2\/comments?post=688"}],"wp:featuredmedia":[{"embeddable":true,"href":"https:\/\/r2-toys.com\/index.php\/wp-json\/wp\/v2\/media\/3086"}],"wp:attachment":[{"href":"https:\/\/r2-toys.com\/index.php\/wp-json\/wp\/v2\/media?parent=688"}],"wp:term":[{"taxonomy":"product_brand","embeddable":true,"href":"https:\/\/r2-toys.com\/index.php\/wp-json\/wp\/v2\/product_brand?post=688"},{"taxonomy":"product_cat","embeddable":true,"href":"https:\/\/r2-toys.com\/index.php\/wp-json\/wp\/v2\/product_cat?post=688"},{"taxonomy":"product_tag","embeddable":true,"href":"https:\/\/r2-toys.com\/index.php\/wp-json\/wp\/v2\/product_tag?post=688"}],"curies":[{"name":"wp","href":"https:\/\/api.w.org\/{rel}","templated":true}]}}