{"id":6883,"date":"2024-02-21T06:50:46","date_gmt":"2024-02-21T00:50:46","guid":{"rendered":"https:\/\/r2-toys.com\/?post_type=product&#038;p=6883"},"modified":"2026-02-20T07:13:06","modified_gmt":"2026-02-20T01:13:06","slug":"batmobile","status":"publish","type":"product","link":"https:\/\/r2-toys.com\/index.php\/product\/batmobile\/","title":{"rendered":"Batmobile 1966"},"content":{"rendered":"<p>Batman y Robin tienen muchos dispositivos en su arsenal, pero ninguno m\u00e1s de alta tecnolog\u00eda y elegante que el Batmobile, listo para encenderse con solo tocar un bot\u00f3n. Cuando el Dynamic Duo se enfrenta a un peligro inminente, los rayos l\u00e1ser, los imanes y un bot\u00f3n de paraca\u00eddas se vuelven muy \u00fatiles. Y no hay necesidad de preocuparse por adquisiciones villanas, buen ciudadano, el activador antirrobo es todo lo que el cruzado con capa necesita para proteger su invaluable veh\u00edculo.<\/p>\n<ul class=\"a-unordered-list a-vertical a-spacing-mini\">\n<li class=\"a-spacing-mini\"><span class=\"a-list-item\">Basado en el cl\u00e1sico programa de televisi\u00f3n de los a\u00f1os 60<\/span><\/li>\n<li class=\"a-spacing-mini\"><span class=\"a-list-item\">Dise\u00f1ado con ruedas giratorias y volante giratorio<\/span><\/li>\n<li class=\"a-spacing-mini\"><span class=\"a-list-item\">Puede adaptarse a cifras a escala de McFarlane Toys Batman y Robin de 6 pulgadas de la serie Batman de 1960<\/span><\/li>\n<li class=\"a-spacing-mini\"><span class=\"a-list-item\">Empaquetado en una caja con el ic\u00f3nico aspecto de la vieja escuela de la serie Batman de los a\u00f1os 60<\/span><\/li>\n<li class=\"a-spacing-mini\"><span class=\"a-list-item\">Colecciona todas las cifras retro de McFarlane Toys DC<\/span><\/li>\n<\/ul>\n<p class=\"p3\">Edad recomendada: 12 a\u00f1os en adelante<\/p>\n<p class=\"p3\"><span class=\"s1\">\u26a0\ufe0f<\/span>ADVERTENCIA: PELIGRO DE ASFIXIA \u2013 Piezas peque\u00f1as. No apto para ni\u00f1os menores de 12 a\u00f1os.<\/p>\n<p class=\"p3\">Los productos son producidos por McFarlane bajo licencia de DC comics.<\/p>\n<p class=\"p3\">McFarlane, DC Comics y<span class=\"Apple-converted-space\">\u00a0\u00a0<\/span>todos los t\u00e9rminos relacionados son marcas registradas de Mc Farlane y DC Comics.<\/p>\n","protected":false},"excerpt":{"rendered":"<p>Batman y Robin tienen muchos dispositivos en su arsenal, pero ninguno m\u00e1s de alta tecnolog\u00eda y elegante que el Batmobile, listo para encenderse con solo tocar un bot\u00f3n. Cuando el Dynamic Duo se enfrenta a un peligro inminente, los rayos l\u00e1ser, los imanes y un bot\u00f3n de paraca\u00eddas se vuelven muy \u00fatiles. Y no hay necesidad de preocuparse por adquisiciones villanas, buen ciudadano, el activador antirrobo es todo lo que el cruzado con capa necesita para proteger su invaluable veh\u00edculo.<\/p>\n","protected":false},"featured_media":6803,"comment_status":"open","ping_status":"closed","template":"","meta":[],"product_brand":[],"product_cat":[21],"product_tag":[],"class_list":{"0":"post-6883","1":"product","2":"type-product","3":"status-publish","4":"has-post-thumbnail","6":"product_cat-retro","8":"first","9":"instock","10":"taxable","11":"shipping-taxable","12":"purchasable","13":"product-type-simple"},"_links":{"self":[{"href":"https:\/\/r2-toys.com\/index.php\/wp-json\/wp\/v2\/product\/6883","targetHints":{"allow":["GET"]}}],"collection":[{"href":"https:\/\/r2-toys.com\/index.php\/wp-json\/wp\/v2\/product"}],"about":[{"href":"https:\/\/r2-toys.com\/index.php\/wp-json\/wp\/v2\/types\/product"}],"replies":[{"embeddable":true,"href":"https:\/\/r2-toys.com\/index.php\/wp-json\/wp\/v2\/comments?post=6883"}],"wp:featuredmedia":[{"embeddable":true,"href":"https:\/\/r2-toys.com\/index.php\/wp-json\/wp\/v2\/media\/6803"}],"wp:attachment":[{"href":"https:\/\/r2-toys.com\/index.php\/wp-json\/wp\/v2\/media?parent=6883"}],"wp:term":[{"taxonomy":"product_brand","embeddable":true,"href":"https:\/\/r2-toys.com\/index.php\/wp-json\/wp\/v2\/product_brand?post=6883"},{"taxonomy":"product_cat","embeddable":true,"href":"https:\/\/r2-toys.com\/index.php\/wp-json\/wp\/v2\/product_cat?post=6883"},{"taxonomy":"product_tag","embeddable":true,"href":"https:\/\/r2-toys.com\/index.php\/wp-json\/wp\/v2\/product_tag?post=6883"}],"curies":[{"name":"wp","href":"https:\/\/api.w.org\/{rel}","templated":true}]}}