{"id":699,"date":"2022-03-29T01:01:07","date_gmt":"2022-03-28T19:01:07","guid":{"rendered":"https:\/\/r2-toys.com\/?post_type=product&#038;p=699"},"modified":"2023-05-23T10:10:09","modified_gmt":"2023-05-23T04:10:09","slug":"luke-skywalker-snowspeeder-40th-anniversary","status":"publish","type":"product","link":"https:\/\/r2-toys.com\/index.php\/product\/luke-skywalker-snowspeeder-40th-anniversary\/","title":{"rendered":"LUKE SKYWALKER SNOWSPEEDER 40th ANNIVERSARY"},"content":{"rendered":"<p>Durante la Batalla de Hoth, Luke Skywalker pilot\u00f3 un Snowspeeder y lider\u00f3 la Alianza Rebelde contra las fuerzas terrestres del Imperio.<\/p>\n<p>Recuerde momentos intensos de Star Wars Galaxy con esta figura de acci\u00f3n de Luke Skywalker (Snowspeeder) de escala de 15 cm de Star Wars The Black Series 40 aniversario que incluye 2 accesorios y presenta una decoraci\u00f3n de primera calidad en m\u00faltiples puntos de articulaci\u00f3n.<\/p>\n<p>Incluye: figura y 2 accesorios.<\/p>\n<p>Los fan\u00e1ticos y coleccionistas de Star Wars pueden exhibir esta figura altamente articulada (4 extremidades totalmente articuladas), con decoraci\u00f3n premium, en su figura de acci\u00f3n y colecci\u00f3n de veh\u00edculos.<\/p>\n<div>\n<p>Edad recomendada: 4 a\u00f1os en adelante<\/p>\n<\/div>\n<div>\n<p>\u26a0\ufe0f ADVERTENCIA: PELIGRO DE ASFIXIA &#8211; Piezas peque\u00f1as. No apto para ni\u00f1os menores de 4 a\u00f1os.<\/p>\n<\/div>\n<div>\n<p>Los productos Star Wars son producidos por Hasbro bajo licencia de Lucasfilm Ltd.<\/p>\n<\/div>\n<div>\n<p>Hasbro y todos los t\u00e9rminos relacionados son marcas de comercio de Hasbro.<\/p>\n<\/div>\n","protected":false},"excerpt":{"rendered":"<p>Durante la Batalla de Hoth, Luke Skywalker pilot\u00f3 un Snowspeeder y lider\u00f3 la Alianza Rebelde contra las fuerzas terrestres del Imperio.<\/p>\n","protected":false},"featured_media":3100,"comment_status":"open","ping_status":"closed","template":"","meta":[],"product_brand":[],"product_cat":[29],"product_tag":[],"class_list":{"0":"post-699","1":"product","2":"type-product","3":"status-publish","4":"has-post-thumbnail","6":"product_cat-vintage","8":"first","9":"outofstock","10":"taxable","11":"shipping-taxable","12":"purchasable","13":"product-type-simple"},"_links":{"self":[{"href":"https:\/\/r2-toys.com\/index.php\/wp-json\/wp\/v2\/product\/699","targetHints":{"allow":["GET"]}}],"collection":[{"href":"https:\/\/r2-toys.com\/index.php\/wp-json\/wp\/v2\/product"}],"about":[{"href":"https:\/\/r2-toys.com\/index.php\/wp-json\/wp\/v2\/types\/product"}],"replies":[{"embeddable":true,"href":"https:\/\/r2-toys.com\/index.php\/wp-json\/wp\/v2\/comments?post=699"}],"wp:featuredmedia":[{"embeddable":true,"href":"https:\/\/r2-toys.com\/index.php\/wp-json\/wp\/v2\/media\/3100"}],"wp:attachment":[{"href":"https:\/\/r2-toys.com\/index.php\/wp-json\/wp\/v2\/media?parent=699"}],"wp:term":[{"taxonomy":"product_brand","embeddable":true,"href":"https:\/\/r2-toys.com\/index.php\/wp-json\/wp\/v2\/product_brand?post=699"},{"taxonomy":"product_cat","embeddable":true,"href":"https:\/\/r2-toys.com\/index.php\/wp-json\/wp\/v2\/product_cat?post=699"},{"taxonomy":"product_tag","embeddable":true,"href":"https:\/\/r2-toys.com\/index.php\/wp-json\/wp\/v2\/product_tag?post=699"}],"curies":[{"name":"wp","href":"https:\/\/api.w.org\/{rel}","templated":true}]}}