{"id":6997,"date":"2024-03-04T05:21:43","date_gmt":"2024-03-03T23:21:43","guid":{"rendered":"https:\/\/r2-toys.com\/?post_type=product&#038;p=6997"},"modified":"2024-03-04T05:21:43","modified_gmt":"2024-03-03T23:21:43","slug":"millenium-falcon-bandai-no-006","status":"publish","type":"product","link":"https:\/\/r2-toys.com\/index.php\/product\/millenium-falcon-bandai-no-006\/","title":{"rendered":"Millenium Falcon Bandai No. 006"},"content":{"rendered":"<p>Carguero ligero corelliano<span class=\"Apple-converted-space\">\u00a0\u00a0<\/span>modificado, el Halc\u00f3n Milenario es una leyenda en los c\u00edrculos de contrabandistas. Considerado la chatarra m\u00e1s r\u00e1pido de la galaxia que hizo el Kessel Run en menos de 12 parsecs. Ha jugado un papel en algunas de las mayores victorias de la Alianza Rebelde y la Nueva Rep\u00fablica. A pesar de sus defectos, sus due\u00f1os la aman: Han Solo y Chewbacca pasaron a\u00f1os buscando en la galaxia la nave que alguna vez llamaron hogar, y se regocijaron cuando finalmente la recuperaron.<\/p>\n<p>Este set incluye 1 modelo de pl\u00e1stico a escala 1:144\u00a0 incre\u00edblemente detallado y de f\u00e1cil de armado. Incluyen soporte y calcoman\u00edas<\/p>\n<p>Medidas Aproximadas 1,5 x 3,5 x 6 pulgadas<\/p>\n<p>&nbsp;<\/p>\n<p>Edad recomendada: 14 a\u00f1os en adelante<\/p>\n<p>\u26a0\ufe0fADVERTENCIA: PELIGRO DE ASFIXIA &#8211; Piezas peque\u00f1as. No apto para ni\u00f1os menores de 14 a\u00f1os.<\/p>\n<p>Los productos Star Wars son producidos por Bandai bajo licencia de Lucasfilm Ltd.<\/p>\n<p>Bandai y todos los t\u00e9rminos relacionados son marcas registradas de Bandai.<\/p>\n","protected":false},"excerpt":{"rendered":"<p>Carguero ligero corelliano<span class=\"Apple-converted-space\">\u00a0\u00a0<\/span>modificado, el Halc\u00f3n Milenario es una leyenda en los c\u00edrculos de contrabandistas. Considerado la chatarra m\u00e1s r\u00e1pido de la galaxia que hizo el Kessel Run en menos de 12 parsecs. Ha jugado un papel en algunas de las mayores victorias de la Alianza Rebelde y la Nueva Rep\u00fablica. A pesar de sus defectos, sus due\u00f1os la aman: Han Solo y Chewbacca pasaron a\u00f1os buscando en la galaxia la nave que alguna vez llamaron hogar, y se regocijaron cuando finalmente la recuperaron.<\/p>\n","protected":false},"featured_media":6893,"comment_status":"open","ping_status":"closed","template":"","meta":[],"product_brand":[],"product_cat":[25],"product_tag":[],"class_list":{"0":"post-6997","1":"product","2":"type-product","3":"status-publish","4":"has-post-thumbnail","6":"product_cat-armables","8":"first","9":"instock","10":"taxable","11":"shipping-taxable","12":"purchasable","13":"product-type-simple"},"_links":{"self":[{"href":"https:\/\/r2-toys.com\/index.php\/wp-json\/wp\/v2\/product\/6997","targetHints":{"allow":["GET"]}}],"collection":[{"href":"https:\/\/r2-toys.com\/index.php\/wp-json\/wp\/v2\/product"}],"about":[{"href":"https:\/\/r2-toys.com\/index.php\/wp-json\/wp\/v2\/types\/product"}],"replies":[{"embeddable":true,"href":"https:\/\/r2-toys.com\/index.php\/wp-json\/wp\/v2\/comments?post=6997"}],"wp:featuredmedia":[{"embeddable":true,"href":"https:\/\/r2-toys.com\/index.php\/wp-json\/wp\/v2\/media\/6893"}],"wp:attachment":[{"href":"https:\/\/r2-toys.com\/index.php\/wp-json\/wp\/v2\/media?parent=6997"}],"wp:term":[{"taxonomy":"product_brand","embeddable":true,"href":"https:\/\/r2-toys.com\/index.php\/wp-json\/wp\/v2\/product_brand?post=6997"},{"taxonomy":"product_cat","embeddable":true,"href":"https:\/\/r2-toys.com\/index.php\/wp-json\/wp\/v2\/product_cat?post=6997"},{"taxonomy":"product_tag","embeddable":true,"href":"https:\/\/r2-toys.com\/index.php\/wp-json\/wp\/v2\/product_tag?post=6997"}],"curies":[{"name":"wp","href":"https:\/\/api.w.org\/{rel}","templated":true}]}}