{"id":7002,"date":"2024-03-04T05:43:37","date_gmt":"2024-03-03T23:43:37","guid":{"rendered":"https:\/\/r2-toys.com\/?post_type=product&#038;p=7002"},"modified":"2026-01-24T08:07:15","modified_gmt":"2026-01-24T02:07:15","slug":"ahsoka-tano-3","status":"publish","type":"product","link":"https:\/\/r2-toys.com\/index.php\/product\/ahsoka-tano-3\/","title":{"rendered":"Ahsoka Tano (Ahsoka)"},"content":{"rendered":"<p>PUna mujer togruta, fue la aprendiz padawan de Anakin Skywalker y una hero\u00edna de las Guerras Clon. Junto a Anakin, pas\u00f3 de ser una estudiante testaruda a una l\u00edder madura. Pero su destino estaba en un camino diferente al de los Jedi.<\/p>\n<p>Esta figura de 15cm presenta m\u00faltiples puntos de articulaci\u00f3n y dise\u00f1o incre\u00edble. Incluye accesorios.<\/p>\n<p>Edad recomendada: 4 a\u00f1os en adelante<\/p>\n<p>\u26a0\ufe0fADVERTENCIA: PELIGRO DE ASFIXIA &#8211; Piezas peque\u00f1as. No apto para ni\u00f1os menores de 4 a\u00f1os.<\/p>\n<p>Los productos Star Wars son producidos por Hasbro bajo licencia de Lucasfilm Ltd.<\/p>\n<p>Hasbro y todos los t\u00e9rminos relacionados son marcas registradas de Hasbro.<\/p>\n","protected":false},"excerpt":{"rendered":"<blockquote><p>Una mujer togruta, fue la aprendiz padawan de Anakin Skywalker y una hero\u00edna de las Guerras Clon. Junto a Anakin, pas\u00f3 de ser una estudiante testaruda a una l\u00edder madura. Pero su destino estaba en un camino diferente al de los Jedi.<\/p><\/blockquote>\n","protected":false},"featured_media":6902,"comment_status":"open","ping_status":"closed","template":"","meta":[],"product_brand":[],"product_cat":[28],"product_tag":[],"class_list":{"0":"post-7002","1":"product","2":"type-product","3":"status-publish","4":"has-post-thumbnail","6":"product_cat-black-series","8":"first","9":"instock","10":"taxable","11":"shipping-taxable","12":"purchasable","13":"product-type-simple"},"_links":{"self":[{"href":"https:\/\/r2-toys.com\/index.php\/wp-json\/wp\/v2\/product\/7002","targetHints":{"allow":["GET"]}}],"collection":[{"href":"https:\/\/r2-toys.com\/index.php\/wp-json\/wp\/v2\/product"}],"about":[{"href":"https:\/\/r2-toys.com\/index.php\/wp-json\/wp\/v2\/types\/product"}],"replies":[{"embeddable":true,"href":"https:\/\/r2-toys.com\/index.php\/wp-json\/wp\/v2\/comments?post=7002"}],"wp:featuredmedia":[{"embeddable":true,"href":"https:\/\/r2-toys.com\/index.php\/wp-json\/wp\/v2\/media\/6902"}],"wp:attachment":[{"href":"https:\/\/r2-toys.com\/index.php\/wp-json\/wp\/v2\/media?parent=7002"}],"wp:term":[{"taxonomy":"product_brand","embeddable":true,"href":"https:\/\/r2-toys.com\/index.php\/wp-json\/wp\/v2\/product_brand?post=7002"},{"taxonomy":"product_cat","embeddable":true,"href":"https:\/\/r2-toys.com\/index.php\/wp-json\/wp\/v2\/product_cat?post=7002"},{"taxonomy":"product_tag","embeddable":true,"href":"https:\/\/r2-toys.com\/index.php\/wp-json\/wp\/v2\/product_tag?post=7002"}],"curies":[{"name":"wp","href":"https:\/\/api.w.org\/{rel}","templated":true}]}}