{"id":7010,"date":"2024-03-04T06:21:38","date_gmt":"2024-03-04T00:21:38","guid":{"rendered":"https:\/\/r2-toys.com\/?post_type=product&#038;p=7010"},"modified":"2025-12-10T07:16:26","modified_gmt":"2025-12-10T01:16:26","slug":"ahsoka-tano-4","status":"publish","type":"product","link":"https:\/\/r2-toys.com\/index.php\/product\/ahsoka-tano-4\/","title":{"rendered":"Ahsoka Tano"},"content":{"rendered":"<p>Una mujer togruta, fue la aprendiz padawan de Anakin Skywalker y una hero\u00edna de las Guerras Clon. Junto a Anakin, pas\u00f3 de ser una estudiante testaruda a una l\u00edder madura. Pero su destino estaba en un camino diferente al de los Jedi.<\/p>\n<p class=\"p1\">Ambientada despu\u00e9s de la ca\u00edda del Imperio, Ahsoka sigue a la ex Caballero Jedi Ahsoka Tano mientras investiga una amenaza emergente para una galaxia vulnerable.<\/p>\n<p>Esta figura de 9,5 cm cuenta con un excelente<span class=\"Apple-converted-space\">\u00a0 <\/span>dise\u00f1o, en empaques inspirados en la l\u00ednea original e incluye 2 accesorio.<\/p>\n<p>Edad recomendada: 4 a\u00f1os en adelante<\/p>\n<p>\u26a0\ufe0fADVERTENCIA: PELIGRO DE ASFIXIA &#8211; Piezas peque\u00f1as. No apto para ni\u00f1os menores de 4 a\u00f1os.<\/p>\n<p>Los productos Star Wars son producidos por Hasbro bajo licencia de Lucasfilm Ltd.<\/p>\n<p>Hasbro y todos los t\u00e9rminos relacionados son marcas registradas de Hasbro.<\/p>\n","protected":false},"excerpt":{"rendered":"<p>Una mujer togruta, fue la aprendiz padawan de Anakin Skywalker y una hero\u00edna de las Guerras Clon. Junto a Anakin, pas\u00f3 de ser una estudiante testaruda a una l\u00edder madura. Pero su destino estaba en un camino diferente al de los Jedi.<\/p>\n<p class=\"p1\">Ambientada despu\u00e9s de la ca\u00edda del Imperio, Ahsoka sigue a la ex Caballero Jedi Ahsoka Tano mientras investiga una amenaza emergente para una galaxia vulnerable.<\/p>\n","protected":false},"featured_media":6916,"comment_status":"open","ping_status":"closed","template":"","meta":[],"product_brand":[],"product_cat":[29],"product_tag":[],"class_list":{"0":"post-7010","1":"product","2":"type-product","3":"status-publish","4":"has-post-thumbnail","6":"product_cat-vintage","8":"first","9":"instock","10":"taxable","11":"shipping-taxable","12":"purchasable","13":"product-type-simple"},"_links":{"self":[{"href":"https:\/\/r2-toys.com\/index.php\/wp-json\/wp\/v2\/product\/7010","targetHints":{"allow":["GET"]}}],"collection":[{"href":"https:\/\/r2-toys.com\/index.php\/wp-json\/wp\/v2\/product"}],"about":[{"href":"https:\/\/r2-toys.com\/index.php\/wp-json\/wp\/v2\/types\/product"}],"replies":[{"embeddable":true,"href":"https:\/\/r2-toys.com\/index.php\/wp-json\/wp\/v2\/comments?post=7010"}],"wp:featuredmedia":[{"embeddable":true,"href":"https:\/\/r2-toys.com\/index.php\/wp-json\/wp\/v2\/media\/6916"}],"wp:attachment":[{"href":"https:\/\/r2-toys.com\/index.php\/wp-json\/wp\/v2\/media?parent=7010"}],"wp:term":[{"taxonomy":"product_brand","embeddable":true,"href":"https:\/\/r2-toys.com\/index.php\/wp-json\/wp\/v2\/product_brand?post=7010"},{"taxonomy":"product_cat","embeddable":true,"href":"https:\/\/r2-toys.com\/index.php\/wp-json\/wp\/v2\/product_cat?post=7010"},{"taxonomy":"product_tag","embeddable":true,"href":"https:\/\/r2-toys.com\/index.php\/wp-json\/wp\/v2\/product_tag?post=7010"}],"curies":[{"name":"wp","href":"https:\/\/api.w.org\/{rel}","templated":true}]}}