{"id":7023,"date":"2024-03-04T06:57:04","date_gmt":"2024-03-04T00:57:04","guid":{"rendered":"https:\/\/r2-toys.com\/?post_type=product&#038;p=7023"},"modified":"2026-02-22T10:40:08","modified_gmt":"2026-02-22T04:40:08","slug":"r5-d4","status":"publish","type":"product","link":"https:\/\/r2-toys.com\/index.php\/product\/r5-d4\/","title":{"rendered":"R5-D4"},"content":{"rendered":"<p>Era un\u00a0droide astromec\u00e1nico\u00a0R5\u00a0de rayas\u00a0rojas\u00a0y blancas propiedad de un grupo de\u00a0jawas\u00a0en\u00a0Tatooine\u00a0en los primeros d\u00edas de la\u00a0Guerra Civil Gal\u00e1ctica. Poco antes de la\u00a0Batalla de Yavin, los jawas intentaron vend\u00e9rselo a\u00a0Owen Lars, pero el\u00a0droide\u00a0fall\u00f3 deliberadamente en su\u00a0motivador\u00a0siguiendo el consejo de\u00a0R2-D2, para que Lars pudiera comprar R2-D2 en lugar de R5-D4.<\/p>\n<p>Droide astromec\u00e1nico maltrecho ha tenido una larga vida operativa con diferentes propietarios en Tatooine durante d\u00e9cadas, ahora reside en el muelle 3-5 del espaciopuerto de Mos Eisley, al servicio de Pell Motto.<\/p>\n<p class=\"p1\">Edad recomendada: 4 a\u00f1os en adelante<\/p>\n<p class=\"p1\"><span class=\"s1\">\u26a0\ufe0f<\/span>ADVERTENCIA: PELIGRO DE ASFIXIA &#8211; Piezas peque\u00f1as. No apto para ni\u00f1os menores de 4 a\u00f1os.<\/p>\n<p class=\"p1\">Los productos Star Wars son producidos por Hasbro bajo licencia de Lucasfilm Ltd.<\/p>\n<p class=\"p1\">Hasbro y todos los t\u00e9rminos relacionados son marcas registradas de Hasbro.<\/p>\n","protected":false},"excerpt":{"rendered":"<p>Era un\u00a0droide astromec\u00e1nico\u00a0R5\u00a0de rayas\u00a0rojas\u00a0y blancas propiedad de un grupo de\u00a0jawas\u00a0en\u00a0Tatooine\u00a0en los primeros d\u00edas de la\u00a0Guerra Civil Gal\u00e1ctica. Poco antes de la\u00a0Batalla de Yavin, los jawas intentaron vend\u00e9rselo a\u00a0Owen Lars, pero el\u00a0droide\u00a0fall\u00f3 deliberadamente en su\u00a0motivador\u00a0siguiendo el consejo de\u00a0R2-D2, para que Lars pudiera comprar R2-D2 en lugar de R5-D4.<\/p>\n<p>Droide astromec\u00e1nico maltrecho ha tenido una larga vida operativa con diferentes propietarios en Tatooine durante d\u00e9cadas, ahora reside en el muelle 3-5 del espaciopuerto de Mos Eisley, al servicio de Pell Motto.<\/p>\n","protected":false},"featured_media":6945,"comment_status":"open","ping_status":"closed","template":"","meta":[],"product_brand":[],"product_cat":[28],"product_tag":[],"class_list":{"0":"post-7023","1":"product","2":"type-product","3":"status-publish","4":"has-post-thumbnail","6":"product_cat-black-series","8":"first","9":"instock","10":"taxable","11":"shipping-taxable","12":"purchasable","13":"product-type-simple"},"_links":{"self":[{"href":"https:\/\/r2-toys.com\/index.php\/wp-json\/wp\/v2\/product\/7023","targetHints":{"allow":["GET"]}}],"collection":[{"href":"https:\/\/r2-toys.com\/index.php\/wp-json\/wp\/v2\/product"}],"about":[{"href":"https:\/\/r2-toys.com\/index.php\/wp-json\/wp\/v2\/types\/product"}],"replies":[{"embeddable":true,"href":"https:\/\/r2-toys.com\/index.php\/wp-json\/wp\/v2\/comments?post=7023"}],"wp:featuredmedia":[{"embeddable":true,"href":"https:\/\/r2-toys.com\/index.php\/wp-json\/wp\/v2\/media\/6945"}],"wp:attachment":[{"href":"https:\/\/r2-toys.com\/index.php\/wp-json\/wp\/v2\/media?parent=7023"}],"wp:term":[{"taxonomy":"product_brand","embeddable":true,"href":"https:\/\/r2-toys.com\/index.php\/wp-json\/wp\/v2\/product_brand?post=7023"},{"taxonomy":"product_cat","embeddable":true,"href":"https:\/\/r2-toys.com\/index.php\/wp-json\/wp\/v2\/product_cat?post=7023"},{"taxonomy":"product_tag","embeddable":true,"href":"https:\/\/r2-toys.com\/index.php\/wp-json\/wp\/v2\/product_tag?post=7023"}],"curies":[{"name":"wp","href":"https:\/\/api.w.org\/{rel}","templated":true}]}}