{"id":7026,"date":"2024-03-04T07:09:17","date_gmt":"2024-03-04T01:09:17","guid":{"rendered":"https:\/\/r2-toys.com\/?post_type=product&#038;p=7026"},"modified":"2026-01-03T04:45:12","modified_gmt":"2026-01-02T22:45:12","slug":"general-hera-syndulla-3","status":"publish","type":"product","link":"https:\/\/r2-toys.com\/index.php\/product\/general-hera-syndulla-3\/","title":{"rendered":"General Hera Syndulla"},"content":{"rendered":"<p>La capitana y el coraz\u00f3n de la tripulaci\u00f3n Ghost, Hera Syndulla era una piloto y l\u00edder talentosa. La twi\u2019lek pod\u00eda sacar lo mejor de su equipo, haci\u00e9ndoles creer en s\u00ed mismos.<\/p>\n<p class=\"p1\">Ambientada despu\u00e9s de la ca\u00edda del Imperio, Ahsoka sigue a la ex Caballero Jedi Ahsoka Tano mientras investiga una amenaza emergente para una galaxia vulnerable.<\/p>\n<p class=\"p1\">\u26a0\ufe0fEdad recomendada: 4 a\u00f1os en adelante<\/p>\n<p>ADVERTENCIA: PELIGRO DE ASFIXIA &#8211; Piezas peque\u00f1as. No apto para ni\u00f1os menores de 4 a\u00f1os.<\/p>\n<p>Los productos Star Wars son producidos por Hasbro bajo licencia de Lucasfilm Ltd.<\/p>\n<p>Hasbro y todos los t\u00e9rminos relacionados son marcas registradas de Hasbro.<\/p>\n<p>&nbsp;<\/p>\n<p>&nbsp;<\/p>\n","protected":false},"excerpt":{"rendered":"<p>La capitana y el coraz\u00f3n de la tripulaci\u00f3n Ghost, Hera Syndulla era una piloto y l\u00edder talentosa. La twi\u2019lek pod\u00eda sacar lo mejor de su equipo, haci\u00e9ndoles creer en s\u00ed mismos.<\/p>\n<p class=\"p1\">Ambientada despu\u00e9s de la ca\u00edda del Imperio, Ahsoka sigue a la ex Caballero Jedi Ahsoka Tano mientras investiga una amenaza emergente para una galaxia vulnerable.<\/p>\n<p>&nbsp;<\/p>\n","protected":false},"featured_media":6962,"comment_status":"open","ping_status":"closed","template":"","meta":[],"product_brand":[],"product_cat":[28],"product_tag":[],"class_list":{"0":"post-7026","1":"product","2":"type-product","3":"status-publish","4":"has-post-thumbnail","6":"product_cat-black-series","8":"first","9":"instock","10":"taxable","11":"shipping-taxable","12":"purchasable","13":"product-type-simple"},"_links":{"self":[{"href":"https:\/\/r2-toys.com\/index.php\/wp-json\/wp\/v2\/product\/7026","targetHints":{"allow":["GET"]}}],"collection":[{"href":"https:\/\/r2-toys.com\/index.php\/wp-json\/wp\/v2\/product"}],"about":[{"href":"https:\/\/r2-toys.com\/index.php\/wp-json\/wp\/v2\/types\/product"}],"replies":[{"embeddable":true,"href":"https:\/\/r2-toys.com\/index.php\/wp-json\/wp\/v2\/comments?post=7026"}],"wp:featuredmedia":[{"embeddable":true,"href":"https:\/\/r2-toys.com\/index.php\/wp-json\/wp\/v2\/media\/6962"}],"wp:attachment":[{"href":"https:\/\/r2-toys.com\/index.php\/wp-json\/wp\/v2\/media?parent=7026"}],"wp:term":[{"taxonomy":"product_brand","embeddable":true,"href":"https:\/\/r2-toys.com\/index.php\/wp-json\/wp\/v2\/product_brand?post=7026"},{"taxonomy":"product_cat","embeddable":true,"href":"https:\/\/r2-toys.com\/index.php\/wp-json\/wp\/v2\/product_cat?post=7026"},{"taxonomy":"product_tag","embeddable":true,"href":"https:\/\/r2-toys.com\/index.php\/wp-json\/wp\/v2\/product_tag?post=7026"}],"curies":[{"name":"wp","href":"https:\/\/api.w.org\/{rel}","templated":true}]}}