{"id":7031,"date":"2024-03-04T07:29:15","date_gmt":"2024-03-04T01:29:15","guid":{"rendered":"https:\/\/r2-toys.com\/?post_type=product&#038;p=7031"},"modified":"2024-03-04T07:31:14","modified_gmt":"2024-03-04T01:31:14","slug":"spider-man-the-infinity-saga","status":"publish","type":"product","link":"https:\/\/r2-toys.com\/index.php\/product\/spider-man-the-infinity-saga\/","title":{"rendered":"Spider-Man The Infinity Saga"},"content":{"rendered":"<p>En lo alto, balance\u00e1ndose por las calles, Spider-Man detiene a los criminales que parecen imposibles de vencer.<\/p>\n<p>Con m\u00e1s de 80 a\u00f1os de historia del entretenimiento, Marvel se ha convertido en la piedra angular de las colecciones de fans de todo el mundo.<span class=\"Apple-converted-space\">\u00a0<\/span><\/p>\n<p>Edad recomendada: 4 a\u00f1os en adelante<\/p>\n<p>\u26a0\ufe0f ADVERTENCIA: PELIGRO DE ASFIXIA \u2013 Piezas peque\u00f1as. No apto para ni\u00f1os menores de 4 a\u00f1os.<\/p>\n<p>Los productos son producidos por Hasbro bajo licencia de Marvel<\/p>\n<p>Hasbro, Marvel y<span class=\"Apple-converted-space\">\u00a0 <\/span>todos los t\u00e9rminos relacionados son marcas registradas de Hasbro y Marvel.<\/p>\n","protected":false},"excerpt":{"rendered":"<p>En lo alto, balance\u00e1ndose por las calles, Spider-Man detiene a los criminales que parecen imposibles de vencer.<\/p>\n","protected":false},"featured_media":6969,"comment_status":"open","ping_status":"closed","template":"","meta":[],"product_brand":[],"product_cat":[21],"product_tag":[],"class_list":{"0":"post-7031","1":"product","2":"type-product","3":"status-publish","4":"has-post-thumbnail","6":"product_cat-retro","8":"first","9":"instock","10":"taxable","11":"shipping-taxable","12":"purchasable","13":"product-type-simple"},"_links":{"self":[{"href":"https:\/\/r2-toys.com\/index.php\/wp-json\/wp\/v2\/product\/7031","targetHints":{"allow":["GET"]}}],"collection":[{"href":"https:\/\/r2-toys.com\/index.php\/wp-json\/wp\/v2\/product"}],"about":[{"href":"https:\/\/r2-toys.com\/index.php\/wp-json\/wp\/v2\/types\/product"}],"replies":[{"embeddable":true,"href":"https:\/\/r2-toys.com\/index.php\/wp-json\/wp\/v2\/comments?post=7031"}],"wp:featuredmedia":[{"embeddable":true,"href":"https:\/\/r2-toys.com\/index.php\/wp-json\/wp\/v2\/media\/6969"}],"wp:attachment":[{"href":"https:\/\/r2-toys.com\/index.php\/wp-json\/wp\/v2\/media?parent=7031"}],"wp:term":[{"taxonomy":"product_brand","embeddable":true,"href":"https:\/\/r2-toys.com\/index.php\/wp-json\/wp\/v2\/product_brand?post=7031"},{"taxonomy":"product_cat","embeddable":true,"href":"https:\/\/r2-toys.com\/index.php\/wp-json\/wp\/v2\/product_cat?post=7031"},{"taxonomy":"product_tag","embeddable":true,"href":"https:\/\/r2-toys.com\/index.php\/wp-json\/wp\/v2\/product_tag?post=7031"}],"curies":[{"name":"wp","href":"https:\/\/api.w.org\/{rel}","templated":true}]}}