{"id":706,"date":"2022-03-29T01:01:52","date_gmt":"2022-03-28T19:01:52","guid":{"rendered":"https:\/\/r2-toys.com\/?post_type=product&#038;p=706"},"modified":"2025-04-17T09:17:22","modified_gmt":"2025-04-17T03:17:22","slug":"mace-windu-50th-anniversary","status":"publish","type":"product","link":"https:\/\/r2-toys.com\/index.php\/product\/mace-windu-50th-anniversary\/","title":{"rendered":"MACE WINDU 50th ANNIVERSARY"},"content":{"rendered":"<p>Mace Windu, un sombr\u00edo maestro Jedi con un sable de luz de hoja amatista, era el campe\u00f3n de la Orden Jedi, con poca tolerancia por las fallas del Senado, los argumentos de los pol\u00edticos o las opiniones de los Jedi rebeldes.<\/p>\n<p>Esta figura de Mace Windu a escala de 15 cm est\u00e1 cuidadosamente detallada para parecerse al personaje de Star Wars: Revenge of the Sith y presenta detalles premium y m\u00faltiples puntos de articulaci\u00f3n. Incluye: figura y 2 accesorios.<\/p>\n<div>\n<p>Edad recomendada: 4 a\u00f1os en adelante<\/p>\n<\/div>\n<div>\n<p>\u26a0\ufe0f ADVERTENCIA: PELIGRO DE ASFIXIA &#8211; Piezas peque\u00f1as. No apto para ni\u00f1os menores de 4 a\u00f1os.<\/p>\n<\/div>\n<div>\n<p>Los productos Star Wars son producidos por Hasbro bajo licencia de Lucasfilm Ltd.<\/p>\n<\/div>\n<div>\n<p>Hasbro y todos los t\u00e9rminos relacionados son marcas de comercio de Hasbro.<\/p>\n<\/div>\n","protected":false},"excerpt":{"rendered":"<p>Mace Windu, un sombr\u00edo maestro Jedi con un sable de luz de hoja amatista, era el campe\u00f3n de la Orden Jedi, con poca tolerancia por las fallas del Senado, los argumentos de los pol\u00edticos o las opiniones de los Jedi rebeldes.<\/p>\n","protected":false},"featured_media":3102,"comment_status":"open","ping_status":"closed","template":"","meta":[],"product_brand":[],"product_cat":[29],"product_tag":[],"class_list":{"0":"post-706","1":"product","2":"type-product","3":"status-publish","4":"has-post-thumbnail","6":"product_cat-vintage","8":"first","9":"instock","10":"taxable","11":"shipping-taxable","12":"purchasable","13":"product-type-simple"},"_links":{"self":[{"href":"https:\/\/r2-toys.com\/index.php\/wp-json\/wp\/v2\/product\/706","targetHints":{"allow":["GET"]}}],"collection":[{"href":"https:\/\/r2-toys.com\/index.php\/wp-json\/wp\/v2\/product"}],"about":[{"href":"https:\/\/r2-toys.com\/index.php\/wp-json\/wp\/v2\/types\/product"}],"replies":[{"embeddable":true,"href":"https:\/\/r2-toys.com\/index.php\/wp-json\/wp\/v2\/comments?post=706"}],"wp:featuredmedia":[{"embeddable":true,"href":"https:\/\/r2-toys.com\/index.php\/wp-json\/wp\/v2\/media\/3102"}],"wp:attachment":[{"href":"https:\/\/r2-toys.com\/index.php\/wp-json\/wp\/v2\/media?parent=706"}],"wp:term":[{"taxonomy":"product_brand","embeddable":true,"href":"https:\/\/r2-toys.com\/index.php\/wp-json\/wp\/v2\/product_brand?post=706"},{"taxonomy":"product_cat","embeddable":true,"href":"https:\/\/r2-toys.com\/index.php\/wp-json\/wp\/v2\/product_cat?post=706"},{"taxonomy":"product_tag","embeddable":true,"href":"https:\/\/r2-toys.com\/index.php\/wp-json\/wp\/v2\/product_tag?post=706"}],"curies":[{"name":"wp","href":"https:\/\/api.w.org\/{rel}","templated":true}]}}