{"id":7072,"date":"2024-03-19T11:03:19","date_gmt":"2024-03-19T05:03:19","guid":{"rendered":"https:\/\/r2-toys.com\/?post_type=product&#038;p=7072"},"modified":"2024-11-26T03:43:14","modified_gmt":"2024-11-25T21:43:14","slug":"clone-captain-rex-premium-roleplay-helmet","status":"publish","type":"product","link":"https:\/\/r2-toys.com\/index.php\/product\/clone-captain-rex-premium-roleplay-helmet\/","title":{"rendered":"Clone Captain Rex Premium Roleplay Helmet"},"content":{"rendered":"<p class=\"p1\">El Capit\u00e1n Clon Rex sirvi\u00f3 a la Rep\u00fablica durante las Guerras Clon, a menudo recibiendo \u00f3rdenes de Anakin Skywalker y Ahsoka Tano.<\/p>\n<p class=\"p1\">TEL\u00c9METRO ABATIBLE Y DISTORSI\u00d3N DE VOZ: mueve el tel\u00e9metro hacia arriba y hacia abajo para escuchar efectos de sonido inspirados en la serie y presiona el bot\u00f3n del lado izquierdo para distorsionar tu voz.<\/p>\n<p class=\"p1\">AJUSTABLE: Este casco de soldado clon presenta un ajuste\u00a0 para la mayor\u00eda de tama\u00f1os de cabeza.<\/p>\n<div>\n<p>SE REQUIERE UNA BATER\u00cdA ALCALINA AAA DE 1,5 V X3. No incluido.<\/p>\n<p>Edad recomendada: 14 a\u00f1os en adelante<\/p>\n<\/div>\n<div>\n<p>\u26a0\ufe0f ADVERTENCIA: PELIGRO DE ASFIXIA &#8211; Piezas peque\u00f1as. No apto para ni\u00f1os menores de 4 a\u00f1os.<\/p>\n<\/div>\n<div>\n<p>Los productos Star Wars son producidos por Hasbro bajo licencia de Lucasfilm Ltd.<\/p>\n<\/div>\n<div>\n<p>Hasbro y todos los t\u00e9rminos relacionados son marcas registradas de Hasbro.<\/p>\n<\/div>\n","protected":false},"excerpt":{"rendered":"<p>El Capit\u00e1n Clon Rex sirvi\u00f3 a la Rep\u00fablica durante las Guerras Clon, a menudo recibiendo \u00f3rdenes de Anakin Skywalker y Ahsoka Tano.<br \/>\nEsta figura de 9,5 cm de la colecci\u00f3n cuenta con un excelente<span class=\"Apple-converted-space\">\u00a0 <\/span>dise\u00f1o y vienen en empaques inspirados en la l\u00ednea original. Incluye accesorios.<\/p>\n","protected":false},"featured_media":7045,"comment_status":"open","ping_status":"closed","template":"","meta":[],"product_brand":[],"product_cat":[26],"product_tag":[],"class_list":{"0":"post-7072","1":"product","2":"type-product","3":"status-publish","4":"has-post-thumbnail","6":"product_cat-cascos","8":"first","9":"outofstock","10":"taxable","11":"shipping-taxable","12":"purchasable","13":"product-type-simple"},"_links":{"self":[{"href":"https:\/\/r2-toys.com\/index.php\/wp-json\/wp\/v2\/product\/7072","targetHints":{"allow":["GET"]}}],"collection":[{"href":"https:\/\/r2-toys.com\/index.php\/wp-json\/wp\/v2\/product"}],"about":[{"href":"https:\/\/r2-toys.com\/index.php\/wp-json\/wp\/v2\/types\/product"}],"replies":[{"embeddable":true,"href":"https:\/\/r2-toys.com\/index.php\/wp-json\/wp\/v2\/comments?post=7072"}],"wp:featuredmedia":[{"embeddable":true,"href":"https:\/\/r2-toys.com\/index.php\/wp-json\/wp\/v2\/media\/7045"}],"wp:attachment":[{"href":"https:\/\/r2-toys.com\/index.php\/wp-json\/wp\/v2\/media?parent=7072"}],"wp:term":[{"taxonomy":"product_brand","embeddable":true,"href":"https:\/\/r2-toys.com\/index.php\/wp-json\/wp\/v2\/product_brand?post=7072"},{"taxonomy":"product_cat","embeddable":true,"href":"https:\/\/r2-toys.com\/index.php\/wp-json\/wp\/v2\/product_cat?post=7072"},{"taxonomy":"product_tag","embeddable":true,"href":"https:\/\/r2-toys.com\/index.php\/wp-json\/wp\/v2\/product_tag?post=7072"}],"curies":[{"name":"wp","href":"https:\/\/api.w.org\/{rel}","templated":true}]}}