{"id":7074,"date":"2024-03-19T11:13:48","date_gmt":"2024-03-19T05:13:48","guid":{"rendered":"https:\/\/r2-toys.com\/?post_type=product&#038;p=7074"},"modified":"2026-01-01T00:09:18","modified_gmt":"2025-12-31T18:09:18","slug":"paz-vizsla-2","status":"publish","type":"product","link":"https:\/\/r2-toys.com\/index.php\/product\/paz-vizsla-2\/","title":{"rendered":"Paz Vizsla"},"content":{"rendered":"<p>Fue un mandaloriano de infanter\u00eda pesada humano del planeta Mandalore que era miembro de la Tribu durante el reinado de la Nueva Rep\u00fablica, viviendo en un refugio oculto en el planeta Nevarro. Vizsla ten\u00eda un gran desd\u00e9n por el ca\u00eddo Imperio Gal\u00e1ctico y cualquier individuo afiliado a \u00e9l debido al papel del Imperio en la Gran Purga de Mandalore contra los mandalorianos.<\/p>\n<p>Figura de acci\u00f3n de 15cm, cuenta con m\u00faltiples puntos de articulaci\u00f3n y accesorios de combate.<\/p>\n<p>Edad recomendada: 4 a\u00f1os en adelante<\/p>\n<p>\u26a0\ufe0fADVERTENCIA: PELIGRO DE ASFIXIA &#8211; Piezas peque\u00f1as. No apto para ni\u00f1os menores de 4 a\u00f1os.<\/p>\n<p>Los productos Star Wars son producidos por Hasbro bajo licencia de Lucasfilm Ltd.<\/p>\n<p>Hasbro y todos los t\u00e9rminos relacionados son marcas registradas de Hasbro.<\/p>\n","protected":false},"excerpt":{"rendered":"<p>Mandaloriano de infanter\u00eda pesada humano del planeta Mandalore que era miembro de la Tribu durante el reinado de la Nueva Rep\u00fablica, viviendo en un refugio oculto en el planeta Nevarro. Vizsla ten\u00eda un gran desd\u00e9n por el ca\u00eddo Imperio Gal\u00e1ctico y cualquier individuo afiliado a \u00e9l debido al papel del Imperio en la Gran Purga de Mandalore contra los mandalorianos.<\/p>\n","protected":false},"featured_media":7051,"comment_status":"open","ping_status":"closed","template":"","meta":[],"product_brand":[],"product_cat":[28],"product_tag":[],"class_list":{"0":"post-7074","1":"product","2":"type-product","3":"status-publish","4":"has-post-thumbnail","6":"product_cat-black-series","8":"first","9":"instock","10":"taxable","11":"shipping-taxable","12":"purchasable","13":"product-type-simple"},"_links":{"self":[{"href":"https:\/\/r2-toys.com\/index.php\/wp-json\/wp\/v2\/product\/7074","targetHints":{"allow":["GET"]}}],"collection":[{"href":"https:\/\/r2-toys.com\/index.php\/wp-json\/wp\/v2\/product"}],"about":[{"href":"https:\/\/r2-toys.com\/index.php\/wp-json\/wp\/v2\/types\/product"}],"replies":[{"embeddable":true,"href":"https:\/\/r2-toys.com\/index.php\/wp-json\/wp\/v2\/comments?post=7074"}],"wp:featuredmedia":[{"embeddable":true,"href":"https:\/\/r2-toys.com\/index.php\/wp-json\/wp\/v2\/media\/7051"}],"wp:attachment":[{"href":"https:\/\/r2-toys.com\/index.php\/wp-json\/wp\/v2\/media?parent=7074"}],"wp:term":[{"taxonomy":"product_brand","embeddable":true,"href":"https:\/\/r2-toys.com\/index.php\/wp-json\/wp\/v2\/product_brand?post=7074"},{"taxonomy":"product_cat","embeddable":true,"href":"https:\/\/r2-toys.com\/index.php\/wp-json\/wp\/v2\/product_cat?post=7074"},{"taxonomy":"product_tag","embeddable":true,"href":"https:\/\/r2-toys.com\/index.php\/wp-json\/wp\/v2\/product_tag?post=7074"}],"curies":[{"name":"wp","href":"https:\/\/api.w.org\/{rel}","templated":true}]}}