{"id":7076,"date":"2024-03-19T11:18:35","date_gmt":"2024-03-19T05:18:35","guid":{"rendered":"https:\/\/r2-toys.com\/?post_type=product&#038;p=7076"},"modified":"2025-06-02T07:56:18","modified_gmt":"2025-06-02T01:56:18","slug":"starkiller-force-unleashed","status":"publish","type":"product","link":"https:\/\/r2-toys.com\/index.php\/product\/starkiller-force-unleashed\/","title":{"rendered":"Starkiller Force Unleashed"},"content":{"rendered":"<p class=\"p1\">Galen Marek era un humano var\u00f3n tomado como Aprendiz Sith por Darth Vader -el asesino de su padre, un Caballero Jedi llamado Kento Marek-, en Kashyyyk durante la Gran Purga Jedi. Durante a\u00f1os, el Lord Sith le ense\u00f1\u00f3, bajo el nombre c\u00f3digo de Starkiller, las artes oscuras y a eliminar a sus enemigos, incluyendo a los Jedi que sobrevivieron a la orden 66.<\/p>\n<p class=\"p1\">Esta figura de 15 cm cuenta con un excelente<span class=\"Apple-converted-space\">\u00a0 <\/span>dise\u00f1o, inspirados en Force Unleashed<\/p>\n<p class=\"p1\">Edad recomendada: 4 a\u00f1os en adelante<\/p>\n<p class=\"p1\"><span class=\"s1\">\u26a0\ufe0f<\/span>ADVERTENCIA: PELIGRO DE ASFIXIA &#8211; Piezas peque\u00f1as. No apto para ni\u00f1os menores de 4 a\u00f1os.<\/p>\n<p class=\"p1\">Los productos Star Wars son producidos por Hasbro bajo licencia de Lucasfilm Ltd.<\/p>\n<p class=\"p1\">Hasbro y todos los t\u00e9rminos relacionados son marcas registradas de Hasbro.<\/p>\n","protected":false},"excerpt":{"rendered":"<p>Galen Marek era un humano var\u00f3n tomado como Aprendiz Sith por Darth Vader -el asesino de su padre, un Caballero Jedi llamado Kento Marek-, en Kashyyyk durante la Gran Purga Jedi. Durante a\u00f1os, el Lord Sith le ense\u00f1\u00f3, bajo el nombre c\u00f3digo de Starkiller, las artes oscuras y a eliminar a sus enemigos, incluyendo a los Jedi que sobrevivieron a la orden 66.<\/p>\n","protected":false},"featured_media":7053,"comment_status":"open","ping_status":"closed","template":"","meta":[],"product_brand":[],"product_cat":[28],"product_tag":[],"class_list":{"0":"post-7076","1":"product","2":"type-product","3":"status-publish","4":"has-post-thumbnail","6":"product_cat-black-series","8":"first","9":"outofstock","10":"taxable","11":"shipping-taxable","12":"purchasable","13":"product-type-simple"},"_links":{"self":[{"href":"https:\/\/r2-toys.com\/index.php\/wp-json\/wp\/v2\/product\/7076","targetHints":{"allow":["GET"]}}],"collection":[{"href":"https:\/\/r2-toys.com\/index.php\/wp-json\/wp\/v2\/product"}],"about":[{"href":"https:\/\/r2-toys.com\/index.php\/wp-json\/wp\/v2\/types\/product"}],"replies":[{"embeddable":true,"href":"https:\/\/r2-toys.com\/index.php\/wp-json\/wp\/v2\/comments?post=7076"}],"wp:featuredmedia":[{"embeddable":true,"href":"https:\/\/r2-toys.com\/index.php\/wp-json\/wp\/v2\/media\/7053"}],"wp:attachment":[{"href":"https:\/\/r2-toys.com\/index.php\/wp-json\/wp\/v2\/media?parent=7076"}],"wp:term":[{"taxonomy":"product_brand","embeddable":true,"href":"https:\/\/r2-toys.com\/index.php\/wp-json\/wp\/v2\/product_brand?post=7076"},{"taxonomy":"product_cat","embeddable":true,"href":"https:\/\/r2-toys.com\/index.php\/wp-json\/wp\/v2\/product_cat?post=7076"},{"taxonomy":"product_tag","embeddable":true,"href":"https:\/\/r2-toys.com\/index.php\/wp-json\/wp\/v2\/product_tag?post=7076"}],"curies":[{"name":"wp","href":"https:\/\/api.w.org\/{rel}","templated":true}]}}