{"id":7115,"date":"2024-03-29T08:35:33","date_gmt":"2024-03-29T02:35:33","guid":{"rendered":"https:\/\/r2-toys.com\/?post_type=product&#038;p=7115"},"modified":"2024-03-29T08:37:03","modified_gmt":"2024-03-29T02:37:03","slug":"super-saiyan-4-gogeta","status":"publish","type":"product","link":"https:\/\/r2-toys.com\/index.php\/product\/super-saiyan-4-gogeta\/","title":{"rendered":"Super Saiyan 4 Gogeta"},"content":{"rendered":"<p class=\"p3\">Figura de 16.51cm coleccionable con multiples detalles y manos adicionales. De la serie Dragon Star Series.<\/p>\n<p class=\"p3\">Edad recomendada: 4 a\u00f1os en adelante<\/p>\n<p class=\"p3\"><span class=\"s1\">\u26a0\ufe0f<\/span> ADVERTENCIA: PELIGRO DE ASFIXIA \u2013 Piezas peque\u00f1as. No apto para ni\u00f1os menores de 4 a\u00f1os.<\/p>\n<p class=\"p3\">Los productos son producidos por Bandas bajo licencias autorizadas.<\/p>\n<p class=\"p3\">Bandai y<span class=\"Apple-converted-space\">\u00a0 <\/span>todos los t\u00e9rminos relacionados son marcas registradas NamcoBandai.<\/p>\n","protected":false},"excerpt":{"rendered":"<p>Figura de 16.51cm coleccionable con multiples detalles y manos adicionales. De la serie Dragon Star Series. Edad recomendada: 4 a\u00f1os<\/p>\n","protected":false},"featured_media":7093,"comment_status":"open","ping_status":"closed","template":"","meta":[],"product_brand":[],"product_cat":[21],"product_tag":[],"class_list":{"0":"post-7115","1":"product","2":"type-product","3":"status-publish","4":"has-post-thumbnail","6":"product_cat-retro","8":"first","9":"instock","10":"taxable","11":"shipping-taxable","12":"purchasable","13":"product-type-simple"},"_links":{"self":[{"href":"https:\/\/r2-toys.com\/index.php\/wp-json\/wp\/v2\/product\/7115","targetHints":{"allow":["GET"]}}],"collection":[{"href":"https:\/\/r2-toys.com\/index.php\/wp-json\/wp\/v2\/product"}],"about":[{"href":"https:\/\/r2-toys.com\/index.php\/wp-json\/wp\/v2\/types\/product"}],"replies":[{"embeddable":true,"href":"https:\/\/r2-toys.com\/index.php\/wp-json\/wp\/v2\/comments?post=7115"}],"wp:featuredmedia":[{"embeddable":true,"href":"https:\/\/r2-toys.com\/index.php\/wp-json\/wp\/v2\/media\/7093"}],"wp:attachment":[{"href":"https:\/\/r2-toys.com\/index.php\/wp-json\/wp\/v2\/media?parent=7115"}],"wp:term":[{"taxonomy":"product_brand","embeddable":true,"href":"https:\/\/r2-toys.com\/index.php\/wp-json\/wp\/v2\/product_brand?post=7115"},{"taxonomy":"product_cat","embeddable":true,"href":"https:\/\/r2-toys.com\/index.php\/wp-json\/wp\/v2\/product_cat?post=7115"},{"taxonomy":"product_tag","embeddable":true,"href":"https:\/\/r2-toys.com\/index.php\/wp-json\/wp\/v2\/product_tag?post=7115"}],"curies":[{"name":"wp","href":"https:\/\/api.w.org\/{rel}","templated":true}]}}