{"id":7124,"date":"2024-03-29T09:24:55","date_gmt":"2024-03-29T03:24:55","guid":{"rendered":"https:\/\/r2-toys.com\/?post_type=product&#038;p=7124"},"modified":"2024-08-06T09:51:15","modified_gmt":"2024-08-06T03:51:15","slug":"grogu-retro-the-book-of-boba-fett","status":"publish","type":"product","link":"https:\/\/r2-toys.com\/index.php\/product\/grogu-retro-the-book-of-boba-fett\/","title":{"rendered":"GROGU Retro The Book of Boba Fett"},"content":{"rendered":"<p>El Ni\u00f1o es un extraterrestre misterioso perseguido por cazarrecompensas en nombre de los intereses imperiales, protegido por un cazarrecompensas desgastado por la batalla en una galaxia cada vez m\u00e1s peligrosa.<\/p>\n<p>Celebre el legado de Star Wars, la saga espacial llena de acci\u00f3n y aventuras de una galaxia muy, muy lejana, con figuras y veh\u00edculos premium de 9.5 cm aproximadamente \u00a0de Star Wars The Vintage Collection.<\/p>\n<div>\n<p>Edad recomendada: 4 a\u00f1os en adelante<\/p>\n<\/div>\n<div>\n<p>\u26a0\ufe0f ADVERTENCIA: PELIGRO DE ASFIXIA &#8211; Piezas peque\u00f1as. No apto para ni\u00f1os menores de 4 a\u00f1os.<\/p>\n<\/div>\n<div>\n<p>Los productos Star Wars son producidos por Hasbro bajo licencia de Lucasfilm Ltd.<\/p>\n<\/div>\n<div>\n<p>Hasbro y todos los t\u00e9rminos relacionados son marcas de comercio de Hasbro.<\/p>\n<\/div>\n<p>&nbsp;<\/p>\n","protected":false},"excerpt":{"rendered":"<p>El Ni\u00f1o es un extraterrestre misterioso perseguido por cazarrecompensas en nombre de los intereses imperiales, protegido por un cazarrecompensas desgastado por la batalla en una galaxia cada vez m\u00e1s peligrosa.<\/p>\n","protected":false},"featured_media":7108,"comment_status":"open","ping_status":"closed","template":"","meta":[],"product_brand":[],"product_cat":[29],"product_tag":[],"class_list":{"0":"post-7124","1":"product","2":"type-product","3":"status-publish","4":"has-post-thumbnail","6":"product_cat-vintage","8":"first","9":"instock","10":"taxable","11":"shipping-taxable","12":"purchasable","13":"product-type-simple"},"_links":{"self":[{"href":"https:\/\/r2-toys.com\/index.php\/wp-json\/wp\/v2\/product\/7124","targetHints":{"allow":["GET"]}}],"collection":[{"href":"https:\/\/r2-toys.com\/index.php\/wp-json\/wp\/v2\/product"}],"about":[{"href":"https:\/\/r2-toys.com\/index.php\/wp-json\/wp\/v2\/types\/product"}],"replies":[{"embeddable":true,"href":"https:\/\/r2-toys.com\/index.php\/wp-json\/wp\/v2\/comments?post=7124"}],"wp:featuredmedia":[{"embeddable":true,"href":"https:\/\/r2-toys.com\/index.php\/wp-json\/wp\/v2\/media\/7108"}],"wp:attachment":[{"href":"https:\/\/r2-toys.com\/index.php\/wp-json\/wp\/v2\/media?parent=7124"}],"wp:term":[{"taxonomy":"product_brand","embeddable":true,"href":"https:\/\/r2-toys.com\/index.php\/wp-json\/wp\/v2\/product_brand?post=7124"},{"taxonomy":"product_cat","embeddable":true,"href":"https:\/\/r2-toys.com\/index.php\/wp-json\/wp\/v2\/product_cat?post=7124"},{"taxonomy":"product_tag","embeddable":true,"href":"https:\/\/r2-toys.com\/index.php\/wp-json\/wp\/v2\/product_tag?post=7124"}],"curies":[{"name":"wp","href":"https:\/\/api.w.org\/{rel}","templated":true}]}}