{"id":7125,"date":"2024-03-29T09:28:00","date_gmt":"2024-03-29T03:28:00","guid":{"rendered":"https:\/\/r2-toys.com\/?post_type=product&#038;p=7125"},"modified":"2025-12-10T05:34:54","modified_gmt":"2025-12-09T23:34:54","slug":"fennec-shand-retro-the-book-of-boba-fett","status":"publish","type":"product","link":"https:\/\/r2-toys.com\/index.php\/product\/fennec-shand-retro-the-book-of-boba-fett\/","title":{"rendered":"Fennec Shand Retro The Book of Boba Fett"},"content":{"rendered":"<p>Asesina, mercenaria y cazarrecompensas humana que trabaj\u00f3 para los principales sindicatos criminales durante la era del Imperio Gal\u00e1ctico. H\u00e1bil y despiadada, se abri\u00f3 camino criminal durante el comienzo del reinado del Imperio, adquiriendo renombre y ganando reputaci\u00f3n como una mercenaria astuta y de \u00e9lite.<\/p>\n<p>Esta figura de 9,5 cm cuenta con un excelente<span class=\"Apple-converted-space\">\u00a0 <\/span>dise\u00f1o, en empaques inspirados en la l\u00ednea original e incluye 2 accesorio.<\/p>\n<p>Edad recomendada: 4 a\u00f1os en adelante<\/p>\n<p>\u26a0\ufe0fADVERTENCIA: PELIGRO DE ASFIXIA &#8211; Piezas peque\u00f1as. No apto para ni\u00f1os menores de 4 a\u00f1os.<\/p>\n<p>Los productos Star Wars son producidos por Hasbro bajo licencia de Lucasfilm Ltd.<\/p>\n<p>Hasbro y todos los t\u00e9rminos relacionados son marcas registradas de Hasbro.<\/p>\n","protected":false},"excerpt":{"rendered":"<p>Asesina, mercenaria y cazarrecompensas humana que trabaj\u00f3 para los principales sindicatos criminales durante la era del Imperio Gal\u00e1ctico. H\u00e1bil y despiadada, se abri\u00f3 camino criminal durante el comienzo del reinado del Imperio, adquiriendo renombre y ganando reputaci\u00f3n como una mercenaria astuta y de \u00e9lite.<\/p>\n","protected":false},"featured_media":7109,"comment_status":"open","ping_status":"closed","template":"","meta":[],"product_brand":[],"product_cat":[29],"product_tag":[],"class_list":{"0":"post-7125","1":"product","2":"type-product","3":"status-publish","4":"has-post-thumbnail","6":"product_cat-vintage","8":"first","9":"instock","10":"taxable","11":"shipping-taxable","12":"purchasable","13":"product-type-simple"},"_links":{"self":[{"href":"https:\/\/r2-toys.com\/index.php\/wp-json\/wp\/v2\/product\/7125","targetHints":{"allow":["GET"]}}],"collection":[{"href":"https:\/\/r2-toys.com\/index.php\/wp-json\/wp\/v2\/product"}],"about":[{"href":"https:\/\/r2-toys.com\/index.php\/wp-json\/wp\/v2\/types\/product"}],"replies":[{"embeddable":true,"href":"https:\/\/r2-toys.com\/index.php\/wp-json\/wp\/v2\/comments?post=7125"}],"wp:featuredmedia":[{"embeddable":true,"href":"https:\/\/r2-toys.com\/index.php\/wp-json\/wp\/v2\/media\/7109"}],"wp:attachment":[{"href":"https:\/\/r2-toys.com\/index.php\/wp-json\/wp\/v2\/media?parent=7125"}],"wp:term":[{"taxonomy":"product_brand","embeddable":true,"href":"https:\/\/r2-toys.com\/index.php\/wp-json\/wp\/v2\/product_brand?post=7125"},{"taxonomy":"product_cat","embeddable":true,"href":"https:\/\/r2-toys.com\/index.php\/wp-json\/wp\/v2\/product_cat?post=7125"},{"taxonomy":"product_tag","embeddable":true,"href":"https:\/\/r2-toys.com\/index.php\/wp-json\/wp\/v2\/product_tag?post=7125"}],"curies":[{"name":"wp","href":"https:\/\/api.w.org\/{rel}","templated":true}]}}