{"id":713,"date":"2022-03-29T01:05:02","date_gmt":"2022-03-28T19:05:02","guid":{"rendered":"https:\/\/r2-toys.com\/?post_type=product&#038;p=713"},"modified":"2023-05-25T10:42:41","modified_gmt":"2023-05-25T04:42:41","slug":"rebel-soldier-hoth-40th-anniversary","status":"publish","type":"product","link":"https:\/\/r2-toys.com\/index.php\/product\/rebel-soldier-hoth-40th-anniversary\/","title":{"rendered":"REBEL SOLDIER (HOTH) 40th ANNIVERSARY"},"content":{"rendered":"<p>Despu\u00e9s de la batalla de Yavin, los rebeldes huyeron de la Flota Estelar Imperial en busca de una nueva base principal de operaciones. Se establecieron en el mundo helado del Borde Exterior de Hoth.<\/p>\n<p>Recuerda momentos intensos de Star Wars Galaxy con esta figura de acci\u00f3n de soldado rebelde (Hoth) de escala de 15 cm del 40 aniversario de Star Wars The Black Series que incluye 4 accesorios y presenta una decoraci\u00f3n de primera calidad en m\u00faltiples puntos de articulaci\u00f3n.<\/p>\n<p>Incluye: figura y 4 accesorios.<\/p>\n<div>\n<p>Edad recomendada: 4 a\u00f1os en adelante<\/p>\n<\/div>\n<div>\n<p>\u26a0\ufe0f ADVERTENCIA: PELIGRO DE ASFIXIA &#8211; Piezas peque\u00f1as. No apto para ni\u00f1os menores de 4 a\u00f1os.<\/p>\n<\/div>\n<div>\n<p>Los productos Star Wars son producidos por Hasbro bajo licencia de Lucasfilm Ltd.<\/p>\n<\/div>\n<div>\n<p>Hasbro y todos los t\u00e9rminos relacionados son marcas de comercio de Hasbro.<\/p>\n<\/div>\n","protected":false},"excerpt":{"rendered":"<p>Despu\u00e9s de la batalla de Yavin, los rebeldes huyeron de la Flota Estelar Imperial en busca de una nueva base principal de operaciones. Se establecieron en el mundo helado del Borde Exterior de Hoth.<\/p>\n","protected":false},"featured_media":2943,"comment_status":"open","ping_status":"closed","template":"","meta":[],"product_brand":[],"product_cat":[29],"product_tag":[],"class_list":{"0":"post-713","1":"product","2":"type-product","3":"status-publish","4":"has-post-thumbnail","6":"product_cat-vintage","8":"first","9":"outofstock","10":"taxable","11":"shipping-taxable","12":"purchasable","13":"product-type-simple"},"_links":{"self":[{"href":"https:\/\/r2-toys.com\/index.php\/wp-json\/wp\/v2\/product\/713","targetHints":{"allow":["GET"]}}],"collection":[{"href":"https:\/\/r2-toys.com\/index.php\/wp-json\/wp\/v2\/product"}],"about":[{"href":"https:\/\/r2-toys.com\/index.php\/wp-json\/wp\/v2\/types\/product"}],"replies":[{"embeddable":true,"href":"https:\/\/r2-toys.com\/index.php\/wp-json\/wp\/v2\/comments?post=713"}],"wp:featuredmedia":[{"embeddable":true,"href":"https:\/\/r2-toys.com\/index.php\/wp-json\/wp\/v2\/media\/2943"}],"wp:attachment":[{"href":"https:\/\/r2-toys.com\/index.php\/wp-json\/wp\/v2\/media?parent=713"}],"wp:term":[{"taxonomy":"product_brand","embeddable":true,"href":"https:\/\/r2-toys.com\/index.php\/wp-json\/wp\/v2\/product_brand?post=713"},{"taxonomy":"product_cat","embeddable":true,"href":"https:\/\/r2-toys.com\/index.php\/wp-json\/wp\/v2\/product_cat?post=713"},{"taxonomy":"product_tag","embeddable":true,"href":"https:\/\/r2-toys.com\/index.php\/wp-json\/wp\/v2\/product_tag?post=713"}],"curies":[{"name":"wp","href":"https:\/\/api.w.org\/{rel}","templated":true}]}}