{"id":7138,"date":"2024-04-02T09:44:30","date_gmt":"2024-04-02T03:44:30","guid":{"rendered":"https:\/\/r2-toys.com\/?post_type=product&#038;p=7138"},"modified":"2025-12-10T05:25:14","modified_gmt":"2025-12-09T23:25:14","slug":"jango-fett","status":"publish","type":"product","link":"https:\/\/r2-toys.com\/index.php\/product\/jango-fett\/","title":{"rendered":"Jango Fett"},"content":{"rendered":"<p>Era considerado el mejor cazarrecompensas de la galaxia. Un tirador experto y un combatiente desarmado, Fett estaba cubierto con un elegante traje blindado que ocultaba su rostro lleno de cicatrices. Su equipo de combate presentaba un arsenal de armas, que inclu\u00eda mu\u00f1equeras retr\u00e1ctiles, una trampa, pistolas bl\u00e1ster dobles y otras herramientas m\u00e1s ex\u00f3ticas del oficio.<span class=\"Apple-converted-space\">\u00a0<\/span><\/p>\n<p class=\"p1\">Esta figura de 9,5 cm cuenta con un excelente<span class=\"Apple-converted-space\">\u00a0 <\/span>dise\u00f1o, en empaques inspirados en la l\u00ednea original e incluye\u00a0 accesorios.<\/p>\n<p class=\"p1\">Edad recomendada: 4 a\u00f1os en adelante<\/p>\n<p class=\"p1\"><span class=\"s1\">\u26a0\ufe0f<\/span>ADVERTENCIA: PELIGRO DE ASFIXIA &#8211; Piezas peque\u00f1as. No apto para ni\u00f1os menores de 4 a\u00f1os.<\/p>\n<p class=\"p1\">Los productos Star Wars son producidos por Hasbro bajo licencia de Lucasfilm Ltd.<\/p>\n<p class=\"p1\">Hasbro y todos los t\u00e9rminos relacionados son marcas registradas de Hasbro.<\/p>\n","protected":false},"excerpt":{"rendered":"<p>Era considerado el mejor cazarrecompensas de la galaxia. Un tirador experto y un combatiente desarmado, Fett estaba cubierto con un elegante traje blindado que ocultaba su rostro lleno de cicatrices. Su equipo de combate presentaba un arsenal de armas, que inclu\u00eda mu\u00f1equeras retr\u00e1ctiles, una trampa, pistolas bl\u00e1ster dobles y otras herramientas m\u00e1s ex\u00f3ticas del oficio.<\/p>\n","protected":false},"featured_media":7134,"comment_status":"open","ping_status":"closed","template":"","meta":[],"product_brand":[],"product_cat":[29],"product_tag":[],"class_list":{"0":"post-7138","1":"product","2":"type-product","3":"status-publish","4":"has-post-thumbnail","6":"product_cat-vintage","8":"first","9":"instock","10":"taxable","11":"shipping-taxable","12":"purchasable","13":"product-type-simple"},"_links":{"self":[{"href":"https:\/\/r2-toys.com\/index.php\/wp-json\/wp\/v2\/product\/7138","targetHints":{"allow":["GET"]}}],"collection":[{"href":"https:\/\/r2-toys.com\/index.php\/wp-json\/wp\/v2\/product"}],"about":[{"href":"https:\/\/r2-toys.com\/index.php\/wp-json\/wp\/v2\/types\/product"}],"replies":[{"embeddable":true,"href":"https:\/\/r2-toys.com\/index.php\/wp-json\/wp\/v2\/comments?post=7138"}],"wp:featuredmedia":[{"embeddable":true,"href":"https:\/\/r2-toys.com\/index.php\/wp-json\/wp\/v2\/media\/7134"}],"wp:attachment":[{"href":"https:\/\/r2-toys.com\/index.php\/wp-json\/wp\/v2\/media?parent=7138"}],"wp:term":[{"taxonomy":"product_brand","embeddable":true,"href":"https:\/\/r2-toys.com\/index.php\/wp-json\/wp\/v2\/product_brand?post=7138"},{"taxonomy":"product_cat","embeddable":true,"href":"https:\/\/r2-toys.com\/index.php\/wp-json\/wp\/v2\/product_cat?post=7138"},{"taxonomy":"product_tag","embeddable":true,"href":"https:\/\/r2-toys.com\/index.php\/wp-json\/wp\/v2\/product_tag?post=7138"}],"curies":[{"name":"wp","href":"https:\/\/api.w.org\/{rel}","templated":true}]}}