{"id":7141,"date":"2024-04-03T10:56:22","date_gmt":"2024-04-03T04:56:22","guid":{"rendered":"https:\/\/r2-toys.com\/?post_type=product&#038;p=7141"},"modified":"2024-09-06T09:51:03","modified_gmt":"2024-09-06T03:51:03","slug":"captain-cassian-andor","status":"publish","type":"product","link":"https:\/\/r2-toys.com\/index.php\/product\/captain-cassian-andor\/","title":{"rendered":"Captain Cassian Andor"},"content":{"rendered":"<p>En una era llena de peligros, enga\u00f1os e intrigas, Cassian Andor emprende un camino que lo convertir\u00e1 en el h\u00e9roe rebelde que desafiar\u00e1 al malvado Imperio Gal\u00e1ctico.<\/p>\n<p>Esta figura de 9,5 cm cuenta con un excelente<span class=\"Apple-converted-space\">\u00a0 <\/span>dise\u00f1o, en empaques inspirados en la l\u00ednea original e incluye 2 accesorio.<\/p>\n<p>Edad recomendada: 4 a\u00f1os en adelante<\/p>\n<p>\u26a0\ufe0fADVERTENCIA: PELIGRO DE ASFIXIA &#8211; Piezas peque\u00f1as. No apto para ni\u00f1os menores de 4 a\u00f1os.<\/p>\n<p>Los productos Star Wars son producidos por Hasbro bajo licencia de Lucasfilm Ltd.<\/p>\n<p>Hasbro y todos los t\u00e9rminos relacionados son marcas registradas de Hasbro.<\/p>\n","protected":false},"excerpt":{"rendered":"<p>En una era llena de peligros, enga\u00f1os e intrigas, Cassian Andor emprende un camino que lo convertir\u00e1 en el h\u00e9roe rebelde que desafiar\u00e1 al malvado Imperio Gal\u00e1ctico.<\/p>\n","protected":false},"featured_media":7130,"comment_status":"open","ping_status":"closed","template":"","meta":[],"product_brand":[],"product_cat":[29],"product_tag":[],"class_list":{"0":"post-7141","1":"product","2":"type-product","3":"status-publish","4":"has-post-thumbnail","6":"product_cat-vintage","8":"first","9":"instock","10":"taxable","11":"shipping-taxable","12":"purchasable","13":"product-type-simple"},"_links":{"self":[{"href":"https:\/\/r2-toys.com\/index.php\/wp-json\/wp\/v2\/product\/7141","targetHints":{"allow":["GET"]}}],"collection":[{"href":"https:\/\/r2-toys.com\/index.php\/wp-json\/wp\/v2\/product"}],"about":[{"href":"https:\/\/r2-toys.com\/index.php\/wp-json\/wp\/v2\/types\/product"}],"replies":[{"embeddable":true,"href":"https:\/\/r2-toys.com\/index.php\/wp-json\/wp\/v2\/comments?post=7141"}],"wp:featuredmedia":[{"embeddable":true,"href":"https:\/\/r2-toys.com\/index.php\/wp-json\/wp\/v2\/media\/7130"}],"wp:attachment":[{"href":"https:\/\/r2-toys.com\/index.php\/wp-json\/wp\/v2\/media?parent=7141"}],"wp:term":[{"taxonomy":"product_brand","embeddable":true,"href":"https:\/\/r2-toys.com\/index.php\/wp-json\/wp\/v2\/product_brand?post=7141"},{"taxonomy":"product_cat","embeddable":true,"href":"https:\/\/r2-toys.com\/index.php\/wp-json\/wp\/v2\/product_cat?post=7141"},{"taxonomy":"product_tag","embeddable":true,"href":"https:\/\/r2-toys.com\/index.php\/wp-json\/wp\/v2\/product_tag?post=7141"}],"curies":[{"name":"wp","href":"https:\/\/api.w.org\/{rel}","templated":true}]}}