{"id":717,"date":"2022-04-02T07:05:32","date_gmt":"2022-04-02T01:05:32","guid":{"rendered":"https:\/\/r2-toys.com\/?post_type=product&#038;p=717"},"modified":"2024-09-13T22:47:24","modified_gmt":"2024-09-13T16:47:24","slug":"carbon-freezing-chamber","status":"publish","type":"product","link":"https:\/\/r2-toys.com\/index.php\/product\/carbon-freezing-chamber\/","title":{"rendered":"Carbon-Freezing Chamber"},"content":{"rendered":"<p>La congelaci\u00f3n de carbono es un proceso industrial que encierra gases altamente presurizados dentro de la carbonita solidificada. En Cloud City, Darth Vader decidi\u00f3 congelar a Luke Skywalker en carbonita para transportarlo al Emperador. (Como Anakin Skywalker, \u00e9l mismo se hab\u00eda sometido al proceso para evadir los detectores de vida separatistas). Antes de tender la trampa a Luke, Vader prob\u00f3 el proceso en Han Solo.<\/p>\n<p>Set para figuras de 9,5 cm de la colecci\u00f3n cuenta con un excelente\u00a0\u00a0dise\u00f1o y vienen en empaques inspirados en la l\u00ednea original. Incluye accesorios y una figura.<\/p>\n<div>\n<p>Edad recomendada: 4 a\u00f1os en adelante<\/p>\n<\/div>\n<div>\n<p>\u26a0\ufe0f ADVERTENCIA: PELIGRO DE ASFIXIA \u2013 Piezas peque\u00f1as. No apto para ni\u00f1os menores de 4 a\u00f1os.<\/p>\n<\/div>\n<div>\n<p>Los productos Star Wars son producidos por Hasbro bajo licencia de Lucasfilm Ltd.<br \/>\nHasbro y todos los t\u00e9rminos relacionados son marcas registradas de Hasbro.<\/p>\n<\/div>\n","protected":false},"excerpt":{"rendered":"<p>En Cloud City, Darth Vader decidi\u00f3 congelar a Luke Skywalker en carbonita para transportarlo al Emperador. Antes de tenderle la trampa a Luke, Vader prob\u00f3 el proceso en Han Solo.<\/p>\n","protected":false},"featured_media":4172,"comment_status":"open","ping_status":"closed","template":"","meta":[],"product_brand":[],"product_cat":[29],"product_tag":[],"class_list":{"0":"post-717","1":"product","2":"type-product","3":"status-publish","4":"has-post-thumbnail","6":"product_cat-vintage","8":"first","9":"outofstock","10":"taxable","11":"shipping-taxable","12":"purchasable","13":"product-type-simple"},"_links":{"self":[{"href":"https:\/\/r2-toys.com\/index.php\/wp-json\/wp\/v2\/product\/717","targetHints":{"allow":["GET"]}}],"collection":[{"href":"https:\/\/r2-toys.com\/index.php\/wp-json\/wp\/v2\/product"}],"about":[{"href":"https:\/\/r2-toys.com\/index.php\/wp-json\/wp\/v2\/types\/product"}],"replies":[{"embeddable":true,"href":"https:\/\/r2-toys.com\/index.php\/wp-json\/wp\/v2\/comments?post=717"}],"wp:featuredmedia":[{"embeddable":true,"href":"https:\/\/r2-toys.com\/index.php\/wp-json\/wp\/v2\/media\/4172"}],"wp:attachment":[{"href":"https:\/\/r2-toys.com\/index.php\/wp-json\/wp\/v2\/media?parent=717"}],"wp:term":[{"taxonomy":"product_brand","embeddable":true,"href":"https:\/\/r2-toys.com\/index.php\/wp-json\/wp\/v2\/product_brand?post=717"},{"taxonomy":"product_cat","embeddable":true,"href":"https:\/\/r2-toys.com\/index.php\/wp-json\/wp\/v2\/product_cat?post=717"},{"taxonomy":"product_tag","embeddable":true,"href":"https:\/\/r2-toys.com\/index.php\/wp-json\/wp\/v2\/product_tag?post=717"}],"curies":[{"name":"wp","href":"https:\/\/api.w.org\/{rel}","templated":true}]}}