{"id":7227,"date":"2024-05-22T12:15:59","date_gmt":"2024-05-22T06:15:59","guid":{"rendered":"https:\/\/r2-toys.com\/?post_type=product&#038;p=7227"},"modified":"2025-11-04T20:45:49","modified_gmt":"2025-11-04T14:45:49","slug":"azrael-curse-of-teh-white-knight","status":"publish","type":"product","link":"https:\/\/r2-toys.com\/index.php\/product\/azrael-curse-of-teh-white-knight\/","title":{"rendered":"Azrael Curse of Teh White Knight"},"content":{"rendered":"<p class=\"p1\">Esta figura de 17cm cuenta con m\u00e1s de 22 articulaciones.<\/p>\n<p class=\"p1\">Edad recomendada: 12 a\u00f1os en adelante<\/p>\n<p class=\"p1\"><span class=\"s1\">\u26a0\ufe0f<\/span>ADVERTENCIA: PELIGRO DE ASFIXIA \u2013 Piezas peque\u00f1as. No apto para ni\u00f1os menores de 12 a\u00f1os.<\/p>\n<p class=\"p1\">Los productos son producidos por McFarlane bajo licencia de DC comics.<\/p>\n<p class=\"p1\">McFarlane, DC Comics y<span class=\"Apple-converted-space\">\u00a0 <\/span>todos los t\u00e9rminos relacionados son marcas registradas de Mc Farlane y DC Comics.<\/p>\n","protected":false},"excerpt":{"rendered":"<p class=\"p1\">Esta figura de 17cm cuenta con m\u00e1s de 22 articulaciones.<\/p>\n<p class=\"p1\">Edad recomendada: 12 a\u00f1os en adelante<\/p>\n<p class=\"p1\"><span class=\"s1\">\u26a0\ufe0f<\/span>ADVERTENCIA: PELIGRO DE ASFIXIA \u2013 Piezas peque\u00f1as. No apto para ni\u00f1os menores de 12 a\u00f1os.<\/p>\n<p class=\"p1\">Los productos son producidos por McFarlane bajo licencia de DC comics.<\/p>\n<p class=\"p1\">McFarlane, DC Comics y<span class=\"Apple-converted-space\">\u00a0 <\/span>todos los t\u00e9rminos relacionados son marcas registradas de Mc Farlane y DC Comics.<\/p>\n","protected":false},"featured_media":7180,"comment_status":"open","ping_status":"closed","template":"","meta":[],"product_brand":[],"product_cat":[21],"product_tag":[],"class_list":{"0":"post-7227","1":"product","2":"type-product","3":"status-publish","4":"has-post-thumbnail","6":"product_cat-retro","8":"first","9":"outofstock","10":"taxable","11":"shipping-taxable","12":"purchasable","13":"product-type-simple"},"_links":{"self":[{"href":"https:\/\/r2-toys.com\/index.php\/wp-json\/wp\/v2\/product\/7227","targetHints":{"allow":["GET"]}}],"collection":[{"href":"https:\/\/r2-toys.com\/index.php\/wp-json\/wp\/v2\/product"}],"about":[{"href":"https:\/\/r2-toys.com\/index.php\/wp-json\/wp\/v2\/types\/product"}],"replies":[{"embeddable":true,"href":"https:\/\/r2-toys.com\/index.php\/wp-json\/wp\/v2\/comments?post=7227"}],"wp:featuredmedia":[{"embeddable":true,"href":"https:\/\/r2-toys.com\/index.php\/wp-json\/wp\/v2\/media\/7180"}],"wp:attachment":[{"href":"https:\/\/r2-toys.com\/index.php\/wp-json\/wp\/v2\/media?parent=7227"}],"wp:term":[{"taxonomy":"product_brand","embeddable":true,"href":"https:\/\/r2-toys.com\/index.php\/wp-json\/wp\/v2\/product_brand?post=7227"},{"taxonomy":"product_cat","embeddable":true,"href":"https:\/\/r2-toys.com\/index.php\/wp-json\/wp\/v2\/product_cat?post=7227"},{"taxonomy":"product_tag","embeddable":true,"href":"https:\/\/r2-toys.com\/index.php\/wp-json\/wp\/v2\/product_tag?post=7227"}],"curies":[{"name":"wp","href":"https:\/\/api.w.org\/{rel}","templated":true}]}}