{"id":734,"date":"2022-03-30T08:46:03","date_gmt":"2022-03-30T02:46:03","guid":{"rendered":"https:\/\/r2-toys.com\/?post_type=product&#038;p=734"},"modified":"2025-12-10T14:45:35","modified_gmt":"2025-12-10T08:45:35","slug":"tie-fighter-pilot-2","status":"publish","type":"product","link":"https:\/\/r2-toys.com\/index.php\/product\/tie-fighter-pilot-2\/","title":{"rendered":"TIE FIGHTER PILOT"},"content":{"rendered":"<p>Los pilotos imperiales confiaban en reflejos ultrarr\u00e1pidos y valent\u00eda para sobrevivir a los turnos de servicio contra los enemigos del Imperio, ya que los TIE Fighters ten\u00edan una armadura ligera y carec\u00edan de escudos.<\/p>\n<p>Celebre el legado de Star Wars, la saga espacial llena de acci\u00f3n de una galaxia muy, muy lejana, con figuras y veh\u00edculos premium a escala de 9.5 cm de Star Wars The Vintage Collection. Las figuras cuentan con detalles y dise\u00f1o de primera calidad en todo el producto y empaque inspirados en la l\u00ednea original, as\u00ed como en la decoraci\u00f3n de coleccionista inspirada en el entretenimiento que los fan\u00e1ticos han llegado a conocer y amar. (Los productos adicionales se venden por separado. Sujeto a disponibilidad).<\/p>\n<p>Incluye: figura y 2 accesorios.<\/p>\n<div>\n<p>Edad recomendada: 4 a\u00f1os en adelante<\/p>\n<\/div>\n<div>\n<p>\u26a0\ufe0f ADVERTENCIA: PELIGRO DE ASFIXIA &#8211; Piezas peque\u00f1as. No apto para ni\u00f1os menores de 4 a\u00f1os.<\/p>\n<\/div>\n<div>\n<p>Los productos Star Wars son producidos por Hasbro bajo licencia de Lucasfilm Ltd.<\/p>\n<\/div>\n<div>\n<p>Hasbro y todos los t\u00e9rminos relacionados son marcas de comercio de Hasbro.<\/p>\n<\/div>\n","protected":false},"excerpt":{"rendered":"<p>Los pilotos imperiales confiaban en reflejos ultrarr\u00e1pidos y valent\u00eda para sobrevivir a los turnos de servicio contra los enemigos del Imperio, ya que los TIE Fighters ten\u00edan una armadura ligera y carec\u00edan de escudos.<\/p>\n","protected":false},"featured_media":3179,"comment_status":"open","ping_status":"closed","template":"","meta":[],"product_brand":[],"product_cat":[29],"product_tag":[],"class_list":{"0":"post-734","1":"product","2":"type-product","3":"status-publish","4":"has-post-thumbnail","6":"product_cat-vintage","8":"first","9":"instock","10":"taxable","11":"shipping-taxable","12":"purchasable","13":"product-type-simple"},"_links":{"self":[{"href":"https:\/\/r2-toys.com\/index.php\/wp-json\/wp\/v2\/product\/734","targetHints":{"allow":["GET"]}}],"collection":[{"href":"https:\/\/r2-toys.com\/index.php\/wp-json\/wp\/v2\/product"}],"about":[{"href":"https:\/\/r2-toys.com\/index.php\/wp-json\/wp\/v2\/types\/product"}],"replies":[{"embeddable":true,"href":"https:\/\/r2-toys.com\/index.php\/wp-json\/wp\/v2\/comments?post=734"}],"wp:featuredmedia":[{"embeddable":true,"href":"https:\/\/r2-toys.com\/index.php\/wp-json\/wp\/v2\/media\/3179"}],"wp:attachment":[{"href":"https:\/\/r2-toys.com\/index.php\/wp-json\/wp\/v2\/media?parent=734"}],"wp:term":[{"taxonomy":"product_brand","embeddable":true,"href":"https:\/\/r2-toys.com\/index.php\/wp-json\/wp\/v2\/product_brand?post=734"},{"taxonomy":"product_cat","embeddable":true,"href":"https:\/\/r2-toys.com\/index.php\/wp-json\/wp\/v2\/product_cat?post=734"},{"taxonomy":"product_tag","embeddable":true,"href":"https:\/\/r2-toys.com\/index.php\/wp-json\/wp\/v2\/product_tag?post=734"}],"curies":[{"name":"wp","href":"https:\/\/api.w.org\/{rel}","templated":true}]}}