{"id":767,"date":"2022-03-31T21:49:13","date_gmt":"2022-03-31T15:49:13","guid":{"rendered":"https:\/\/r2-toys.com\/?post_type=product&#038;p=767"},"modified":"2023-11-05T08:18:46","modified_gmt":"2023-11-05T02:18:46","slug":"a-lesson-in-the-force-382","status":"publish","type":"product","link":"https:\/\/r2-toys.com\/index.php\/product\/a-lesson-in-the-force-382\/","title":{"rendered":"A LESSON IN THE FORCE (382)"},"content":{"rendered":"<p>\u00a1Celebra la Convenci\u00f3n Gal\u00e1ctica de 2020 con una lecci\u00f3n en la fuerza como un pop estilizado! Deluxe de Funko! \u00a1Este Pop! es un momento fundamental en la pel\u00edcula, El Imperio Contraataca, cuando Yoda ense\u00f1a a Luke Skywalker los caminos de los Jedi y c\u00f3mo aprovechar la Fuerza levantando el X-Wing de los pantanos de Dagobah.<\/p>\n<p>Este exclusivo art\u00edculo celebra el 40 aniversario de Star Wars: The Empire Strikes Back. Cuenta con el adhesivo exclusivo de la Convenci\u00f3n Gal\u00e1ctica 2020 (como se muestra en la imagen).<\/p>\n<p>La figura mide aproximadamente 9.53 cm<\/p>\n<p>Edad recomendada: 4 a\u00f1os en adelante<\/p>\n<p>\u26a0\ufe0f ADVERTENCIA: PELIGRO DE ASFIXIA &#8211; Piezas peque\u00f1as. No apto para ni\u00f1os menores de 4 a\u00f1os.<\/p>\n<p>Los productos Star Wars son producidos por Funko bajo licencia de Lucasfilm Ltd.<\/p>\n<p>&nbsp;<\/p>\n","protected":false},"excerpt":{"rendered":"<p>Este exclusivo art\u00edculo celebra el 40 aniversario de Star Wars: The Empire Strikes Back. Cuenta con el adhesivo exclusivo de la Convenci\u00f3n Gal\u00e1ctica 2020 (como se muestra en la imagen).<\/p>\n<p>La figura mide aproximadamente 9.53 cm<\/p>\n","protected":false},"featured_media":3773,"comment_status":"open","ping_status":"closed","template":"","meta":[],"product_brand":[],"product_cat":[20],"product_tag":[],"class_list":{"0":"post-767","1":"product","2":"type-product","3":"status-publish","4":"has-post-thumbnail","6":"product_cat-funko1","8":"first","9":"outofstock","10":"taxable","11":"shipping-taxable","12":"purchasable","13":"product-type-simple"},"_links":{"self":[{"href":"https:\/\/r2-toys.com\/index.php\/wp-json\/wp\/v2\/product\/767","targetHints":{"allow":["GET"]}}],"collection":[{"href":"https:\/\/r2-toys.com\/index.php\/wp-json\/wp\/v2\/product"}],"about":[{"href":"https:\/\/r2-toys.com\/index.php\/wp-json\/wp\/v2\/types\/product"}],"replies":[{"embeddable":true,"href":"https:\/\/r2-toys.com\/index.php\/wp-json\/wp\/v2\/comments?post=767"}],"wp:featuredmedia":[{"embeddable":true,"href":"https:\/\/r2-toys.com\/index.php\/wp-json\/wp\/v2\/media\/3773"}],"wp:attachment":[{"href":"https:\/\/r2-toys.com\/index.php\/wp-json\/wp\/v2\/media?parent=767"}],"wp:term":[{"taxonomy":"product_brand","embeddable":true,"href":"https:\/\/r2-toys.com\/index.php\/wp-json\/wp\/v2\/product_brand?post=767"},{"taxonomy":"product_cat","embeddable":true,"href":"https:\/\/r2-toys.com\/index.php\/wp-json\/wp\/v2\/product_cat?post=767"},{"taxonomy":"product_tag","embeddable":true,"href":"https:\/\/r2-toys.com\/index.php\/wp-json\/wp\/v2\/product_tag?post=767"}],"curies":[{"name":"wp","href":"https:\/\/api.w.org\/{rel}","templated":true}]}}