{"id":770,"date":"2022-03-31T21:55:14","date_gmt":"2022-03-31T15:55:14","guid":{"rendered":"https:\/\/r2-toys.com\/?post_type=product&#038;p=770"},"modified":"2022-06-13T06:48:27","modified_gmt":"2022-06-13T00:48:27","slug":"ahsoka-409","status":"publish","type":"product","link":"https:\/\/r2-toys.com\/index.php\/product\/ahsoka-409\/","title":{"rendered":"AHSOKA (409)"},"content":{"rendered":"<p>Una vez una padawan ansiosa, Ahsoka Tano ha demostrado ser una guerrera capaz a trav\u00e9s de sus victorias en varias batallas a lo largo de las Guerras Clon. \u00a1Celebra el fandom m\u00e1s estelar de todos con Star Wars \u2122 The Manadolrian \u2122 Pop! de Ahsoka Tano.<\/p>\n<p>Desde 1977 la saga de Star Wars ha sido un movimiento revolucionario de la cultura pop generaci\u00f3n tras generaci\u00f3n, reclutando fans y seguidores, creando para ellos diversas producciones del amplio universo. Gracias a FunkoPop podemos tener incre\u00edbles figuras de tus personajes favoritos con incre\u00edbles dise\u00f1os.<\/p>\n<p>Esta figura de vinilo mide aproximadamente 11 cent\u00edmetros.<\/p>\n<p>Edad recomendada: 4 a\u00f1os en adelante<\/p>\n<div>\n<p>\u26a0\ufe0f ADVERTENCIA: PELIGRO DE ASFIXIA &#8211; Piezas peque\u00f1as. No apto para ni\u00f1os menores de 4 a\u00f1os.<\/p>\n<p>Los productos Star Wars son producidos por FUNKO bajo licencia de Lucasfilm Ltd. y Disney<\/p>\n<p>FUNKO y todos los t\u00e9rminos relacionados son marcas registradas Funko.<\/p>\n<\/div>\n","protected":false},"excerpt":{"rendered":"<p>Una vez una padawan ansiosa, Ahsoka Tano ha demostrado ser una guerrera capaz a trav\u00e9s de sus victorias en varias batallas a lo largo de las Guerras Clon. \u00a1Celebra el fandom m\u00e1s estelar de todos con Star Wars \u2122 The Manadolrian \u2122 Pop! de Ahsoka Tano.<\/p>\n<p>&nbsp;<\/p>\n","protected":false},"featured_media":3778,"comment_status":"open","ping_status":"closed","template":"","meta":[],"product_brand":[],"product_cat":[20],"product_tag":[],"class_list":{"0":"post-770","1":"product","2":"type-product","3":"status-publish","4":"has-post-thumbnail","6":"product_cat-funko1","8":"first","9":"instock","10":"taxable","11":"shipping-taxable","12":"purchasable","13":"product-type-simple"},"_links":{"self":[{"href":"https:\/\/r2-toys.com\/index.php\/wp-json\/wp\/v2\/product\/770","targetHints":{"allow":["GET"]}}],"collection":[{"href":"https:\/\/r2-toys.com\/index.php\/wp-json\/wp\/v2\/product"}],"about":[{"href":"https:\/\/r2-toys.com\/index.php\/wp-json\/wp\/v2\/types\/product"}],"replies":[{"embeddable":true,"href":"https:\/\/r2-toys.com\/index.php\/wp-json\/wp\/v2\/comments?post=770"}],"wp:featuredmedia":[{"embeddable":true,"href":"https:\/\/r2-toys.com\/index.php\/wp-json\/wp\/v2\/media\/3778"}],"wp:attachment":[{"href":"https:\/\/r2-toys.com\/index.php\/wp-json\/wp\/v2\/media?parent=770"}],"wp:term":[{"taxonomy":"product_brand","embeddable":true,"href":"https:\/\/r2-toys.com\/index.php\/wp-json\/wp\/v2\/product_brand?post=770"},{"taxonomy":"product_cat","embeddable":true,"href":"https:\/\/r2-toys.com\/index.php\/wp-json\/wp\/v2\/product_cat?post=770"},{"taxonomy":"product_tag","embeddable":true,"href":"https:\/\/r2-toys.com\/index.php\/wp-json\/wp\/v2\/product_tag?post=770"}],"curies":[{"name":"wp","href":"https:\/\/api.w.org\/{rel}","templated":true}]}}