{"id":775,"date":"2022-03-31T21:50:39","date_gmt":"2022-03-31T15:50:39","guid":{"rendered":"https:\/\/r2-toys.com\/?post_type=product&#038;p=775"},"modified":"2022-07-11T00:23:59","modified_gmt":"2022-07-10T18:23:59","slug":"ahsoka-tano-268","status":"publish","type":"product","link":"https:\/\/r2-toys.com\/index.php\/product\/ahsoka-tano-268\/","title":{"rendered":"AHSOKA  TANO (268)"},"content":{"rendered":"<p>Una vez una padawan ansiosa, Ahsoka Tano ahora est\u00e1 demostrando ser una guerrera capaz a trav\u00e9s de sus victorias en varias batallas a lo largo de las Guerras Clon. \u00a1Celebra el fandom m\u00e1s estelar de todos con Star Wars: The Clone Wars Pop! Ahsoka Tano. Esta figura de vinilo mide aproximadamente 9.5 cm de alto.<\/p>\n<div>\n<p>Edad recomendada: 4 a\u00f1os en adelante<\/p>\n<\/div>\n<div>\n<p>\u26a0\ufe0f ADVERTENCIA: PELIGRO DE ASFIXIA &#8211; Piezas peque\u00f1as. No apto para ni\u00f1os menores de 4 a\u00f1os.<\/p>\n<\/div>\n<div>\n<p>Los productos Star Wars son producidos por Funko bajo licencia de Lucasfilm Ltd.<\/p>\n<\/div>\n","protected":false},"excerpt":{"rendered":"<p>Una vez una padawan ansiosa, Ahsoka Tano ahora est\u00e1 demostrando ser una guerrera capaz a trav\u00e9s de sus victorias en varias batallas a lo largo de las Guerras Clon. \u00a1Celebra el fandom m\u00e1s estelar de todos con Star Wars: The Clone Wars Pop! Ahsoka Tano. Esta figura de vinilo mide aproximadamente 9.5 cm de alto.<\/p>\n","protected":false},"featured_media":3982,"comment_status":"open","ping_status":"closed","template":"","meta":[],"product_brand":[],"product_cat":[20],"product_tag":[],"class_list":{"0":"post-775","1":"product","2":"type-product","3":"status-publish","4":"has-post-thumbnail","6":"product_cat-funko1","8":"first","9":"instock","10":"taxable","11":"shipping-taxable","12":"purchasable","13":"product-type-simple"},"_links":{"self":[{"href":"https:\/\/r2-toys.com\/index.php\/wp-json\/wp\/v2\/product\/775","targetHints":{"allow":["GET"]}}],"collection":[{"href":"https:\/\/r2-toys.com\/index.php\/wp-json\/wp\/v2\/product"}],"about":[{"href":"https:\/\/r2-toys.com\/index.php\/wp-json\/wp\/v2\/types\/product"}],"replies":[{"embeddable":true,"href":"https:\/\/r2-toys.com\/index.php\/wp-json\/wp\/v2\/comments?post=775"}],"wp:featuredmedia":[{"embeddable":true,"href":"https:\/\/r2-toys.com\/index.php\/wp-json\/wp\/v2\/media\/3982"}],"wp:attachment":[{"href":"https:\/\/r2-toys.com\/index.php\/wp-json\/wp\/v2\/media?parent=775"}],"wp:term":[{"taxonomy":"product_brand","embeddable":true,"href":"https:\/\/r2-toys.com\/index.php\/wp-json\/wp\/v2\/product_brand?post=775"},{"taxonomy":"product_cat","embeddable":true,"href":"https:\/\/r2-toys.com\/index.php\/wp-json\/wp\/v2\/product_cat?post=775"},{"taxonomy":"product_tag","embeddable":true,"href":"https:\/\/r2-toys.com\/index.php\/wp-json\/wp\/v2\/product_tag?post=775"}],"curies":[{"name":"wp","href":"https:\/\/api.w.org\/{rel}","templated":true}]}}