{"id":8129,"date":"2025-09-21T10:05:01","date_gmt":"2025-09-21T04:05:01","guid":{"rendered":"https:\/\/r2-toys.com\/?post_type=product&#038;p=8129"},"modified":"2026-02-17T05:37:08","modified_gmt":"2026-02-16T23:37:08","slug":"batman-and-robin-cowl-replica","status":"publish","type":"product","link":"https:\/\/r2-toys.com\/index.php\/product\/batman-and-robin-cowl-replica\/","title":{"rendered":"Batman and Robin\/Cowl Replica"},"content":{"rendered":"<p>Basado en Batman and Robin<\/p>\n<p><span class=\"Y2IQFc\" lang=\"es\">R\u00e9plica a escala 1:3 basada en Batman and Robin\u00a0<\/span><\/p>\n<p class=\"tw-data-text tw-text-large tw-ta\" dir=\"ltr\" tabindex=\"-1\" role=\"text\" data-placeholder=\"Traducci\u00f3n\" data-ved=\"2ahUKEwimi-W3-uiPAxWPk2oFHS2qAuQQ3ewLegQICxAV\" aria-label=\"Texto traducido: Basado en El Caballero Oscuro de Batman: La Corte de los B\u00fahos, \u00a1Los Nuevos 52 y un nuevo comienzo para BATMAN! Caracter\u00edsticas del producto: R\u00e9plica de la capucha a escala 1:3 basada en Batman: La Corte de los B\u00fahos Mide aproximadamente 18 cm de alto Incluye base de exhibici\u00f3n Colecciona todas las r\u00e9plicas de capuchas de McFarlane Toys DC Direct\"><span class=\"Y2IQFc\" lang=\"es\">Mide aproximadamente 18 cm de alto.<\/span><\/p>\n<p class=\"tw-data-text tw-text-large tw-ta\" dir=\"ltr\" tabindex=\"-1\" role=\"text\" data-placeholder=\"Traducci\u00f3n\" data-ved=\"2ahUKEwimi-W3-uiPAxWPk2oFHS2qAuQQ3ewLegQICxAV\" aria-label=\"Texto traducido: Basado en El Caballero Oscuro de Batman: La Corte de los B\u00fahos, \u00a1Los Nuevos 52 y un nuevo comienzo para BATMAN! Caracter\u00edsticas del producto: R\u00e9plica de la capucha a escala 1:3 basada en Batman: La Corte de los B\u00fahos Mide aproximadamente 18 cm de alto Incluye base de exhibici\u00f3n Colecciona todas las r\u00e9plicas de capuchas de McFarlane Toys DC Direct\"><span class=\"Y2IQFc\" lang=\"es\">I<\/span><span class=\"Y2IQFc\" lang=\"es\">ncluye base de exhibici\u00f3n.<\/span><\/p>\n<p class=\"p1\">Edad recomendada: 12 a\u00f1os en adelante<\/p>\n<p class=\"p1\"><span class=\"s1\">\u26a0\ufe0f<\/span>ADVERTENCIA: PELIGRO DE ASFIXIA &#8211; Piezas peque\u00f1as. No apto para ni\u00f1os menores de 12 a\u00f1os.<\/p>\n<p class=\"p1\">Los productos son producidos por McFarlane bajo licencia de DC comics.<\/p>\n<p class=\"p1\">McFarlane, DC Comics y<span class=\"Apple-converted-space\">\u00a0 <\/span>todos los t\u00e9rminos relacionados son marcas registradas de Mc Farlane y DC Comics.<\/p>\n","protected":false},"excerpt":{"rendered":"<p id=\"tw-target-text\" class=\"tw-data-text tw-text-large tw-ta\" dir=\"ltr\" tabindex=\"-1\" role=\"text\" data-placeholder=\"Traducci\u00f3n\" data-ved=\"2ahUKEwimi-W3-uiPAxWPk2oFHS2qAuQQ3ewLegQICxAV\" aria-label=\"Texto traducido: Basado en El Caballero Oscuro de Batman: La Corte de los B\u00fahos, \u00a1Los Nuevos 52 y un nuevo comienzo para BATMAN! Caracter\u00edsticas del producto: R\u00e9plica de la capucha a escala 1:3 basada en Batman: La Corte de los B\u00fahos Mide aproximadamente 18 cm de alto Incluye base de exhibici\u00f3n Colecciona todas las r\u00e9plicas de capuchas de McFarlane Toys DC Direct\"><span class=\"Y2IQFc\" lang=\"es\">R\u00e9plica a escala 1:3 basada en Batman and Robin\u00a0<\/span><\/p>\n<p class=\"tw-data-text tw-text-large tw-ta\" dir=\"ltr\" tabindex=\"-1\" role=\"text\" data-placeholder=\"Traducci\u00f3n\" data-ved=\"2ahUKEwimi-W3-uiPAxWPk2oFHS2qAuQQ3ewLegQICxAV\" aria-label=\"Texto traducido: Basado en El Caballero Oscuro de Batman: La Corte de los B\u00fahos, \u00a1Los Nuevos 52 y un nuevo comienzo para BATMAN! Caracter\u00edsticas del producto: R\u00e9plica de la capucha a escala 1:3 basada en Batman: La Corte de los B\u00fahos Mide aproximadamente 18 cm de alto Incluye base de exhibici\u00f3n Colecciona todas las r\u00e9plicas de capuchas de McFarlane Toys DC Direct\"><span class=\"Y2IQFc\" lang=\"es\">Mide aproximadamente 18 cm de alto.<\/span><\/p>\n<p class=\"tw-data-text tw-text-large tw-ta\" dir=\"ltr\" tabindex=\"-1\" role=\"text\" data-placeholder=\"Traducci\u00f3n\" data-ved=\"2ahUKEwimi-W3-uiPAxWPk2oFHS2qAuQQ3ewLegQICxAV\" aria-label=\"Texto traducido: Basado en El Caballero Oscuro de Batman: La Corte de los B\u00fahos, \u00a1Los Nuevos 52 y un nuevo comienzo para BATMAN! Caracter\u00edsticas del producto: R\u00e9plica de la capucha a escala 1:3 basada en Batman: La Corte de los B\u00fahos Mide aproximadamente 18 cm de alto Incluye base de exhibici\u00f3n Colecciona todas las r\u00e9plicas de capuchas de McFarlane Toys DC Direct\"><span class=\"Y2IQFc\" lang=\"es\">I<\/span><span class=\"Y2IQFc\" lang=\"es\">ncluye base de exhibici\u00f3n.<\/span><\/p>\n<p class=\"p1\">Edad recomendada: 12 a\u00f1os en adelante<\/p>\n<p class=\"p1\"><span class=\"s1\">\u26a0\ufe0f<\/span>ADVERTENCIA: PELIGRO DE ASFIXIA &#8211; Piezas peque\u00f1as. No apto para ni\u00f1os menores de 12 a\u00f1os.<\/p>\n<p class=\"p1\">Los productos son producidos por McFarlane bajo licencia de DC comics.<\/p>\n<p class=\"p1\">McFarlane, DC Comics y<span class=\"Apple-converted-space\">\u00a0 <\/span>todos los t\u00e9rminos relacionados son marcas registradas de Mc Farlane y DC Comics.<\/p>\n","protected":false},"featured_media":8118,"comment_status":"open","ping_status":"closed","template":"","meta":[],"product_brand":[],"product_cat":[21],"product_tag":[],"class_list":{"0":"post-8129","1":"product","2":"type-product","3":"status-publish","4":"has-post-thumbnail","6":"product_cat-retro","8":"first","9":"instock","10":"taxable","11":"shipping-taxable","12":"purchasable","13":"product-type-simple"},"_links":{"self":[{"href":"https:\/\/r2-toys.com\/index.php\/wp-json\/wp\/v2\/product\/8129","targetHints":{"allow":["GET"]}}],"collection":[{"href":"https:\/\/r2-toys.com\/index.php\/wp-json\/wp\/v2\/product"}],"about":[{"href":"https:\/\/r2-toys.com\/index.php\/wp-json\/wp\/v2\/types\/product"}],"replies":[{"embeddable":true,"href":"https:\/\/r2-toys.com\/index.php\/wp-json\/wp\/v2\/comments?post=8129"}],"wp:featuredmedia":[{"embeddable":true,"href":"https:\/\/r2-toys.com\/index.php\/wp-json\/wp\/v2\/media\/8118"}],"wp:attachment":[{"href":"https:\/\/r2-toys.com\/index.php\/wp-json\/wp\/v2\/media?parent=8129"}],"wp:term":[{"taxonomy":"product_brand","embeddable":true,"href":"https:\/\/r2-toys.com\/index.php\/wp-json\/wp\/v2\/product_brand?post=8129"},{"taxonomy":"product_cat","embeddable":true,"href":"https:\/\/r2-toys.com\/index.php\/wp-json\/wp\/v2\/product_cat?post=8129"},{"taxonomy":"product_tag","embeddable":true,"href":"https:\/\/r2-toys.com\/index.php\/wp-json\/wp\/v2\/product_tag?post=8129"}],"curies":[{"name":"wp","href":"https:\/\/api.w.org\/{rel}","templated":true}]}}