{"id":8131,"date":"2025-09-21T10:12:40","date_gmt":"2025-09-21T04:12:40","guid":{"rendered":"https:\/\/r2-toys.com\/?post_type=product&#038;p=8131"},"modified":"2025-09-21T10:15:51","modified_gmt":"2025-09-21T04:15:51","slug":"superman-the-dark-knight-returns-black-white-accent-edition-gold-label","status":"publish","type":"product","link":"https:\/\/r2-toys.com\/index.php\/product\/superman-the-dark-knight-returns-black-white-accent-edition-gold-label\/","title":{"rendered":"SUPERMAN (THE DARK KNIGHT RETURNS) BLACK &#038; WHITE ACCENT EDITION GOLD LABEL"},"content":{"rendered":"<p id=\"tw-target-text\" class=\"tw-data-text tw-text-large tw-ta\" dir=\"ltr\" tabindex=\"-1\" role=\"text\" data-placeholder=\"Traducci\u00f3n\" data-ved=\"2ahUKEwimi-W3-uiPAxWPk2oFHS2qAuQQ3ewLegQICxAV\" aria-label=\"Texto traducido: En un futuro cercano, despu\u00e9s de que el Caballero Oscuro regresa de su retiro para combatir el crimen una vez m\u00e1s, Superman es llamado por el Presidente para razonar con Batman y calmar el alboroto en Ciudad G\u00f3tica. Batman, sin embargo, no tiene planes de detener su guerra contra el crimen. El resultado es un enfrentamiento \u00e9pico entre los dos superh\u00e9roes para determinar el destino de la Tierra.\"><span class=\"Y2IQFc\" lang=\"es\">En un futuro cercano, despu\u00e9s de que el Caballero Oscuro regresa de su retiro para combatir el crimen una vez m\u00e1s, Superman es llamado por el Presidente para razonar con Batman y calmar el alboroto en Ciudad G\u00f3tica. Batman, sin embargo, no tiene planes de detener su guerra contra el crimen. El resultado es un enfrentamiento \u00e9pico entre los dos superh\u00e9roes para determinar el destino de la Tierra.<\/span><\/p>\n<p class=\"p1\">Esta figura de 17cm cuenta con m\u00e1s de 22 articulaciones.<\/p>\n<p class=\"p1\">Edad recomendada: 12 a\u00f1os en adelante<\/p>\n<p class=\"p1\"><span class=\"s1\">\u26a0\ufe0f<\/span>ADVERTENCIA: PELIGRO DE ASFIXIA &#8211; Piezas peque\u00f1as. No apto para ni\u00f1os menores de 12 a\u00f1os.<\/p>\n<p class=\"p1\">Los productos son producidos por McFarlane bajo licencia de DC comics.<\/p>\n<p class=\"p1\">McFarlane, DC Comics y<span class=\"Apple-converted-space\">\u00a0 <\/span>todos los t\u00e9rminos relacionados son marcas registradas de Mc Farlane y DC Comics.<\/p>\n","protected":false},"excerpt":{"rendered":"<p id=\"tw-target-text\" class=\"tw-data-text tw-text-large tw-ta\" dir=\"ltr\" tabindex=\"-1\" role=\"text\" data-placeholder=\"Traducci\u00f3n\" data-ved=\"2ahUKEwimi-W3-uiPAxWPk2oFHS2qAuQQ3ewLegQICxAV\" aria-label=\"Texto traducido: En un futuro cercano, despu\u00e9s de que el Caballero Oscuro regresa de su retiro para combatir el crimen una vez m\u00e1s, Superman es llamado por el Presidente para razonar con Batman y calmar el alboroto en Ciudad G\u00f3tica. Batman, sin embargo, no tiene planes de detener su guerra contra el crimen. El resultado es un enfrentamiento \u00e9pico entre los dos superh\u00e9roes para determinar el destino de la Tierra.\"><span class=\"Y2IQFc\" lang=\"es\">En un futuro cercano, despu\u00e9s de que el Caballero Oscuro regresa de su retiro para combatir el crimen una vez m\u00e1s, Superman es llamado por el Presidente para razonar con Batman y calmar el alboroto en Ciudad G\u00f3tica. Batman, sin embargo, no tiene planes de detener su guerra contra el crimen. El resultado es un enfrentamiento \u00e9pico entre los dos superh\u00e9roes para determinar el destino de la Tierra.<\/span><\/p>\n<p class=\"p1\">Edad recomendada: 12 a\u00f1os en adelante<\/p>\n<p class=\"p1\"><span class=\"s1\">\u26a0\ufe0f<\/span>ADVERTENCIA: PELIGRO DE ASFIXIA &#8211; Piezas peque\u00f1as. No apto para ni\u00f1os menores de 12 a\u00f1os.<\/p>\n<p class=\"p1\">Los productos son producidos por McFarlane bajo licencia de DC comics.<\/p>\n<p class=\"p1\">McFarlane, DC Comics y<span class=\"Apple-converted-space\">\u00a0 <\/span>todos los t\u00e9rminos relacionados son marcas registradas de Mc Farlane y DC Comics.<\/p>\n","protected":false},"featured_media":8116,"comment_status":"open","ping_status":"closed","template":"","meta":[],"product_brand":[],"product_cat":[21],"product_tag":[],"class_list":{"0":"post-8131","1":"product","2":"type-product","3":"status-publish","4":"has-post-thumbnail","6":"product_cat-retro","8":"first","9":"instock","10":"taxable","11":"shipping-taxable","12":"purchasable","13":"product-type-simple"},"_links":{"self":[{"href":"https:\/\/r2-toys.com\/index.php\/wp-json\/wp\/v2\/product\/8131","targetHints":{"allow":["GET"]}}],"collection":[{"href":"https:\/\/r2-toys.com\/index.php\/wp-json\/wp\/v2\/product"}],"about":[{"href":"https:\/\/r2-toys.com\/index.php\/wp-json\/wp\/v2\/types\/product"}],"replies":[{"embeddable":true,"href":"https:\/\/r2-toys.com\/index.php\/wp-json\/wp\/v2\/comments?post=8131"}],"wp:featuredmedia":[{"embeddable":true,"href":"https:\/\/r2-toys.com\/index.php\/wp-json\/wp\/v2\/media\/8116"}],"wp:attachment":[{"href":"https:\/\/r2-toys.com\/index.php\/wp-json\/wp\/v2\/media?parent=8131"}],"wp:term":[{"taxonomy":"product_brand","embeddable":true,"href":"https:\/\/r2-toys.com\/index.php\/wp-json\/wp\/v2\/product_brand?post=8131"},{"taxonomy":"product_cat","embeddable":true,"href":"https:\/\/r2-toys.com\/index.php\/wp-json\/wp\/v2\/product_cat?post=8131"},{"taxonomy":"product_tag","embeddable":true,"href":"https:\/\/r2-toys.com\/index.php\/wp-json\/wp\/v2\/product_tag?post=8131"}],"curies":[{"name":"wp","href":"https:\/\/api.w.org\/{rel}","templated":true}]}}