{"id":8134,"date":"2025-09-21T10:39:49","date_gmt":"2025-09-21T04:39:49","guid":{"rendered":"https:\/\/r2-toys.com\/?post_type=product&#038;p=8134"},"modified":"2026-04-12T08:58:28","modified_gmt":"2026-04-12T02:58:28","slug":"the-batmobile-dc-rebirth","status":"publish","type":"product","link":"https:\/\/r2-toys.com\/index.php\/product\/the-batmobile-dc-rebirth\/","title":{"rendered":"THE BATMOBILE (DC REBIRTH)"},"content":{"rendered":"<p>Alguien tiene en la mira a los aliados de Batman en Gotham: h\u00e9roes j\u00f3venes e inexpertos que imitan al Caballero Oscuro\u2122, pero que a\u00fan no cuentan con su entrenamiento ni recursos. Con la ayuda de Batwoman\u2122,\u00a0 recluta a estos j\u00f3venes justicieros, entren\u00e1ndolos para formar un equipo a la altura de las mayores amenazas de Gotham.<\/p>\n<p>Red Robin\u2122, Spoiler\u2122, Orphan\u2122 y Clayface\u2122 son los primeros h\u00e9roes en ser reclutados. Pero \u00bfpodr\u00e1 un equipo inspirado en Batman\u2122 y entrenado por Batwoman enfrentarse a todo un ej\u00e9rcito antijusticieros? \u00bfO fracasar\u00e1 la visi\u00f3n de Batman de un equipo de Bath\u00e9roes? Caracter\u00edsticas del producto:<\/p>\n<p>El BATIM\u00d3VIL\u2122 est\u00e1 basado en el dise\u00f1o de los c\u00f3mics de DC Rebirth.<br \/>\nVeh\u00edculo incre\u00edblemente detallado, compatible con la mayor\u00eda de las figuras de 18 cm de DC Multiverse.<br \/>\nLa capota del batim\u00f3vil se abre para acceder a la cabina con solo pulsar un bot\u00f3n.<\/p>\n<p>Figura no incluida.<\/p>\n<p class=\"p1\">Edad recomendada: 12 a\u00f1os en adelante<\/p>\n<p class=\"p1\"><span class=\"s1\">\u26a0\ufe0f<\/span>ADVERTENCIA: PELIGRO DE ASFIXIA &#8211; Piezas peque\u00f1as. No apto para ni\u00f1os menores de 12 a\u00f1os.<\/p>\n<p class=\"p1\">Los productos son producidos por McFarlane bajo licencia de DC comics.<\/p>\n<p class=\"p1\">McFarlane, DC Comics y<span class=\"Apple-converted-space\">\u00a0 <\/span>todos los t\u00e9rminos relacionados son marcas registradas de Mc Farlane y DC Comics.<\/p>\n","protected":false},"excerpt":{"rendered":"<p>Alguien tiene en la mira a los aliados de Batman en Gotham: h\u00e9roes j\u00f3venes e inexpertos que imitan al Caballero Oscuro\u2122, pero que a\u00fan no cuentan con su entrenamiento ni recursos. Con la ayuda de Batwoman\u2122, recluta a estos j\u00f3venes justicieros, entren\u00e1ndolos para formar un equipo a la altura de las mayores amenazas de Gotham. Red Robin\u2122, Spoiler\u2122, Orphan\u2122 y Clayface\u2122 son los primeros h\u00e9roes en ser reclutados. Pero \u00bfpodr\u00e1 un equipo inspirado en Batman\u2122 y entrenado por Batwoman enfrentarse a todo un ej\u00e9rcito antijusticieros? \u00bfO fracasar\u00e1 la visi\u00f3n de Batman de un equipo de Bath\u00e9roes? Caracter\u00edsticas del producto:<\/p>\n<p>El BATIM\u00d3VIL\u2122 est\u00e1 basado en el dise\u00f1o de los c\u00f3mics de DC Rebirth.<br \/>\nVeh\u00edculo incre\u00edblemente detallado, compatible con la mayor\u00eda de las figuras de 18 cm de DC Multiverse.<br \/>\nLa capota del batim\u00f3vil se abre para acceder a la cabina con solo pulsar un bot\u00f3n.<br \/>\nFigura no incluida.<\/p>\n<p class=\"p1\">Edad recomendada: 12 a\u00f1os en adelante<\/p>\n<p class=\"p1\"><span class=\"s1\">\u26a0\ufe0f<\/span>ADVERTENCIA: PELIGRO DE ASFIXIA &#8211; Piezas peque\u00f1as. No apto para ni\u00f1os menores de 12 a\u00f1os.<\/p>\n<p class=\"p1\">Los productos son producidos por McFarlane bajo licencia de DC comics.<\/p>\n<p class=\"p1\">McFarlane, DC Comics y<span class=\"Apple-converted-space\">\u00a0 <\/span>todos los t\u00e9rminos relacionados son marcas registradas de Mc Farlane y DC Comics.<\/p>\n","protected":false},"featured_media":8124,"comment_status":"open","ping_status":"closed","template":"","meta":[],"product_brand":[],"product_cat":[21],"product_tag":[],"class_list":{"0":"post-8134","1":"product","2":"type-product","3":"status-publish","4":"has-post-thumbnail","6":"product_cat-retro","8":"first","9":"instock","10":"taxable","11":"shipping-taxable","12":"purchasable","13":"product-type-simple"},"_links":{"self":[{"href":"https:\/\/r2-toys.com\/index.php\/wp-json\/wp\/v2\/product\/8134","targetHints":{"allow":["GET"]}}],"collection":[{"href":"https:\/\/r2-toys.com\/index.php\/wp-json\/wp\/v2\/product"}],"about":[{"href":"https:\/\/r2-toys.com\/index.php\/wp-json\/wp\/v2\/types\/product"}],"replies":[{"embeddable":true,"href":"https:\/\/r2-toys.com\/index.php\/wp-json\/wp\/v2\/comments?post=8134"}],"wp:featuredmedia":[{"embeddable":true,"href":"https:\/\/r2-toys.com\/index.php\/wp-json\/wp\/v2\/media\/8124"}],"wp:attachment":[{"href":"https:\/\/r2-toys.com\/index.php\/wp-json\/wp\/v2\/media?parent=8134"}],"wp:term":[{"taxonomy":"product_brand","embeddable":true,"href":"https:\/\/r2-toys.com\/index.php\/wp-json\/wp\/v2\/product_brand?post=8134"},{"taxonomy":"product_cat","embeddable":true,"href":"https:\/\/r2-toys.com\/index.php\/wp-json\/wp\/v2\/product_cat?post=8134"},{"taxonomy":"product_tag","embeddable":true,"href":"https:\/\/r2-toys.com\/index.php\/wp-json\/wp\/v2\/product_tag?post=8134"}],"curies":[{"name":"wp","href":"https:\/\/api.w.org\/{rel}","templated":true}]}}