{"id":8135,"date":"2025-09-21T10:45:48","date_gmt":"2025-09-21T04:45:48","guid":{"rendered":"https:\/\/r2-toys.com\/?post_type=product&#038;p=8135"},"modified":"2025-09-21T10:53:15","modified_gmt":"2025-09-21T04:53:15","slug":"spider-man-1-corner-box","status":"publish","type":"product","link":"https:\/\/r2-toys.com\/index.php\/product\/spider-man-1-corner-box\/","title":{"rendered":"SPIDER-MAN #1 CORNER BOX"},"content":{"rendered":"<p>Torment Parte 1. El Lagarto ha sido revivido por arte de magia. Y ahora, la m\u00e1quina de matar perfecta vuelve a matar. Mientras los cad\u00e1veres se acumulan, Spider-Man tendr\u00e1 que investigar qui\u00e9n est\u00e1 aterrorizando la ciudad.<\/p>\n<p>Inspirado en el n\u00famero 1 de SPIDER-MAN, ilustrado en la esquina de la caja.<br \/>\nColeccionable a escala 1:10 con base ambiental y escenario de fondo.<br \/>\nIncluye tarjeta con ilustraciones del personaje en la portada y sinopsis del c\u00f3mic.<\/p>\n<p class=\"p1\">Edad recomendada: 12 a\u00f1os en adelante<\/p>\n<p class=\"p1\"><span class=\"s1\">\u26a0\ufe0f<\/span>ADVERTENCIA: PELIGRO DE ASFIXIA &#8211; Piezas peque\u00f1as. No apto para ni\u00f1os menores de 12 a\u00f1os.<\/p>\n<p class=\"p1\">Los productos son producidos por McFarlane bajo licencia de Marvel.<\/p>\n<p class=\"p1\">McFarlane, Marvel y<span class=\"Apple-converted-space\">\u00a0 <\/span>todos los t\u00e9rminos relacionados son marcas registradas de Mc Farlane y Marvel.<\/p>\n","protected":false},"excerpt":{"rendered":"<p>Torment Parte 1. El Lagarto ha sido revivido por arte de magia. Y ahora, la m\u00e1quina de matar perfecta vuelve a matar. Mientras los cad\u00e1veres se acumulan, Spider-Man tendr\u00e1 que investigar qui\u00e9n est\u00e1 aterrorizando la ciudad.<\/p>\n<p>Inspirado en el n\u00famero 1 de SPIDER-MAN, ilustrado en la esquina de la caja.<br \/>\nColeccionable a escala 1:10 con base ambiental y escenario de fondo.<br \/>\nIncluye tarjeta con ilustraciones del personaje en la portada y sinopsis del c\u00f3mic.<\/p>\n<p class=\"p1\">Edad recomendada: 12 a\u00f1os en adelante<\/p>\n<p class=\"p1\"><span class=\"s1\">\u26a0\ufe0f<\/span>ADVERTENCIA: PELIGRO DE ASFIXIA &#8211; Piezas peque\u00f1as. No apto para ni\u00f1os menores de 12 a\u00f1os.<\/p>\n<p class=\"p1\">Los productos son producidos por McFarlane bajo licencia de Marvel.<\/p>\n<p class=\"p1\">McFarlane, Marvel y<span class=\"Apple-converted-space\">\u00a0 <\/span>todos los t\u00e9rminos relacionados son marcas registradas de Mc Farlane y Marvel.<\/p>\n","protected":false},"featured_media":8126,"comment_status":"open","ping_status":"closed","template":"","meta":[],"product_brand":[],"product_cat":[21],"product_tag":[],"class_list":{"0":"post-8135","1":"product","2":"type-product","3":"status-publish","4":"has-post-thumbnail","6":"product_cat-retro","8":"first","9":"instock","10":"taxable","11":"shipping-taxable","12":"purchasable","13":"product-type-simple"},"_links":{"self":[{"href":"https:\/\/r2-toys.com\/index.php\/wp-json\/wp\/v2\/product\/8135","targetHints":{"allow":["GET"]}}],"collection":[{"href":"https:\/\/r2-toys.com\/index.php\/wp-json\/wp\/v2\/product"}],"about":[{"href":"https:\/\/r2-toys.com\/index.php\/wp-json\/wp\/v2\/types\/product"}],"replies":[{"embeddable":true,"href":"https:\/\/r2-toys.com\/index.php\/wp-json\/wp\/v2\/comments?post=8135"}],"wp:featuredmedia":[{"embeddable":true,"href":"https:\/\/r2-toys.com\/index.php\/wp-json\/wp\/v2\/media\/8126"}],"wp:attachment":[{"href":"https:\/\/r2-toys.com\/index.php\/wp-json\/wp\/v2\/media?parent=8135"}],"wp:term":[{"taxonomy":"product_brand","embeddable":true,"href":"https:\/\/r2-toys.com\/index.php\/wp-json\/wp\/v2\/product_brand?post=8135"},{"taxonomy":"product_cat","embeddable":true,"href":"https:\/\/r2-toys.com\/index.php\/wp-json\/wp\/v2\/product_cat?post=8135"},{"taxonomy":"product_tag","embeddable":true,"href":"https:\/\/r2-toys.com\/index.php\/wp-json\/wp\/v2\/product_tag?post=8135"}],"curies":[{"name":"wp","href":"https:\/\/api.w.org\/{rel}","templated":true}]}}