{"id":830,"date":"2022-03-31T22:26:54","date_gmt":"2022-03-31T16:26:54","guid":{"rendered":"https:\/\/r2-toys.com\/?post_type=product&#038;p=830"},"modified":"2025-12-19T00:20:01","modified_gmt":"2025-12-18T18:20:01","slug":"cara-dune-403","status":"publish","type":"product","link":"https:\/\/r2-toys.com\/index.php\/product\/cara-dune-403\/","title":{"rendered":"CARA DUNE (403)"},"content":{"rendered":"<p>\u00a1Celebra el fandom m\u00e1s estelar de todos y las aventuras de caza de recompensas de The Mandalorian \u2122 con un pop! Cara Dune \u2122 para tu colecci\u00f3n de Star Wars.<\/p>\n<p>Esta figura \u00a0de vinilo mide aproximadamente 11.43 cm de alto.<\/p>\n<div>\n<p>Edad recomendada: 4 a\u00f1os en adelante<\/p>\n<\/div>\n<div>\n<p>\u26a0\ufe0f ADVERTENCIA: PELIGRO DE ASFIXIA &#8211; Piezas peque\u00f1as. No apto para ni\u00f1os menores de 4 a\u00f1os.<\/p>\n<\/div>\n<div>\n<p>Los productos Star Wars son producidos por Funko bajo licencia de Lucasfilm Ltd.<\/p>\n<\/div>\n","protected":false},"excerpt":{"rendered":"<p>\u00a1Celebra el fandom m\u00e1s estelar de todos y las aventuras de caza de recompensas de The Mandalorian \u2122 con un pop! Cara Dune \u2122 para tu colecci\u00f3n de Star Wars.<\/p>\n<p>Esta figura \u00a0de vinilo mide aproximadamente 11.43 cm de alto.<\/p>\n","protected":false},"featured_media":3865,"comment_status":"open","ping_status":"closed","template":"","meta":[],"product_brand":[],"product_cat":[20],"product_tag":[],"class_list":{"0":"post-830","1":"product","2":"type-product","3":"status-publish","4":"has-post-thumbnail","6":"product_cat-funko1","8":"first","9":"instock","10":"taxable","11":"shipping-taxable","12":"purchasable","13":"product-type-simple"},"_links":{"self":[{"href":"https:\/\/r2-toys.com\/index.php\/wp-json\/wp\/v2\/product\/830","targetHints":{"allow":["GET"]}}],"collection":[{"href":"https:\/\/r2-toys.com\/index.php\/wp-json\/wp\/v2\/product"}],"about":[{"href":"https:\/\/r2-toys.com\/index.php\/wp-json\/wp\/v2\/types\/product"}],"replies":[{"embeddable":true,"href":"https:\/\/r2-toys.com\/index.php\/wp-json\/wp\/v2\/comments?post=830"}],"wp:featuredmedia":[{"embeddable":true,"href":"https:\/\/r2-toys.com\/index.php\/wp-json\/wp\/v2\/media\/3865"}],"wp:attachment":[{"href":"https:\/\/r2-toys.com\/index.php\/wp-json\/wp\/v2\/media?parent=830"}],"wp:term":[{"taxonomy":"product_brand","embeddable":true,"href":"https:\/\/r2-toys.com\/index.php\/wp-json\/wp\/v2\/product_brand?post=830"},{"taxonomy":"product_cat","embeddable":true,"href":"https:\/\/r2-toys.com\/index.php\/wp-json\/wp\/v2\/product_cat?post=830"},{"taxonomy":"product_tag","embeddable":true,"href":"https:\/\/r2-toys.com\/index.php\/wp-json\/wp\/v2\/product_tag?post=830"}],"curies":[{"name":"wp","href":"https:\/\/api.w.org\/{rel}","templated":true}]}}