{"id":8416,"date":"2026-02-23T09:18:19","date_gmt":"2026-02-23T03:18:19","guid":{"rendered":"https:\/\/r2-toys.com\/?post_type=product&#038;p=8416"},"modified":"2026-04-28T10:09:21","modified_gmt":"2026-04-28T04:09:21","slug":"imperial-remnant-at-rt","status":"publish","type":"product","link":"https:\/\/r2-toys.com\/index.php\/product\/imperial-remnant-at-rt\/","title":{"rendered":"IMPERIAL REMNANT AT-RT"},"content":{"rendered":"<p class=\"p1\" style=\"text-align: left;\">Este veh\u00edculo para\u00a0 figuras de 9,5 cm cuenta con un excelente<span class=\"Apple-converted-space\">\u00a0 <\/span>dise\u00f1o, en empaques inspirados en la l\u00ednea original e incluyen accesorios.<\/p>\n<p class=\"p1\">Edad recomendada: 4 a\u00f1os en adelante<\/p>\n<p class=\"p1\"><span class=\"s1\">\u26a0\ufe0f<\/span>ADVERTENCIA: PELIGRO DE ASFIXIA &#8211; Piezas peque\u00f1as. No apto para ni\u00f1os menores de 4 a\u00f1os.<\/p>\n<p class=\"p1\">Los productos Star Wars son producidos por Hasbro bajo licencia de Lucasfilm Ltd.<\/p>\n<p class=\"p1\">Hasbro y todos los t\u00e9rminos relacionados son marcas registradas de Hasbro.<\/p>\n","protected":false},"excerpt":{"rendered":"<p class=\"p1\">Este veh\u00edculo para figuras de 9,5 cm cuenta con un excelente<span class=\"Apple-converted-space\">\u00a0 <\/span>dise\u00f1o, en empaques inspirados en la l\u00ednea original e incluyen accesorios.<\/p>\n<p class=\"p1\">Edad recomendada: 4 a\u00f1os en adelante<\/p>\n<p class=\"p1\"><span class=\"s1\">\u26a0\ufe0f<\/span>ADVERTENCIA: PELIGRO DE ASFIXIA &#8211; Piezas peque\u00f1as. No apto para ni\u00f1os menores de 4 a\u00f1os.<\/p>\n<p class=\"p1\">Los productos Star Wars son producidos por Hasbro bajo licencia de Lucasfilm Ltd.<\/p>\n<p class=\"p1\">Hasbro y todos los t\u00e9rminos relacionados son marcas registradas de Hasbro.<\/p>\n","protected":false},"featured_media":8391,"comment_status":"open","ping_status":"closed","template":"","meta":[],"product_brand":[],"product_cat":[27],"product_tag":[],"class_list":{"0":"post-8416","1":"product","2":"type-product","3":"status-publish","4":"has-post-thumbnail","6":"product_cat-naves","8":"first","9":"instock","10":"taxable","11":"shipping-taxable","12":"purchasable","13":"product-type-simple"},"_links":{"self":[{"href":"https:\/\/r2-toys.com\/index.php\/wp-json\/wp\/v2\/product\/8416","targetHints":{"allow":["GET"]}}],"collection":[{"href":"https:\/\/r2-toys.com\/index.php\/wp-json\/wp\/v2\/product"}],"about":[{"href":"https:\/\/r2-toys.com\/index.php\/wp-json\/wp\/v2\/types\/product"}],"replies":[{"embeddable":true,"href":"https:\/\/r2-toys.com\/index.php\/wp-json\/wp\/v2\/comments?post=8416"}],"wp:featuredmedia":[{"embeddable":true,"href":"https:\/\/r2-toys.com\/index.php\/wp-json\/wp\/v2\/media\/8391"}],"wp:attachment":[{"href":"https:\/\/r2-toys.com\/index.php\/wp-json\/wp\/v2\/media?parent=8416"}],"wp:term":[{"taxonomy":"product_brand","embeddable":true,"href":"https:\/\/r2-toys.com\/index.php\/wp-json\/wp\/v2\/product_brand?post=8416"},{"taxonomy":"product_cat","embeddable":true,"href":"https:\/\/r2-toys.com\/index.php\/wp-json\/wp\/v2\/product_cat?post=8416"},{"taxonomy":"product_tag","embeddable":true,"href":"https:\/\/r2-toys.com\/index.php\/wp-json\/wp\/v2\/product_tag?post=8416"}],"curies":[{"name":"wp","href":"https:\/\/api.w.org\/{rel}","templated":true}]}}