{"id":8465,"date":"2026-04-21T01:26:33","date_gmt":"2026-04-20T19:26:33","guid":{"rendered":"https:\/\/r2-toys.com\/?post_type=product&#038;p=8465"},"modified":"2026-04-21T01:28:24","modified_gmt":"2026-04-20T19:28:24","slug":"g-i-joe-classified-series-163-dreadnoks-cold-slither-band-of-vipers-tour-commemorative-action-figure-set","status":"publish","type":"product","link":"https:\/\/r2-toys.com\/index.php\/product\/g-i-joe-classified-series-163-dreadnoks-cold-slither-band-of-vipers-tour-commemorative-action-figure-set\/","title":{"rendered":"G.I. Joe Classified Series #163, Dreadnoks Cold Slither: Band of Vipers Tour Commemorative Action Figure Set"},"content":{"rendered":"<p class=\"p1\">Estas figuras de 17cm cuenta con m\u00e1s de 22 articulaciones.<\/p>\n<p class=\"p1\">Edad recomendada: 12 a\u00f1os en adelante<\/p>\n<p class=\"p1\"><span class=\"s1\">\u26a0\ufe0f<\/span>ADVERTENCIA: PELIGRO DE ASFIXIA \u2013 Piezas peque\u00f1as. No apto para ni\u00f1os menores de 12 a\u00f1os.<\/p>\n<p class=\"p1\">Los productos son producidos por Hasbro bajo licencia de GI-JOE.<\/p>\n<p class=\"p1\">GI-JOE y todos los t\u00e9rminos relacionados son marcas registradas de HASBRO.<\/p>\n","protected":false},"excerpt":{"rendered":"<p>Estas figuras de 17cm cuenta con m\u00e1s de 22 articulaciones. Edad recomendada: 12 a\u00f1os en adelante \u26a0\ufe0fADVERTENCIA: PELIGRO DE ASFIXIA<\/p>\n","protected":false},"featured_media":8460,"comment_status":"open","ping_status":"closed","template":"","meta":[],"product_brand":[],"product_cat":[21],"product_tag":[],"class_list":{"0":"post-8465","1":"product","2":"type-product","3":"status-publish","4":"has-post-thumbnail","6":"product_cat-retro","8":"first","9":"instock","10":"taxable","11":"shipping-taxable","12":"purchasable","13":"product-type-simple"},"_links":{"self":[{"href":"https:\/\/r2-toys.com\/index.php\/wp-json\/wp\/v2\/product\/8465","targetHints":{"allow":["GET"]}}],"collection":[{"href":"https:\/\/r2-toys.com\/index.php\/wp-json\/wp\/v2\/product"}],"about":[{"href":"https:\/\/r2-toys.com\/index.php\/wp-json\/wp\/v2\/types\/product"}],"replies":[{"embeddable":true,"href":"https:\/\/r2-toys.com\/index.php\/wp-json\/wp\/v2\/comments?post=8465"}],"wp:featuredmedia":[{"embeddable":true,"href":"https:\/\/r2-toys.com\/index.php\/wp-json\/wp\/v2\/media\/8460"}],"wp:attachment":[{"href":"https:\/\/r2-toys.com\/index.php\/wp-json\/wp\/v2\/media?parent=8465"}],"wp:term":[{"taxonomy":"product_brand","embeddable":true,"href":"https:\/\/r2-toys.com\/index.php\/wp-json\/wp\/v2\/product_brand?post=8465"},{"taxonomy":"product_cat","embeddable":true,"href":"https:\/\/r2-toys.com\/index.php\/wp-json\/wp\/v2\/product_cat?post=8465"},{"taxonomy":"product_tag","embeddable":true,"href":"https:\/\/r2-toys.com\/index.php\/wp-json\/wp\/v2\/product_tag?post=8465"}],"curies":[{"name":"wp","href":"https:\/\/api.w.org\/{rel}","templated":true}]}}