{"id":864,"date":"2022-03-31T07:08:32","date_gmt":"2022-03-31T01:08:32","guid":{"rendered":"https:\/\/r2-toys.com\/?post_type=product&#038;p=864"},"modified":"2022-09-26T06:41:13","modified_gmt":"2022-09-26T00:41:13","slug":"dagobah-yoda-124","status":"publish","type":"product","link":"https:\/\/r2-toys.com\/index.php\/product\/dagobah-yoda-124\/","title":{"rendered":"DAGOBAH YODA (124)"},"content":{"rendered":"<p>Este Gran Maestro Jedi ha vivido durante siglos, entrenando a j\u00f3venes padawans y liderando la Orden Jedi.<\/p>\n<p>Su pasado es un misterio y ha visto el ascenso y la ca\u00edda de la Rep\u00fablica Gal\u00e1ctica. Con el surgimiento del Imperio Gal\u00e1ctico, el Maestro Yoda ha pedido a Luke Skywalker que sea su \u00faltimo aprendiz y aprenda los caminos de los Jedi para salvar la galaxia. \u00a0Serie Star Wars Return of the Jedi.<\/p>\n<p>Figura de vinilo que mide 9.5 cm aproximadamente.<\/p>\n<div>\n<p>Edad recomendada: 4 a\u00f1os en adelante<\/p>\n<\/div>\n<div>\n<p>\u26a0\ufe0f ADVERTENCIA: PELIGRO DE ASFIXIA &#8211; Piezas peque\u00f1as. No apto para ni\u00f1os menores de 4 a\u00f1os.<\/p>\n<\/div>\n<div>\n<p>Los productos Star Wars son producidos por Funko bajo licencia de Lucasfilm Ltd.<\/p>\n<\/div>\n","protected":false},"excerpt":{"rendered":"<p>Este Gran Maestro Jedi ha vivido durante siglos, entrenando a j\u00f3venes padawans y liderando la Orden Jedi.<\/p>\n<p>Figura de vinilo que mide 9.5 cm aproximadamente.<\/p>\n","protected":false},"featured_media":3556,"comment_status":"open","ping_status":"closed","template":"","meta":[],"product_brand":[],"product_cat":[20],"product_tag":[],"class_list":{"0":"post-864","1":"product","2":"type-product","3":"status-publish","4":"has-post-thumbnail","6":"product_cat-funko1","8":"first","9":"instock","10":"taxable","11":"shipping-taxable","12":"purchasable","13":"product-type-simple"},"_links":{"self":[{"href":"https:\/\/r2-toys.com\/index.php\/wp-json\/wp\/v2\/product\/864","targetHints":{"allow":["GET"]}}],"collection":[{"href":"https:\/\/r2-toys.com\/index.php\/wp-json\/wp\/v2\/product"}],"about":[{"href":"https:\/\/r2-toys.com\/index.php\/wp-json\/wp\/v2\/types\/product"}],"replies":[{"embeddable":true,"href":"https:\/\/r2-toys.com\/index.php\/wp-json\/wp\/v2\/comments?post=864"}],"wp:featuredmedia":[{"embeddable":true,"href":"https:\/\/r2-toys.com\/index.php\/wp-json\/wp\/v2\/media\/3556"}],"wp:attachment":[{"href":"https:\/\/r2-toys.com\/index.php\/wp-json\/wp\/v2\/media?parent=864"}],"wp:term":[{"taxonomy":"product_brand","embeddable":true,"href":"https:\/\/r2-toys.com\/index.php\/wp-json\/wp\/v2\/product_brand?post=864"},{"taxonomy":"product_cat","embeddable":true,"href":"https:\/\/r2-toys.com\/index.php\/wp-json\/wp\/v2\/product_cat?post=864"},{"taxonomy":"product_tag","embeddable":true,"href":"https:\/\/r2-toys.com\/index.php\/wp-json\/wp\/v2\/product_tag?post=864"}],"curies":[{"name":"wp","href":"https:\/\/api.w.org\/{rel}","templated":true}]}}