{"id":873,"date":"2022-03-31T07:13:33","date_gmt":"2022-03-31T01:13:33","guid":{"rendered":"https:\/\/r2-toys.com\/?post_type=product&#038;p=873"},"modified":"2023-06-04T10:22:52","modified_gmt":"2023-06-04T04:22:52","slug":"darth-revan-396","status":"publish","type":"product","link":"https:\/\/r2-toys.com\/index.php\/product\/darth-revan-396\/","title":{"rendered":"DARTH REVAN (396)"},"content":{"rendered":"<div>\n<p>H\u00e9roe, traidor, conquistador, villano, salvador: Revan ha desempe\u00f1ado todos estos roles y m\u00e1s. De la famosa serie de videojuegos de rol Star Wars: Knights of the Old Republic.\u00a0\u00a0Figura de vinilo de 9.5 cm aproximadamente.\u00a0Exclusivo de Games Stop.<\/p>\n<p>Edad recomendada: 4 a\u00f1os en adelante<\/p>\n<\/div>\n<div>\n<p>\u26a0\ufe0f ADVERTENCIA: PELIGRO DE ASFIXIA &#8211; Piezas peque\u00f1as. No apto para ni\u00f1os menores de 4 a\u00f1os.<\/p>\n<\/div>\n<div>\n<p>Los productos Star Wars son producidos por Funko bajo licencia de Lucasfilm Ltd.<\/p>\n<\/div>\n","protected":false},"excerpt":{"rendered":"<p>H\u00e9roe, traidor, conquistador, villano, salvador: Revan ha desempe\u00f1ado todos estos roles y m\u00e1s. De la famosa serie de videojuegos de rol Star Wars: Knights of the Old Republic.\u00a0\u00a0Figura de vinilo de 9.5 cm aproximadamente.\u00a0Exclusivo de Games Stop.<\/p>\n","protected":false},"featured_media":3572,"comment_status":"open","ping_status":"closed","template":"","meta":[],"product_brand":[],"product_cat":[20],"product_tag":[],"class_list":{"0":"post-873","1":"product","2":"type-product","3":"status-publish","4":"has-post-thumbnail","6":"product_cat-funko1","8":"first","9":"outofstock","10":"taxable","11":"shipping-taxable","12":"purchasable","13":"product-type-simple"},"_links":{"self":[{"href":"https:\/\/r2-toys.com\/index.php\/wp-json\/wp\/v2\/product\/873","targetHints":{"allow":["GET"]}}],"collection":[{"href":"https:\/\/r2-toys.com\/index.php\/wp-json\/wp\/v2\/product"}],"about":[{"href":"https:\/\/r2-toys.com\/index.php\/wp-json\/wp\/v2\/types\/product"}],"replies":[{"embeddable":true,"href":"https:\/\/r2-toys.com\/index.php\/wp-json\/wp\/v2\/comments?post=873"}],"wp:featuredmedia":[{"embeddable":true,"href":"https:\/\/r2-toys.com\/index.php\/wp-json\/wp\/v2\/media\/3572"}],"wp:attachment":[{"href":"https:\/\/r2-toys.com\/index.php\/wp-json\/wp\/v2\/media?parent=873"}],"wp:term":[{"taxonomy":"product_brand","embeddable":true,"href":"https:\/\/r2-toys.com\/index.php\/wp-json\/wp\/v2\/product_brand?post=873"},{"taxonomy":"product_cat","embeddable":true,"href":"https:\/\/r2-toys.com\/index.php\/wp-json\/wp\/v2\/product_cat?post=873"},{"taxonomy":"product_tag","embeddable":true,"href":"https:\/\/r2-toys.com\/index.php\/wp-json\/wp\/v2\/product_tag?post=873"}],"curies":[{"name":"wp","href":"https:\/\/api.w.org\/{rel}","templated":true}]}}