{"id":916,"date":"2022-03-31T07:55:31","date_gmt":"2022-03-31T01:55:31","guid":{"rendered":"https:\/\/r2-toys.com\/?post_type=product&#038;p=916"},"modified":"2022-06-13T07:00:26","modified_gmt":"2022-06-13T01:00:26","slug":"first-jet-trooper-317","status":"publish","type":"product","link":"https:\/\/r2-toys.com\/index.php\/product\/first-jet-trooper-317\/","title":{"rendered":"FIRST JET TROOPER (317)"},"content":{"rendered":"<p>Funko POP! Figura de vinilo exclusiva de First Jet Trooper #317<\/p>\n<p>Medida: 9.5 cm aproximadamente<\/p>\n<p>Viene en caja de visualizaci\u00f3n de ventana<\/p>\n<p>Edad recomendada: 4 a\u00f1os en adelante<\/p>\n<p>\u26a0\ufe0f ADVERTENCIA: PELIGRO DE ASFIXIA &#8211; Piezas peque\u00f1as. No apto para ni\u00f1os menores de 4 a\u00f1os.<\/p>\n<p>Los productos Star Wars son producidos por Funko bajo licencia de Lucasfilm Ltd.<\/p>\n<p>&nbsp;<\/p>\n","protected":false},"excerpt":{"rendered":"<p>Funko POP! Figura de vinilo exclusiva de First Jet Trooper #317<\/p>\n<p>Medida: 9.5 cm aproximadamente<\/p>\n<p>Viene en caja de visualizaci\u00f3n de ventana<\/p>\n","protected":false},"featured_media":3616,"comment_status":"open","ping_status":"closed","template":"","meta":[],"product_brand":[],"product_cat":[20],"product_tag":[],"class_list":{"0":"post-916","1":"product","2":"type-product","3":"status-publish","4":"has-post-thumbnail","6":"product_cat-funko1","8":"first","9":"instock","10":"taxable","11":"shipping-taxable","12":"purchasable","13":"product-type-simple"},"_links":{"self":[{"href":"https:\/\/r2-toys.com\/index.php\/wp-json\/wp\/v2\/product\/916","targetHints":{"allow":["GET"]}}],"collection":[{"href":"https:\/\/r2-toys.com\/index.php\/wp-json\/wp\/v2\/product"}],"about":[{"href":"https:\/\/r2-toys.com\/index.php\/wp-json\/wp\/v2\/types\/product"}],"replies":[{"embeddable":true,"href":"https:\/\/r2-toys.com\/index.php\/wp-json\/wp\/v2\/comments?post=916"}],"wp:featuredmedia":[{"embeddable":true,"href":"https:\/\/r2-toys.com\/index.php\/wp-json\/wp\/v2\/media\/3616"}],"wp:attachment":[{"href":"https:\/\/r2-toys.com\/index.php\/wp-json\/wp\/v2\/media?parent=916"}],"wp:term":[{"taxonomy":"product_brand","embeddable":true,"href":"https:\/\/r2-toys.com\/index.php\/wp-json\/wp\/v2\/product_brand?post=916"},{"taxonomy":"product_cat","embeddable":true,"href":"https:\/\/r2-toys.com\/index.php\/wp-json\/wp\/v2\/product_cat?post=916"},{"taxonomy":"product_tag","embeddable":true,"href":"https:\/\/r2-toys.com\/index.php\/wp-json\/wp\/v2\/product_tag?post=916"}],"curies":[{"name":"wp","href":"https:\/\/api.w.org\/{rel}","templated":true}]}}