{"id":928,"date":"2022-03-31T08:05:35","date_gmt":"2022-03-31T02:05:35","guid":{"rendered":"https:\/\/r2-toys.com\/?post_type=product&#038;p=928"},"modified":"2022-06-13T06:59:44","modified_gmt":"2022-06-13T00:59:44","slug":"greef-karga-347","status":"publish","type":"product","link":"https:\/\/r2-toys.com\/index.php\/product\/greef-karga-347\/","title":{"rendered":"GREEF KARGA (347)"},"content":{"rendered":"<p>L\u00edder del Gremio de Cazarrecompensas tras la ca\u00edda del Imperio Gal\u00e1ctico. Se reuni\u00f3 con el cazarrecompensas conocido como el Mandaloriano y le ofreci\u00f3 un trabajo inusual del individuo conocido como el Cliente, asociado con un remanente Imperial.<\/p>\n<p>\u00a1Celebra el fandom m\u00e1s estelar con Pop! Figura de vinilo exclusiva de Greef Karga #347<\/p>\n<div>\n<p>Desde 1977 la saga de Star Wars ha sido un movimiento revolucionario de la cultura pop generaci\u00f3n tras generaci\u00f3n, reclutando fans y seguidores, creando para ellos diversas producciones del amplio universo. Gracias a FunkoPop podemos tener incre\u00edbles figuras de tus personajes favoritos con incre\u00edbles dise\u00f1os.<\/p>\n<\/div>\n<div>\n<p>Esta figura de vinilo mide aproximadamente 11 cent\u00edmetros.<\/p>\n<\/div>\n<div>\n<p>Edad recomendada: 4 a\u00f1os en adelante<\/p>\n<\/div>\n<div>\n<p>\u26a0\ufe0f ADVERTENCIA: PELIGRO DE ASFIXIA &#8211; Piezas peque\u00f1as. No apto para ni\u00f1os menores de 4 a\u00f1os.<\/p>\n<\/div>\n<div>\n<p>Los productos Star Wars son producidos por FUNKO bajo licencia de Lucasfilm Ltd. y Disney<\/p>\n<\/div>\n<div>\n<p>FUNKO y todos los t\u00e9rminos relacionados son marcas registradas Funko.<\/p>\n<\/div>\n","protected":false},"excerpt":{"rendered":"<p>L\u00edder del Gremio de Cazarrecompensas tras la ca\u00edda del Imperio Gal\u00e1ctico. Se reuni\u00f3 con el cazarrecompensas conocido como el Mandaloriano y le ofreci\u00f3 un trabajo inusual del individuo conocido como el Cliente, asociado con un remanente Imperial.<\/p>\n<p>&nbsp;<\/p>\n","protected":false},"featured_media":3631,"comment_status":"open","ping_status":"closed","template":"","meta":[],"product_brand":[],"product_cat":[20],"product_tag":[],"class_list":{"0":"post-928","1":"product","2":"type-product","3":"status-publish","4":"has-post-thumbnail","6":"product_cat-funko1","8":"first","9":"instock","10":"taxable","11":"shipping-taxable","12":"purchasable","13":"product-type-simple"},"_links":{"self":[{"href":"https:\/\/r2-toys.com\/index.php\/wp-json\/wp\/v2\/product\/928","targetHints":{"allow":["GET"]}}],"collection":[{"href":"https:\/\/r2-toys.com\/index.php\/wp-json\/wp\/v2\/product"}],"about":[{"href":"https:\/\/r2-toys.com\/index.php\/wp-json\/wp\/v2\/types\/product"}],"replies":[{"embeddable":true,"href":"https:\/\/r2-toys.com\/index.php\/wp-json\/wp\/v2\/comments?post=928"}],"wp:featuredmedia":[{"embeddable":true,"href":"https:\/\/r2-toys.com\/index.php\/wp-json\/wp\/v2\/media\/3631"}],"wp:attachment":[{"href":"https:\/\/r2-toys.com\/index.php\/wp-json\/wp\/v2\/media?parent=928"}],"wp:term":[{"taxonomy":"product_brand","embeddable":true,"href":"https:\/\/r2-toys.com\/index.php\/wp-json\/wp\/v2\/product_brand?post=928"},{"taxonomy":"product_cat","embeddable":true,"href":"https:\/\/r2-toys.com\/index.php\/wp-json\/wp\/v2\/product_cat?post=928"},{"taxonomy":"product_tag","embeddable":true,"href":"https:\/\/r2-toys.com\/index.php\/wp-json\/wp\/v2\/product_tag?post=928"}],"curies":[{"name":"wp","href":"https:\/\/api.w.org\/{rel}","templated":true}]}}