{"id":933,"date":"2022-03-31T08:11:44","date_gmt":"2022-03-31T02:11:44","guid":{"rendered":"https:\/\/r2-toys.com\/?post_type=product&#038;p=933"},"modified":"2023-09-11T11:25:27","modified_gmt":"2023-09-11T05:25:27","slug":"han-solo-carbonite-364","status":"publish","type":"product","link":"https:\/\/r2-toys.com\/index.php\/product\/han-solo-carbonite-364\/","title":{"rendered":"HAN SOLO (CARBONITE) (364)"},"content":{"rendered":"<p>Darth Vader orden\u00f3 la modificaci\u00f3n de una c\u00e1mara de congelaci\u00f3n en la Ciudad de las Nubes en Bespin para poder congelar a Luke Skywalker y llevarlo al Emperador sin que pudiera escapar. El proceso se prob\u00f3 en Han Solo, que sobrevivi\u00f3 y fue liberado un a\u00f1o despu\u00e9s.<\/p>\n<p>Altura aproximada de 11 cm<\/p>\n<p>Empaque con ventana para su exhibici\u00f3n<span class=\"Apple-converted-space\">\u00a0<\/span><\/p>\n<p>Fabricados en Vinyl<\/p>\n<p>Edad recomendada: 4 a\u00f1os en adelante<\/p>\n<p>\u26a0\ufe0fADVERTENCIA: PELIGRO DE ASFIXIA &#8211; Piezas peque\u00f1as. No apto para ni\u00f1os menores de 4 a\u00f1os.<\/p>\n<p>Los productos Star Wars son producidos por FUNKO bajo licencia de Lucasfilm Ltd. y Disney<\/p>\n<p>FUNKO y todos los t\u00e9rminos relacionados son marcas registradas de Funko.<\/p>\n<p>&nbsp;<\/p>\n","protected":false},"excerpt":{"rendered":"<p>Darth Vader orden\u00f3 la modificaci\u00f3n de una c\u00e1mara de congelaci\u00f3n en la Ciudad de las Nubes en Bespin para poder congelar a Luke Skywalker y llevarlo al Emperador sin que pudiera escapar. El proceso se prob\u00f3 en Han Solo, que sobrevivi\u00f3 y fue liberado un a\u00f1o despu\u00e9s.<\/p>\n","protected":false},"featured_media":3758,"comment_status":"open","ping_status":"closed","template":"","meta":[],"product_brand":[],"product_cat":[20],"product_tag":[],"class_list":{"0":"post-933","1":"product","2":"type-product","3":"status-publish","4":"has-post-thumbnail","6":"product_cat-funko1","8":"first","9":"outofstock","10":"taxable","11":"shipping-taxable","12":"purchasable","13":"product-type-simple"},"_links":{"self":[{"href":"https:\/\/r2-toys.com\/index.php\/wp-json\/wp\/v2\/product\/933","targetHints":{"allow":["GET"]}}],"collection":[{"href":"https:\/\/r2-toys.com\/index.php\/wp-json\/wp\/v2\/product"}],"about":[{"href":"https:\/\/r2-toys.com\/index.php\/wp-json\/wp\/v2\/types\/product"}],"replies":[{"embeddable":true,"href":"https:\/\/r2-toys.com\/index.php\/wp-json\/wp\/v2\/comments?post=933"}],"wp:featuredmedia":[{"embeddable":true,"href":"https:\/\/r2-toys.com\/index.php\/wp-json\/wp\/v2\/media\/3758"}],"wp:attachment":[{"href":"https:\/\/r2-toys.com\/index.php\/wp-json\/wp\/v2\/media?parent=933"}],"wp:term":[{"taxonomy":"product_brand","embeddable":true,"href":"https:\/\/r2-toys.com\/index.php\/wp-json\/wp\/v2\/product_brand?post=933"},{"taxonomy":"product_cat","embeddable":true,"href":"https:\/\/r2-toys.com\/index.php\/wp-json\/wp\/v2\/product_cat?post=933"},{"taxonomy":"product_tag","embeddable":true,"href":"https:\/\/r2-toys.com\/index.php\/wp-json\/wp\/v2\/product_tag?post=933"}],"curies":[{"name":"wp","href":"https:\/\/api.w.org\/{rel}","templated":true}]}}