{"id":941,"date":"2022-03-31T03:34:51","date_gmt":"2022-03-30T21:34:51","guid":{"rendered":"https:\/\/r2-toys.com\/?post_type=product&#038;p=941"},"modified":"2025-12-13T06:52:42","modified_gmt":"2025-12-13T00:52:42","slug":"he-man-991","status":"publish","type":"product","link":"https:\/\/r2-toys.com\/index.php\/product\/he-man-991\/","title":{"rendered":"HE-MAN (991)"},"content":{"rendered":"<p>El pr\u00edncipe Adam se ha transformado en su alter ego, He-Man, para defender a Eternia del mal. \u00a1Colecciona Pop! He-Man para defender tu colecci\u00f3n Masters of the Universe.<\/p>\n<p>Medida: 9.5 cm aproximadamente<\/p>\n<p>Viene en caja de visualizaci\u00f3n de ventana<\/p>\n<p>Edad recomendada: 4 a\u00f1os en adelante<\/p>\n<p>\u26a0\ufe0f ADVERTENCIA: PELIGRO DE ASFIXIA &#8211; Piezas peque\u00f1as. No apto para ni\u00f1os menores de 4 a\u00f1os.<\/p>\n<p>Los productos Star Wars son producidos por Funko bajo licencia de Lucasfilm Ltd.<\/p>\n<p>&nbsp;<\/p>\n","protected":false},"excerpt":{"rendered":"<p>El pr\u00edncipe Adam se ha transformado en su alter ego, He-Man, para defender a Eternia del mal. \u00a1Colecciona Pop! He-Man para defender tu colecci\u00f3n Masters of the Universe.<\/p>\n","protected":false},"featured_media":3215,"comment_status":"open","ping_status":"closed","template":"","meta":[],"product_brand":[],"product_cat":[20,21],"product_tag":[],"class_list":{"0":"post-941","1":"product","2":"type-product","3":"status-publish","4":"has-post-thumbnail","6":"product_cat-funko1","7":"product_cat-retro","9":"first","10":"instock","11":"taxable","12":"shipping-taxable","13":"purchasable","14":"product-type-simple"},"_links":{"self":[{"href":"https:\/\/r2-toys.com\/index.php\/wp-json\/wp\/v2\/product\/941","targetHints":{"allow":["GET"]}}],"collection":[{"href":"https:\/\/r2-toys.com\/index.php\/wp-json\/wp\/v2\/product"}],"about":[{"href":"https:\/\/r2-toys.com\/index.php\/wp-json\/wp\/v2\/types\/product"}],"replies":[{"embeddable":true,"href":"https:\/\/r2-toys.com\/index.php\/wp-json\/wp\/v2\/comments?post=941"}],"wp:featuredmedia":[{"embeddable":true,"href":"https:\/\/r2-toys.com\/index.php\/wp-json\/wp\/v2\/media\/3215"}],"wp:attachment":[{"href":"https:\/\/r2-toys.com\/index.php\/wp-json\/wp\/v2\/media?parent=941"}],"wp:term":[{"taxonomy":"product_brand","embeddable":true,"href":"https:\/\/r2-toys.com\/index.php\/wp-json\/wp\/v2\/product_brand?post=941"},{"taxonomy":"product_cat","embeddable":true,"href":"https:\/\/r2-toys.com\/index.php\/wp-json\/wp\/v2\/product_cat?post=941"},{"taxonomy":"product_tag","embeddable":true,"href":"https:\/\/r2-toys.com\/index.php\/wp-json\/wp\/v2\/product_tag?post=941"}],"curies":[{"name":"wp","href":"https:\/\/api.w.org\/{rel}","templated":true}]}}