{"id":945,"date":"2022-03-31T08:19:25","date_gmt":"2022-03-31T02:19:25","guid":{"rendered":"https:\/\/r2-toys.com\/?post_type=product&#038;p=945"},"modified":"2022-06-13T06:51:50","modified_gmt":"2022-06-13T00:51:50","slug":"ig-ii-playera","status":"publish","type":"product","link":"https:\/\/r2-toys.com\/index.php\/product\/ig-ii-playera\/","title":{"rendered":"IG II PLAYERA"},"content":{"rendered":"<p>\u00a1De Star Wars: The Mandalorian llega IG-11 en una camiseta y POP! figura combinada de Funko! \u00a1El IG-11 POP! La camiseta presenta un gr\u00e1fico IG-11 impreso en la parte delantera. \u00a1Perfecto para cualquier fan mandaloriano!<\/p>\n<p>Medida: 9.5 cm aproximadamente<\/p>\n<p>Edad recomendada: 4 a\u00f1os en adelante<\/p>\n<p>\u26a0\ufe0f ADVERTENCIA: PELIGRO DE ASFIXIA &#8211; Piezas peque\u00f1as. No apto para ni\u00f1os menores de 4 a\u00f1os.<\/p>\n<p>Los productos Star Wars son producidos por Funko bajo licencia de Lucasfilm Ltd.<\/p>\n<p>&nbsp;<\/p>\n","protected":false},"excerpt":{"rendered":"<p>\u00a1De Star Wars: The Mandalorian llega IG-11 en una camiseta y POP! figura combinada de Funko! \u00a1El IG-11 POP! La camiseta presenta un gr\u00e1fico IG-11 impreso en la parte delantera. \u00a1Perfecto para cualquier fan mandaloriano!<\/p>\n","protected":false},"featured_media":3674,"comment_status":"open","ping_status":"closed","template":"","meta":[],"product_brand":[],"product_cat":[20],"product_tag":[],"class_list":{"0":"post-945","1":"product","2":"type-product","3":"status-publish","4":"has-post-thumbnail","6":"product_cat-funko1","8":"first","9":"instock","10":"taxable","11":"shipping-taxable","12":"purchasable","13":"product-type-simple"},"_links":{"self":[{"href":"https:\/\/r2-toys.com\/index.php\/wp-json\/wp\/v2\/product\/945","targetHints":{"allow":["GET"]}}],"collection":[{"href":"https:\/\/r2-toys.com\/index.php\/wp-json\/wp\/v2\/product"}],"about":[{"href":"https:\/\/r2-toys.com\/index.php\/wp-json\/wp\/v2\/types\/product"}],"replies":[{"embeddable":true,"href":"https:\/\/r2-toys.com\/index.php\/wp-json\/wp\/v2\/comments?post=945"}],"wp:featuredmedia":[{"embeddable":true,"href":"https:\/\/r2-toys.com\/index.php\/wp-json\/wp\/v2\/media\/3674"}],"wp:attachment":[{"href":"https:\/\/r2-toys.com\/index.php\/wp-json\/wp\/v2\/media?parent=945"}],"wp:term":[{"taxonomy":"product_brand","embeddable":true,"href":"https:\/\/r2-toys.com\/index.php\/wp-json\/wp\/v2\/product_brand?post=945"},{"taxonomy":"product_cat","embeddable":true,"href":"https:\/\/r2-toys.com\/index.php\/wp-json\/wp\/v2\/product_cat?post=945"},{"taxonomy":"product_tag","embeddable":true,"href":"https:\/\/r2-toys.com\/index.php\/wp-json\/wp\/v2\/product_tag?post=945"}],"curies":[{"name":"wp","href":"https:\/\/api.w.org\/{rel}","templated":true}]}}