{"id":961,"date":"2022-03-24T04:23:21","date_gmt":"2022-03-23T22:23:21","guid":{"rendered":"https:\/\/r2-toys.com\/?post_type=product&#038;p=961"},"modified":"2026-01-24T07:47:28","modified_gmt":"2026-01-24T01:47:28","slug":"asajj-ventress-the-clone-wars","status":"publish","type":"product","link":"https:\/\/r2-toys.com\/index.php\/product\/asajj-ventress-the-clone-wars\/","title":{"rendered":"ASAJJ VENTRESS (THE CLONE WARS)"},"content":{"rendered":"<p>La figura de 15\u00a0cm de Black Series est\u00e1 dise\u00f1ada al detalle para parecerse al personaje Asajj Ventress de Star Wars: Las Guerras Clones. Una asesina entrenada al estilo del lado oscuro por el Conde Dooku, Asajj Ventress anhelaba ser considerada una verdadera Sith, pero ese estado no estaba permitido bajo la Regla de Dos de la filosof\u00eda Sith. Presenta detalles premium y m\u00faltiples puntos de articulaci\u00f3n.<\/p>\n<p>Edad recomendada: 4 a\u00f1os en adelante<\/p>\n<div>\n<p>\u26a0\ufe0f ADVERTENCIA: PELIGRO DE ASFIXIA &#8211; Piezas peque\u00f1as. No apto para ni\u00f1os menores de 4 a\u00f1os.<\/p>\n<\/div>\n<div>\n<p>Los productos Star Wars son producidos por Hasbro bajo licencia de Lucasfilm Ltd.<\/p>\n<\/div>\n<div>\n<p>Hasbro y todos los t\u00e9rminos relacionados son marcas registradas de Hasbro.<\/p>\n<\/div>\n","protected":false},"excerpt":{"rendered":"<p>Una asesina entrenada al estilo del lado oscuro por el Conde Dooku, Asajj Ventress anhelaba ser considerada una verdadera Sith, pero ese estado no estaba permitido bajo la Regla de Dos de la filosof\u00eda Sith.<\/p>\n","protected":false},"featured_media":2404,"comment_status":"open","ping_status":"closed","template":"","meta":[],"product_brand":[],"product_cat":[28],"product_tag":[],"class_list":{"0":"post-961","1":"product","2":"type-product","3":"status-publish","4":"has-post-thumbnail","6":"product_cat-black-series","8":"first","9":"instock","10":"taxable","11":"shipping-taxable","12":"purchasable","13":"product-type-simple"},"_links":{"self":[{"href":"https:\/\/r2-toys.com\/index.php\/wp-json\/wp\/v2\/product\/961","targetHints":{"allow":["GET"]}}],"collection":[{"href":"https:\/\/r2-toys.com\/index.php\/wp-json\/wp\/v2\/product"}],"about":[{"href":"https:\/\/r2-toys.com\/index.php\/wp-json\/wp\/v2\/types\/product"}],"replies":[{"embeddable":true,"href":"https:\/\/r2-toys.com\/index.php\/wp-json\/wp\/v2\/comments?post=961"}],"wp:featuredmedia":[{"embeddable":true,"href":"https:\/\/r2-toys.com\/index.php\/wp-json\/wp\/v2\/media\/2404"}],"wp:attachment":[{"href":"https:\/\/r2-toys.com\/index.php\/wp-json\/wp\/v2\/media?parent=961"}],"wp:term":[{"taxonomy":"product_brand","embeddable":true,"href":"https:\/\/r2-toys.com\/index.php\/wp-json\/wp\/v2\/product_brand?post=961"},{"taxonomy":"product_cat","embeddable":true,"href":"https:\/\/r2-toys.com\/index.php\/wp-json\/wp\/v2\/product_cat?post=961"},{"taxonomy":"product_tag","embeddable":true,"href":"https:\/\/r2-toys.com\/index.php\/wp-json\/wp\/v2\/product_tag?post=961"}],"curies":[{"name":"wp","href":"https:\/\/api.w.org\/{rel}","templated":true}]}}